{"id":4038,"date":"2020-02-27T12:48:41","date_gmt":"2020-02-27T12:48:41","guid":{"rendered":"http:\/\/ceca.mini.icom.museum\/?page_id=4038"},"modified":"2025-11-06T14:58:20","modified_gmt":"2025-11-06T14:58:20","slug":"bureau","status":"publish","type":"page","link":"https:\/\/ceca.mini.icom.museum\/fr\/qui-sommes-nous\/bureau\/","title":{"rendered":"Membres du bureau"},"content":{"rendered":"<h2 style=\"text-align: center\">Bureau 2025-2028<\/h2>\n<p style=\"text-align: center\"><img decoding=\"async\" loading=\"lazy\" class=\"aligncenter wp-image-13822\" src=\"https:\/\/ceca.mini.icom.museum\/wp-content\/uploads\/sites\/5\/2025\/10\/collage-board-25.28-HD-9-700pxR-300x114.jpg\" alt=\"\" width=\"600\" height=\"228\" srcset=\"https:\/\/ceca.mini.icom.museum\/wp-content\/uploads\/sites\/5\/2025\/10\/collage-board-25.28-HD-9-700pxR-300x114.jpg 300w, https:\/\/ceca.mini.icom.museum\/wp-content\/uploads\/sites\/5\/2025\/10\/collage-board-25.28-HD-9-700pxR.jpg 705w\" sizes=\"(max-width: 600px) 100vw, 600px\" \/><\/p>\n<p><strong>Le r\u00e9sultat des \u00e9lections du Bureau 2025-2028 a \u00e9t\u00e9 proclam\u00e9 lors de l&#8217;Assembl\u00e9e G\u00e9n\u00e9rale du 18 octobre 2025, tenue en visioconf\u00e9rence Zoom.<\/strong><\/p>\n<p><strong>Pr\u00e9sidente:<\/strong> Wencke Maderbacher, Denmark &#8211; <a href=\"https:\/\/ceca.mini.icom.museum\/wp-content\/uploads\/sites\/5\/2025\/06\/Candidature-Presidence-2025-Wencke-MADERBACHER.pdf\" target=\"_blank\" rel=\"noopener\">Pr\u00e9sentation<\/a><\/p>\n<ul>\n<li>Adriana Mortara ALMEIDA \u2013 Br\u00e9sil \u2013 <a href=\"https:\/\/ceca.mini.icom.museum\/wp-content\/uploads\/sites\/5\/2025\/06\/candidature-membre-ordinaire-2025-Adriana-Mortara-ALMEIDA.pdf\" target=\"_blank\" rel=\"noopener\">Pr\u00e9sentation<\/a><\/li>\n<li>Cora COHEN-AZRIA \u2013 France \u2013 <a href=\"https:\/\/ceca.mini.icom.museum\/wp-content\/uploads\/sites\/5\/2025\/06\/Candidature-2025-Cora-Cohen-Azira.pdf\" target=\"_blank\" rel=\"noopener\">Pr\u00e9sentation<\/a><\/li>\n<li>M\u00e9lanie DEVEAULT \u2013 Canada \u2013 <a href=\"https:\/\/ceca.mini.icom.museum\/wp-content\/uploads\/sites\/5\/2025\/06\/candidature-membre-ordinaire-2025-Melanie-DEVEAULT.pdf\" target=\"_blank\" rel=\"noopener\">Pr\u00e9sentation<\/a><\/li>\n<li>Thijs GERBRANDY \u2013 Pays-Bas \u2013 <a href=\"https:\/\/ceca.mini.icom.museum\/wp-content\/uploads\/sites\/5\/2025\/07\/Candidature-2025-Thijs-GERBRANDY.pdf\" target=\"_blank\" rel=\"noopener\">Pr\u00e9sentation<\/a><\/li>\n<li>Guido GERRICHHAUZEN \u2013 Pays-Bas \u2013 <a href=\"https:\/\/ceca.mini.icom.museum\/wp-content\/uploads\/sites\/5\/2025\/06\/candidature-membre-ordinaire-2025-Guido-GERRICHHAUZEN.pdf\" target=\"_blank\" rel=\"noopener\">Pr\u00e9sentation<\/a><\/li>\n<li>Tejshvi Sajju JAIN \u2013 Inde \u2013 <a href=\"https:\/\/ceca.mini.icom.museum\/wp-content\/uploads\/sites\/5\/2025\/06\/candidature-membre-ordinaire-2025-Tejshvi-Sajju-JAIN.pdf\" target=\"_blank\" rel=\"noopener\">Pr\u00e9sentation<\/a><\/li>\n<li>Talato Philippe KABORE \u2013 Burkina Faso \u2013 <a href=\"https:\/\/ceca.mini.icom.museum\/wp-content\/uploads\/sites\/5\/2025\/06\/candidature-membre-ordinaire-2025-Talato-Philippe-KABORE.pdf\" target=\"_blank\" rel=\"noopener\">Pr\u00e9sentation<\/a><\/li>\n<li>Nofa LESTARI \u2013 Indon\u00e9sie \u2013 <a href=\"https:\/\/ceca.mini.icom.museum\/wp-content\/uploads\/sites\/5\/2025\/06\/candidature-membre-ordinaire-2025-Nofa-LESTARI.pdf\" target=\"_blank\" rel=\"noopener\">Pr\u00e9sentation<\/a><\/li>\n<li>Sylvie SAVARE \u2013 France \u2013\u00a0 <a href=\"https:\/\/ceca.mini.icom.museum\/wp-content\/uploads\/sites\/5\/2025\/06\/Candidature-2025-Sylvie-SAVARE-v3.pdf\" target=\"_blank\" rel=\"noopener\">Pr\u00e9sentation<\/a><\/li>\n<li>Katy TARI \u2013 Canada \u2013 <a href=\"https:\/\/ceca.mini.icom.museum\/wp-content\/uploads\/sites\/5\/2025\/06\/candidature-membre-ordinaire-2025-Katy-TARI.pdf\" target=\"_blank\" rel=\"noopener\">Pr\u00e9sentation<\/a><\/li>\n<li>Jelena T\u0160EKULAJEVA \u2013 Estonie \u2013 <a href=\"https:\/\/ceca.mini.icom.museum\/wp-content\/uploads\/sites\/5\/2025\/07\/candidature-membre-ordinaire-2025-Jelena-TSEKULAJEVA.pdf\" target=\"_blank\" rel=\"noopener\">Pr\u00e9sentation<\/a><\/li>\n<li>Amalia TSITOURI \u2013 Grece \u2013 <a href=\"https:\/\/ceca.mini.icom.museum\/wp-content\/uploads\/sites\/5\/2025\/06\/Candidature-membre-ordinaire-2025-Amalia-TSITOURI.pdf\" target=\"_blank\" rel=\"noopener\">Pr\u00e9sentation<\/a><\/li>\n<li>Tuuli Marjaana UUSIKUKKA \u2013 Finlande \u2013 <a href=\"https:\/\/ceca.mini.icom.museum\/wp-content\/uploads\/sites\/5\/2025\/06\/candidature-membre-ordinaire-2025-Tuuli-Marjaana-UUSIKUKKA.pdf\" target=\"_blank\" rel=\"noopener\">Pr\u00e9sentation<\/a><\/li>\n<li>Eunmi YI \u2013 R\u00e9publique de Cor\u00e9e \u2013 <a href=\"https:\/\/ceca.mini.icom.museum\/wp-content\/uploads\/sites\/5\/2025\/06\/candidature-membre-ordinaire-2025-Eunmi-YI.pdf\" target=\"_blank\" rel=\"noopener\">Pr\u00e9sentation<\/a><\/li>\n<\/ul>\n<p>Ce nouveau Bureau prendra ses fonctions effectives lors de la conf\u00e9rence de Duba<span class=\"--l container-source\">\u00ef<\/span>.<\/p>\n<p>Le Bureau sortant g\u00e8rera les affaires courantes <span class=\"--r container-source\">jusqu&#8217;\u00e0 la prise de fonction du Bureau nouvellement \u00e9lu.<\/span><\/p>\n<p>&nbsp;<\/p>\n<hr \/>\n<p><strong>Le Bureau 2022-2025 a \u00e9t\u00e9 proclam\u00e9 durant les rencontres CECA lors de la conf\u00e9rence g\u00e9n\u00e9rale de Prague 2022.<\/strong><\/p>\n<p><strong>Pr\u00e9sidente<\/strong> : Marie-Clarte O\u2019Neille, France.<\/p>\n<ul>\n<li>Anne-Marie \u00c9mond, Secr\u00e9taire et Tr\u00e9sori\u00e8re, Canada.<\/li>\n<li>Nelly Abboud, Liban.<\/li>\n<li>Asmah Alias, Singapour.<\/li>\n<li>Marie-Fran\u00e7oise Delval, France.<\/li>\n<li>Rosa Mar\u00eda Herv\u00e1s Avil\u00e9s, Espagne.<\/li>\n<li>Margarita Laraign\u00e9e, Argentine.<\/li>\n<li>Silvana M. Lovay, Argentine.<\/li>\n<li>Wencke Maderbacher, Danemark.<\/li>\n<li>Angela Manders, Pays Bas.<\/li>\n<li>Jorge Albuja, Equateur.<\/li>\n<li>Marina Gross-Hoy, USA.<\/li>\n<li>Sylvie Savare, France. Coopt\u00e9e.<\/li>\n<li>Colette Dufresne-Tass\u00e9, Canada. Coopt\u00e9e.<\/li>\n<li>Nicole Gesh\u00e9 K\u00f6nig, Belgique. Coopt\u00e9e.<\/li>\n<\/ul>\n<p><img decoding=\"async\" loading=\"lazy\" class=\"aligncenter wp-image-13751\" src=\"https:\/\/ceca.mini.icom.museum\/wp-content\/uploads\/sites\/5\/2025\/10\/collage-board-2023-2025-700R-300x114.jpg\" alt=\"\" width=\"400\" height=\"152\" srcset=\"https:\/\/ceca.mini.icom.museum\/wp-content\/uploads\/sites\/5\/2025\/10\/collage-board-2023-2025-700R-300x114.jpg 300w, https:\/\/ceca.mini.icom.museum\/wp-content\/uploads\/sites\/5\/2025\/10\/collage-board-2023-2025-700R.jpg 700w\" sizes=\"(max-width: 400px) 100vw, 400px\" \/><\/p>\n<hr \/>\n<p>&nbsp;<\/p>\n<p><strong>Comit\u00e9 international pour l&#8217;Education et l&#8217;Action culturelle (CECA) : d<\/strong><strong>e 1966 \u00e0 2028<br \/>\n<\/strong>liste des bureaux, pr\u00e9sidents et secr\u00e9tariats &lt;<a href=\"https:\/\/ceca.mini.icom.museum\/wp-content\/uploads\/sites\/5\/2025\/10\/Boards-Bureaux-Juntas-CECA-1968-2028.pdf\" target=\"_blank\" rel=\"noopener\">ici<\/a>&gt;<\/p>\n<hr \/>\n<p>&nbsp;<\/p>\n<p>&nbsp;<\/p>\n<p>&nbsp;<\/p>\n<p>&nbsp;<\/p>\n","protected":false},"excerpt":{"rendered":"<p>Bureau 2025-2028 Le r\u00e9sultat des \u00e9lections du Bureau 2025-2028 a \u00e9t\u00e9 proclam\u00e9 lors de l&#8217;Assembl\u00e9e G\u00e9n\u00e9rale du 18 octobre 2025, tenue en visioconf\u00e9rence Zoom. Pr\u00e9sidente: Wencke Maderbacher, Denmark &#8211; Pr\u00e9sentation Adriana Mortara ALMEIDA \u2013 Br\u00e9sil \u2013 Pr\u00e9sentation Cora COHEN-AZRIA \u2013 France \u2013 Pr\u00e9sentation M\u00e9lanie DEVEAULT \u2013 Canada \u2013 Pr\u00e9sentation Thijs GERBRANDY \u2013 Pays-Bas \u2013 Pr\u00e9sentation [&hellip;]<\/p>\n","protected":false},"author":1,"featured_media":0,"parent":4149,"menu_order":2,"comment_status":"closed","ping_status":"closed","template":"","meta":{"footnotes":""},"yst_prominent_words":[587,1295,277,91,557,389,894,611,387,395,3728,3724,1797,1272],"acf":[],"_links":{"self":[{"href":"https:\/\/ceca.mini.icom.museum\/fr\/wp-json\/wp\/v2\/pages\/4038"}],"collection":[{"href":"https:\/\/ceca.mini.icom.museum\/fr\/wp-json\/wp\/v2\/pages"}],"about":[{"href":"https:\/\/ceca.mini.icom.museum\/fr\/wp-json\/wp\/v2\/types\/page"}],"author":[{"embeddable":true,"href":"https:\/\/ceca.mini.icom.museum\/fr\/wp-json\/wp\/v2\/users\/1"}],"replies":[{"embeddable":true,"href":"https:\/\/ceca.mini.icom.museum\/fr\/wp-json\/wp\/v2\/comments?post=4038"}],"version-history":[{"count":24,"href":"https:\/\/ceca.mini.icom.museum\/fr\/wp-json\/wp\/v2\/pages\/4038\/revisions"}],"predecessor-version":[{"id":13986,"href":"https:\/\/ceca.mini.icom.museum\/fr\/wp-json\/wp\/v2\/pages\/4038\/revisions\/13986"}],"up":[{"embeddable":true,"href":"https:\/\/ceca.mini.icom.museum\/fr\/wp-json\/wp\/v2\/pages\/4149"}],"wp:attachment":[{"href":"https:\/\/ceca.mini.icom.museum\/fr\/wp-json\/wp\/v2\/media?parent=4038"}],"wp:term":[{"taxonomy":"yst_prominent_words","embeddable":true,"href":"https:\/\/ceca.mini.icom.museum\/fr\/wp-json\/wp\/v2\/yst_prominent_words?post=4038"}],"curies":[{"name":"wp","href":"https:\/\/api.w.org\/{rel}","templated":true}]}}