{"id":4185,"date":"2020-03-11T15:48:03","date_gmt":"2020-03-11T15:48:03","guid":{"rendered":"http:\/\/ceca.mini.icom.museum\/?page_id=4185"},"modified":"2020-12-20T21:40:09","modified_gmt":"2020-12-20T21:40:09","slug":"comment-nous-rejoindre","status":"publish","type":"page","link":"https:\/\/ceca.mini.icom.museum\/fr\/nous-rejoindre\/comment-nous-rejoindre\/","title":{"rendered":"Comment nous rejoindre"},"content":{"rendered":"<h4><strong>Comment devenir membre du CECA ?<\/strong><\/h4>\n<ul>\n<li>Vous avez besoin, tout d\u2019abord, de devenir membre de l\u2019ICOM,<\/li>\n<li>Puis de demander \u00e0 devenir membre votant du CECA.<\/li>\n<\/ul>\n<h4><strong>Proc\u00e9dure pour devenir membre de l&#8217;ICOM<\/strong><\/h4>\n<p>Pour cela, il faut poser sa candidature au Comit\u00e9 National de son pays. Un formulaire d&#8217;inscription est g\u00e9n\u00e9ralement t\u00e9l\u00e9chargeable sur le site web de chaque comit\u00e9, ou envoy\u00e9 par son secr\u00e9tariat.<\/p>\n<p><strong>R\u00e9pertoire des Comit\u00e9s Nationaux\u00a0:<\/strong><br \/>\nFr &lt;<a href=\"https:\/\/icom.museum\/fr\/reseau\/repertoire-des-comites\/?type=220\" target=\"_blank\" rel=\"noopener\">https:\/\/icom.museum\/fr\/reseau\/repertoire-des-comites\/?type=220<\/a>&gt;\/<\/p>\n<p>Si un pays n&#8217;a pas de Comit\u00e9 national ICOM, il faut contacter directement le secr\u00e9tariat de l&#8217;ICOM :<br \/>\nFr &lt;<a href=\"https:\/\/icom.museum\/fr\/contactez-nous\/\" target=\"_blank\" rel=\"noopener\">https:\/\/icom.museum\/fr\/contactez-nous\/<\/a>&gt; \/<\/p>\n<p><img decoding=\"async\" loading=\"lazy\" class=\"alignright wp-image-2359 \" src=\"http:\/\/ceca.mini.icom.museum\/wp-content\/uploads\/sites\/5\/2019\/12\/Photo_delval_carte-icom-700-03-300x194.jpg\" alt=\"\" width=\"249\" height=\"161\" srcset=\"https:\/\/ceca.mini.icom.museum\/wp-content\/uploads\/sites\/5\/2019\/12\/Photo_delval_carte-icom-700-03-300x194.jpg 300w, https:\/\/ceca.mini.icom.museum\/wp-content\/uploads\/sites\/5\/2019\/12\/Photo_delval_carte-icom-700-03.jpg 700w\" sizes=\"(max-width: 249px) 100vw, 249px\" \/>Si le Comit\u00e9 National accepte et valide la candidature, le nouveau membre re\u00e7oit une carte ICOM, avec un num\u00e9ro d&#8217;identification.<br \/>\nLe membre doit aussi payer une cotisation tous les ans. Il re\u00e7oit alors une vignette avec l&#8217;indication de l&#8217;ann\u00e9e en cours, qu&#8217;il colle sur sa carte pour qu&#8217;elle soit valide.<\/p>\n<p><strong>Infos sur le site internet ICOM,\u00a0pour \u00eatre membre :<\/strong><br \/>\nFr &lt;<a href=\"https:\/\/icom.museum\/fr\/participez\/devenir-membre\/\" target=\"_blank\" rel=\"noopener\">https:\/\/icom.museum\/fr\/participez\/devenir-membre\/<\/a>&gt;<\/p>\n<h4><strong>Proc\u00e9dure pour \u00eatre membre d&#8217;un Comit\u00e9 International, comme le CECA<\/strong><\/h4>\n<p>En devenant membre de l\u2019ICOM, vous recevez un mail indiquant votre nom d&#8217;utilisateur, et un lien vous permettant de cr\u00e9er votre mot de passe.<\/p>\n<p>Nom d&#8217;utilisateur et mot de passe vous donnent acc\u00e8s \u00e0 votre compte personnel ICOM, et vous permettent de vous connecter \u00e0 IRIS, la base des membres de l&#8217;ICOM.<\/p>\n<p>Chaque membre peut ainsi acc\u00e9der \u00e0 sa fiche individuelle, la v\u00e9rifier, et mettre \u00e0 jour, \u00e0 minima, son email et son comit\u00e9 international.<\/p>\n<p>Certains membres peuvent modifier plusieurs autres donn\u00e9es.<\/p>\n<p>Certaines informations ne sont modifiables que par le Comit\u00e9 National et le Service des Membres de l&#8217;ICOM.<\/p>\n<p>Lorsque les informations inexactes ne sont pas modifiables, vous \u00eates invit\u00e9 \u00e0 contacter directement votre\u00a0 Comit\u00e9 National.<br \/>\nConsultez l&#8217;annuaire des Comit\u00e9s Nationaux :<br \/>\n<a href=\"https:\/\/icom.museum\/fr\/reseau\/repertoire-des-comites\/?type=220\" target=\"_blank\" rel=\"noopener\">https:\/\/icom.museum\/fr\/reseau\/repertoire-des-comites\/?type=220<\/a>.<\/p>\n<p>Il est recommand\u00e9 de faire cette v\u00e9rification une fois par an, apr\u00e8s avoir renouvel\u00e9 sa cotisation annuelle.<\/p>\n<p>En cas de probl\u00e8me avec votre comit\u00e9 national, contactez directement le Service des Membres de l&#8217;ICOM &lt;<a href=\"https:\/\/icom.museum\/fr\/contactez-nous\/\" target=\"_blank\" rel=\"noopener\">https:\/\/icom.museum\/fr\/contactez-nous\/<\/a>&gt;.<\/p>\n<h4><\/h4>\n<h4><strong>Comment acc\u00e9der \u00e0 sa fiche individuelle ?<br \/>\n<\/strong><\/h4>\n<p><strong>En premier, aller sur la base IRIS &lt;<a href=\"https:\/\/icom-museum.force.com\" target=\"_blank\" rel=\"noopener\">https:\/\/icom-museum.force.com<\/a>&gt;<\/strong><\/p>\n<ol>\n<li>Dans le formulaire d\u2019identification, tapez votre identifiant dans \u201cnom d\u2019utilisateur\u201d, puis votre <img decoding=\"async\" loading=\"lazy\" class=\"alignright wp-image-5969 size-medium\" src=\"http:\/\/ceca.mini.icom.museum\/wp-content\/uploads\/sites\/5\/2020\/12\/Login-IRIS-2-266x300.jpg\" alt=\"\" width=\"266\" height=\"300\" srcset=\"https:\/\/ceca.mini.icom.museum\/wp-content\/uploads\/sites\/5\/2020\/12\/Login-IRIS-2-266x300.jpg 266w, https:\/\/ceca.mini.icom.museum\/wp-content\/uploads\/sites\/5\/2020\/12\/Login-IRIS-2.jpg 401w\" sizes=\"(max-width: 266px) 100vw, 266px\" \/>mot de passe. Se connecter.<\/li>\n<li>Pour obtenir un nouveau mot de passe (ou si il est oubli\u00e9), cliquez sur \u201cMot de passe oubli\u00e9 ?\u201d. Vous recevrez par mail un lien de modification du mot de passe.<\/li>\n<li>Dans la page IRIS \u201cMes informations\u201d, cliquez sur \u201cModifier mes informations.<\/li>\n<li>Dans le formulaire, v\u00e9rifiez vos informations, mettez \u00e0 jour vos donn\u00e9es. Ne pas oublier d\u2019enregistrer les modifications.<\/li>\n<\/ol>\n<p><strong>En mettant \u00e0 jour votre fiche individuelle<\/strong> (changement de coordonn\u00e9es personnelles ou professionnelles)<\/p>\n<ul>\n<li>vous contribuez \u00e0 am\u00e9liorer et \u00e0 optimiser les syst\u00e8mes de communication et d&#8217;information de l&#8217;ICOM,<\/li>\n<li>vous permettez \u00e0 votre comit\u00e9 national et votre comit\u00e9 international de mieux vous informer sur leurs activit\u00e9s.<\/li>\n<\/ul>\n<h4><strong>Espace personnel \/ Espace membre<\/strong><\/h4>\n<p>Les identifiants donnent aussi acc\u00e8s \u00e0 un espace membre sur le site de l&#8217;ICOM qui permet d&#8217;avoir des informations plus sp\u00e9cifiques que le site public.<\/p>\n<p>&nbsp;<\/p>\n","protected":false},"excerpt":{"rendered":"<p>Comment devenir membre du CECA ? Vous avez besoin, tout d\u2019abord, de devenir membre de l\u2019ICOM, Puis de demander \u00e0 devenir membre votant du CECA. Proc\u00e9dure pour devenir membre de l&#8217;ICOM Pour cela, il faut poser sa candidature au Comit\u00e9 National de son pays. Un formulaire d&#8217;inscription est g\u00e9n\u00e9ralement t\u00e9l\u00e9chargeable sur le site web de [&hellip;]<\/p>\n","protected":false},"author":1,"featured_media":0,"parent":3849,"menu_order":2,"comment_status":"closed","ping_status":"closed","template":"","meta":{"footnotes":""},"yst_prominent_words":[3770,3769,3766,2884,1810,3776,3773,3765,3714,3771,3767,1451,3774,3775,1903,3772,3768,137,3960,932],"acf":[],"_links":{"self":[{"href":"https:\/\/ceca.mini.icom.museum\/fr\/wp-json\/wp\/v2\/pages\/4185"}],"collection":[{"href":"https:\/\/ceca.mini.icom.museum\/fr\/wp-json\/wp\/v2\/pages"}],"about":[{"href":"https:\/\/ceca.mini.icom.museum\/fr\/wp-json\/wp\/v2\/types\/page"}],"author":[{"embeddable":true,"href":"https:\/\/ceca.mini.icom.museum\/fr\/wp-json\/wp\/v2\/users\/1"}],"replies":[{"embeddable":true,"href":"https:\/\/ceca.mini.icom.museum\/fr\/wp-json\/wp\/v2\/comments?post=4185"}],"version-history":[{"count":8,"href":"https:\/\/ceca.mini.icom.museum\/fr\/wp-json\/wp\/v2\/pages\/4185\/revisions"}],"predecessor-version":[{"id":6158,"href":"https:\/\/ceca.mini.icom.museum\/fr\/wp-json\/wp\/v2\/pages\/4185\/revisions\/6158"}],"up":[{"embeddable":true,"href":"https:\/\/ceca.mini.icom.museum\/fr\/wp-json\/wp\/v2\/pages\/3849"}],"wp:attachment":[{"href":"https:\/\/ceca.mini.icom.museum\/fr\/wp-json\/wp\/v2\/media?parent=4185"}],"wp:term":[{"taxonomy":"yst_prominent_words","embeddable":true,"href":"https:\/\/ceca.mini.icom.museum\/fr\/wp-json\/wp\/v2\/yst_prominent_words?post=4185"}],"curies":[{"name":"wp","href":"https:\/\/api.w.org\/{rel}","templated":true}]}}