{"id":5774,"date":"2020-09-16T06:54:02","date_gmt":"2020-09-16T06:54:02","guid":{"rendered":"http:\/\/ceca.mini.icom.museum\/?page_id=5774"},"modified":"2025-11-27T14:00:28","modified_gmt":"2025-11-27T14:00:28","slug":"des-premices-a-nos-jours","status":"publish","type":"page","link":"https:\/\/ceca.mini.icom.museum\/fr\/historique-du-comite\/des-premices-a-nos-jours\/","title":{"rendered":"Des pr\u00e9mices \u00e0 nos jours"},"content":{"rendered":"<p><img decoding=\"async\" loading=\"lazy\" class=\"aligncenter wp-image-5874 size-full\" src=\"https:\/\/ceca.mini.icom.museum\/wp-content\/uploads\/sites\/5\/2020\/10\/bibliotheque-M-ceca-cadre-photo-500R-01.jpg\" alt=\"\" width=\"500\" height=\"234\" srcset=\"https:\/\/ceca.mini.icom.museum\/wp-content\/uploads\/sites\/5\/2020\/10\/bibliotheque-M-ceca-cadre-photo-500R-01.jpg 500w, https:\/\/ceca.mini.icom.museum\/wp-content\/uploads\/sites\/5\/2020\/10\/bibliotheque-M-ceca-cadre-photo-500R-01-300x140.jpg 300w\" sizes=\"(max-width: 500px) 100vw, 500px\" \/><\/p>\n<h4><strong>Cette page M\u00e9moire regroupe les moments forts de l&#8217;\u00e9volution du CECA :<br \/>\n<\/strong>Chronologie, activit\u00e9s, publications scientifiques, personnalit\u00e9s, \u00e0 travers des documents et des photos.<\/h4>\n<hr \/>\n<p><img decoding=\"async\" loading=\"lazy\" class=\"size-full wp-image-13878 alignright\" src=\"https:\/\/ceca.mini.icom.museum\/wp-content\/uploads\/sites\/5\/2025\/10\/icom1948-biptique.jpg\" alt=\"\" width=\"300\" height=\"250\" \/>D\u00e8s la premi\u00e8re conf\u00e9rence g\u00e9n\u00e9rale de l\u2019ICOM \u00e0 Paris en juillet 1948, une des cinq sections y \u00e9tait consacr\u00e9e \u00e0 l\u2019\u00e9ducation et aux mus\u00e9es d\u2019enfants ; leurs responsables eurent l\u2019occasion d\u2019y pr\u00e9senter, le premier jour de la conf\u00e9rence, leurs travaux en s\u00e9ance pl\u00e9ni\u00e8re.<\/p>\n<p>Une des plus anciennes photos de cette conf\u00e9rence conserv\u00e9es dans les archives de l\u2019ICOM montre les responsables de la section \u00e9ducation, qui m\u00e8nera par la suite \u00e0 la cr\u00e9ation du CECA.<br \/>\nAu centre Grace McCann Morley (avec le sac), vers la droite Margaret Brayton (en noir)<br \/>\net Ren\u00e9e Marcous\u00e9, derri\u00e8re celle-ci probablement Madeleine Mainstone.<br \/>\nSource : archives de l\u2019ICOM, Elisabeth Jani archiviste.<\/p>\n<hr \/>\n<h4><strong>De 1966 \u00e0 2028 : <\/strong><\/h4>\n<p>liste des membres des bureaux\u00a0 &lt;<strong><a href=\"https:\/\/ceca.mini.icom.museum\/wp-content\/uploads\/sites\/5\/2025\/10\/Boards-Bureaux-Juntas-CECA-1968-2028.pdf\" target=\"_blank\" rel=\"noopener\">ici<\/a><\/strong>&gt;<\/p>\n<hr \/>\n<h4><strong>Histoires de la m\u00e9diation mus\u00e9ale<\/strong><\/h4>\n<blockquote><p>&gt;&gt;&gt; <strong>2025<\/strong> \u2013 Publication \u201cHistoire de la m\u00e9diation mus\u00e9ale en France\u201d &lt;<strong><a href=\"https:\/\/ceca.mini.icom.museum\/wp-content\/uploads\/sites\/5\/2025\/10\/HMMF_fr_parpage.pdf\" target=\"_blank\" rel=\"noopener\">ici<\/a><\/strong>&gt; \/ Annexes (entretiens)<strong> &lt;<a href=\"https:\/\/ceca.mini.icom.museum\/wp-content\/uploads\/sites\/5\/2025\/10\/ENTRETIENS-Publication-20-oct.pdf\" target=\"_blank\" rel=\"noopener\">ici<\/a>&gt; \/ <\/strong>Graphiques<strong> &lt;<a href=\"https:\/\/ceca.mini.icom.museum\/wp-content\/uploads\/sites\/5\/2025\/11\/Graphiques.pdf\" target=\"_blank\" rel=\"noopener\">ici<\/a>&gt;<\/strong><br \/>\n&gt;&gt;&gt; <strong>2024<\/strong> \u2013 Publication \u201cHistoire de l\u2019\u00e9ducation mus\u00e9ale au Br\u00e9sil\u201d &lt;<strong><a href=\"https:\/\/ceca.mini.icom.museum\/wp-content\/uploads\/sites\/5\/2024\/11\/Livro-Frances-Final-2024._compressed-1.pdf\" target=\"_blank\" rel=\"noopener\">ici<\/a><\/strong>&gt;<br \/>\n&gt;&gt;&gt; <strong>2023<\/strong> \u2013 Publication \u201cHistoire de la m\u00e9diation mus\u00e9ale en Belgique\u201d &lt;<strong><a href=\"https:\/\/ceca.mini.icom.museum\/wp-content\/uploads\/sites\/5\/2023\/04\/HMMB_FR_version_digitale_addendum.pdf\" target=\"_blank\" rel=\"noopener\">ici<\/a><\/strong>&gt;<\/p><\/blockquote>\n<hr \/>\n<h4><strong>Publications CECA<\/strong><\/h4>\n<p>Archives et m\u00e9moire documentaire &lt;<strong><a href=\"https:\/\/ceca.mini.icom.museum\/wp-content\/uploads\/sites\/5\/2025\/11\/PUBLICATIONS-CECA-archives-and-memory-CECA-archives-et-memoire-CECA-archivos-y-memoria.pdf\" target=\"_blank\" rel=\"noopener\">ici<\/a><\/strong>&gt;<\/p>\n<hr \/>\n<h4><strong>Avis de d\u00e9c\u00e8s : <\/strong><\/h4>\n<p>Ils\/elles ont construit le CECA &lt;<strong><a href=\"https:\/\/ceca.mini.icom.museum\/wp-content\/uploads\/sites\/5\/2025\/10\/Obituary-notice-Avis-de-deces-Obituario.pdf\" target=\"_blank\" rel=\"noopener\">ici<\/a><\/strong>&gt;<\/p>\n<hr \/>\n<h4><strong>Albums photos des Conf\u00e9rences et Assembl\u00e9es G\u00e9n\u00e9rales de l&#8217;ICOM, et du CECA<\/strong><\/h4>\n<p><img decoding=\"async\" loading=\"lazy\" class=\"alignleft wp-image-11871\" src=\"https:\/\/ceca.mini.icom.museum\/wp-content\/uploads\/sites\/5\/2024\/06\/objectif-fond-site-web-decentre-300x290.jpg\" alt=\"\" width=\"100\" height=\"97\" srcset=\"https:\/\/ceca.mini.icom.museum\/wp-content\/uploads\/sites\/5\/2024\/06\/objectif-fond-site-web-decentre-300x290.jpg 300w, https:\/\/ceca.mini.icom.museum\/wp-content\/uploads\/sites\/5\/2024\/06\/objectif-fond-site-web-decentre.jpg 550w\" sizes=\"(max-width: 100px) 100vw, 100px\" \/><\/p>\n<blockquote><p><strong>Album CECA Prague 2022 : &lt;<a href=\"https:\/\/photos.app.goo.gl\/12RWKV24cPAitzxt8\" target=\"_blank\" rel=\"noopener\">ici<\/a>&gt;<br \/>\n<\/strong><strong>&gt;&gt;&gt; Album CECA Singapour 2023 : &lt;<a href=\"https:\/\/photos.app.goo.gl\/kVbdjBMz9H6BztFYA\" target=\"_blank\" rel=\"noopener\">ici<\/a>&gt;<br \/>\n<\/strong><strong>&gt;&gt;&gt; Album ICOM June meetings Marseille 2024 : &lt;<a href=\"https:\/\/photos.app.goo.gl\/yCFmFtQJQu8g3oC39\" target=\"_blank\" rel=\"noopener\">ici<\/a>&gt;<br \/>\n&gt;&gt;&gt;<\/strong> <strong>Album CECA Ath\u00e8nes 2024 :<\/strong> &#8220;Excursion au Mus\u00e9e de l&#8217;olive et d&#8217;huile d&#8217;olive grecque&#8221;<strong> &lt;<a href=\"https:\/\/photos.app.goo.gl\/9WUjHbd73xHvMMBa7\" target=\"_blank\" rel=\"noopener\">ici<\/a>&gt;<br \/>\n&gt;&gt;&gt; Album CECA Ath\u00e8nes 2024 : &lt;ici&gt;<br \/>\n<\/strong><strong>&gt;&gt;&gt; Album CECA\u00a0 Abidjan 2024 : &lt;<a href=\"https:\/\/photos.app.goo.gl\/Rv8gY2CiU89MmnCE7\" target=\"_blank\" rel=\"noopener\">ici<\/a>&gt;<br \/>\n&gt;&gt;&gt; Album CECA Duba\u00ef 2025 : &lt;<a href=\"https:\/\/photos.app.goo.gl\/rDrqUrhoDfuNZuhq7\" target=\"_blank\" rel=\"noopener\">ici<\/a>&gt;\u00a0\u00a0<\/strong><\/p><\/blockquote>\n<hr \/>\n<p>&nbsp;<\/p>\n<p>&nbsp;<\/p>\n<p>&nbsp;<\/p>\n<p>&nbsp;<\/p>\n<p>&nbsp;<\/p>\n<p>&nbsp;<\/p>\n<p>&nbsp;<\/p>\n","protected":false},"excerpt":{"rendered":"<p>Cette page M\u00e9moire regroupe les moments forts de l&#8217;\u00e9volution du CECA : Chronologie, activit\u00e9s, publications scientifiques, personnalit\u00e9s, \u00e0 travers des documents et des photos. D\u00e8s la premi\u00e8re conf\u00e9rence g\u00e9n\u00e9rale de l\u2019ICOM \u00e0 Paris en juillet 1948, une des cinq sections y \u00e9tait consacr\u00e9e \u00e0 l\u2019\u00e9ducation et aux mus\u00e9es d\u2019enfants ; leurs responsables eurent l\u2019occasion d\u2019y [&hellip;]<\/p>\n","protected":false},"author":1,"featured_media":0,"parent":5763,"menu_order":1,"comment_status":"closed","ping_status":"closed","template":"","meta":{"footnotes":""},"yst_prominent_words":[2575,103,91,487,278],"acf":[],"_links":{"self":[{"href":"https:\/\/ceca.mini.icom.museum\/fr\/wp-json\/wp\/v2\/pages\/5774"}],"collection":[{"href":"https:\/\/ceca.mini.icom.museum\/fr\/wp-json\/wp\/v2\/pages"}],"about":[{"href":"https:\/\/ceca.mini.icom.museum\/fr\/wp-json\/wp\/v2\/types\/page"}],"author":[{"embeddable":true,"href":"https:\/\/ceca.mini.icom.museum\/fr\/wp-json\/wp\/v2\/users\/1"}],"replies":[{"embeddable":true,"href":"https:\/\/ceca.mini.icom.museum\/fr\/wp-json\/wp\/v2\/comments?post=5774"}],"version-history":[{"count":40,"href":"https:\/\/ceca.mini.icom.museum\/fr\/wp-json\/wp\/v2\/pages\/5774\/revisions"}],"predecessor-version":[{"id":14029,"href":"https:\/\/ceca.mini.icom.museum\/fr\/wp-json\/wp\/v2\/pages\/5774\/revisions\/14029"}],"up":[{"embeddable":true,"href":"https:\/\/ceca.mini.icom.museum\/fr\/wp-json\/wp\/v2\/pages\/5763"}],"wp:attachment":[{"href":"https:\/\/ceca.mini.icom.museum\/fr\/wp-json\/wp\/v2\/media?parent=5774"}],"wp:term":[{"taxonomy":"yst_prominent_words","embeddable":true,"href":"https:\/\/ceca.mini.icom.museum\/fr\/wp-json\/wp\/v2\/yst_prominent_words?post=5774"}],"curies":[{"name":"wp","href":"https:\/\/api.w.org\/{rel}","templated":true}]}}