{"id":631,"date":"2018-12-18T15:19:54","date_gmt":"2018-12-18T15:19:54","guid":{"rendered":"http:\/\/ceca.icom.cust.oxymium.net\/affiliation\/devenir-membre\/"},"modified":"2020-03-02T15:05:13","modified_gmt":"2020-03-02T15:05:13","slug":"devenir-membre","status":"publish","type":"page","link":"https:\/\/ceca.mini.icom.museum\/fr\/nous-rejoindre\/devenir-membre\/","title":{"rendered":"Pourquoi nous rejoindre"},"content":{"rendered":"<div>\n<p><!--TYPO3SEARCH_begin--> <!-- CONTENT ELEMENT, uid:10393\/textpic [begin] --><img decoding=\"async\" loading=\"lazy\" class=\"aligncenter wp-image-2560 size-full\" src=\"http:\/\/ceca.mini.icom.museum\/wp-content\/uploads\/sites\/5\/2019\/12\/CECA-r\u00e9union-groupe-700R-010b-.jpg\" alt=\"\" width=\"700\" height=\"304\" srcset=\"https:\/\/ceca.mini.icom.museum\/wp-content\/uploads\/sites\/5\/2019\/12\/CECA-r\u00e9union-groupe-700R-010b-.jpg 700w, https:\/\/ceca.mini.icom.museum\/wp-content\/uploads\/sites\/5\/2019\/12\/CECA-r\u00e9union-groupe-700R-010b--300x130.jpg 300w\" sizes=\"(max-width: 700px) 100vw, 700px\" \/><\/p>\n<div>\n<p><!-- Image block: [begin] --><\/p>\n<div>\n<p><!-- Text: [begin] --><\/p>\n<p class=\"bodytext\"><strong>En devenant membre de l&#8217;ICOM-CECA<\/strong>, vous rejoindrez un r\u00e9seau mondial de plus de 1200 professionnels travaillant dans des mus\u00e9es, des universit\u00e9s et d&#8217;autres institutions li\u00e9es au monde des mus\u00e9es, soutenant ainsi la coop\u00e9ration et les \u00e9changes internationaux sur l&#8217;\u00e9ducation et l&#8217;action culturelle des mus\u00e9es.<\/p>\n<p>En plus d&#8217;\u00e9changer des informations sur des questions professionnelles importantes et de partager vos exp\u00e9riences avec d&#8217;autres personnes, de rencontrer des personnes int\u00e9ressantes dans votre propre domaine professionnel et souvent de vous faire des amis pour la vie, en tant que membre de l&#8217;ICOM-CECA, vous pouvez :<\/p>\n<ul>\n<li>assister \u00e0 la Conf\u00e9rence annuelle, accueillie chaque ann\u00e9e par des coll\u00e8gues dans une r\u00e9gion diff\u00e9rente du monde<\/li>\n<li>soumettre une proposition de contribution sous forme de pr\u00e9sentation ou d&#8217;affiche \u00e0 la conf\u00e9rence annuelle<\/li>\n<li>participer \u00e0 la r\u00e9union annuelle de l&#8217;assembl\u00e9e g\u00e9n\u00e9rale de la CECA (qui a lieu pendant la conf\u00e9rence annuelle)<\/li>\n<li>utiliser vos droits de vote et d&#8217;avoir un mot \u00e0 dire dans nos politiques<\/li>\n<li>faire une demande de subventions et de bourses offertes uniquement aux membres du CECA<\/li>\n<li>avoir acc\u00e8s \u00e0 des publications et \u00e0 des ressources \u00e9lectroniques, ainsi qu&#8217;\u00e0 des pratiques exemplaires inspirantes pour les coll\u00e8gues<\/li>\n<li>participer aux prix annuels Recherche et Bonnes Pratiques<\/li>\n<li>si\u00e9ger au Bureau du CECA<\/li>\n<\/ul>\n<\/div>\n<p><!-- END: Content of extension \"hpo_relatedlink\", plugin \"tx_hporelatedlink_pi1\" --><\/p>\n<\/div>\n<p><!-- CONTENT ELEMENT, uid:10393\/textpic [end] --> <!--TYPO3SEARCH_end--><\/p>\n<\/div>\n","protected":false},"excerpt":{"rendered":"<p>En devenant membre de l&#8217;ICOM-CECA, vous rejoindrez un r\u00e9seau mondial de plus de 1200 professionnels travaillant dans des mus\u00e9es, des universit\u00e9s et d&#8217;autres institutions li\u00e9es au monde des mus\u00e9es, soutenant ainsi la coop\u00e9ration et les \u00e9changes internationaux sur l&#8217;\u00e9ducation et l&#8217;action culturelle des mus\u00e9es. En plus d&#8217;\u00e9changer des informations sur des questions professionnelles importantes et [&hellip;]<\/p>\n","protected":false},"author":1,"featured_media":0,"parent":3849,"menu_order":1,"comment_status":"closed","ping_status":"closed","template":"","meta":{"footnotes":""},"yst_prominent_words":[1488,622,1448,1445,392,1734,1739,388,1470,1450,1447,111,487,286,617,1487,387,108,1449,1446,1444,1736,1337],"acf":[],"_links":{"self":[{"href":"https:\/\/ceca.mini.icom.museum\/fr\/wp-json\/wp\/v2\/pages\/631"}],"collection":[{"href":"https:\/\/ceca.mini.icom.museum\/fr\/wp-json\/wp\/v2\/pages"}],"about":[{"href":"https:\/\/ceca.mini.icom.museum\/fr\/wp-json\/wp\/v2\/types\/page"}],"author":[{"embeddable":true,"href":"https:\/\/ceca.mini.icom.museum\/fr\/wp-json\/wp\/v2\/users\/1"}],"replies":[{"embeddable":true,"href":"https:\/\/ceca.mini.icom.museum\/fr\/wp-json\/wp\/v2\/comments?post=631"}],"version-history":[{"count":5,"href":"https:\/\/ceca.mini.icom.museum\/fr\/wp-json\/wp\/v2\/pages\/631\/revisions"}],"predecessor-version":[{"id":2563,"href":"https:\/\/ceca.mini.icom.museum\/fr\/wp-json\/wp\/v2\/pages\/631\/revisions\/2563"}],"up":[{"embeddable":true,"href":"https:\/\/ceca.mini.icom.museum\/fr\/wp-json\/wp\/v2\/pages\/3849"}],"wp:attachment":[{"href":"https:\/\/ceca.mini.icom.museum\/fr\/wp-json\/wp\/v2\/media?parent=631"}],"wp:term":[{"taxonomy":"yst_prominent_words","embeddable":true,"href":"https:\/\/ceca.mini.icom.museum\/fr\/wp-json\/wp\/v2\/yst_prominent_words?post=631"}],"curies":[{"name":"wp","href":"https:\/\/api.w.org\/{rel}","templated":true}]}}