{"id":637,"date":"2018-12-18T15:20:02","date_gmt":"2018-12-18T15:20:02","guid":{"rendered":"http:\/\/ceca.icom.cust.oxymium.net\/conferences\/prochaine-conference\/"},"modified":"2025-12-15T18:52:11","modified_gmt":"2025-12-15T18:52:11","slug":"prochaine-conference","status":"publish","type":"page","link":"https:\/\/ceca.mini.icom.museum\/fr\/conferences\/prochaine-conference\/","title":{"rendered":"Conf\u00e9rence annuelle"},"content":{"rendered":"<p class=\"p1\"><strong>La prochaine conf\u00e9rence annuelle aura lieu \u00e0 Jakarta, en Indon\u00e9sie.<\/strong><\/p>\n<p class=\"p1\"><strong>Dates : du 10 au 14 novembre 2026<\/strong><\/p>\n<p class=\"p1\"><strong>Des informations seront communiqu\u00e9es prochainement concernant les th\u00e8mes, les sujets et les inscriptions.<\/strong><\/p>\n","protected":false},"excerpt":{"rendered":"<p>La prochaine conf\u00e9rence annuelle aura lieu \u00e0 Jakarta, en Indon\u00e9sie. Dates : du 10 au 14 novembre 2026 Des informations seront communiqu\u00e9es prochainement concernant les th\u00e8mes, les sujets et les inscriptions.<\/p>\n","protected":false},"author":1,"featured_media":0,"parent":136,"menu_order":1,"comment_status":"closed","ping_status":"closed","template":"","meta":{"footnotes":""},"yst_prominent_words":[711],"acf":[],"_links":{"self":[{"href":"https:\/\/ceca.mini.icom.museum\/fr\/wp-json\/wp\/v2\/pages\/637"}],"collection":[{"href":"https:\/\/ceca.mini.icom.museum\/fr\/wp-json\/wp\/v2\/pages"}],"about":[{"href":"https:\/\/ceca.mini.icom.museum\/fr\/wp-json\/wp\/v2\/types\/page"}],"author":[{"embeddable":true,"href":"https:\/\/ceca.mini.icom.museum\/fr\/wp-json\/wp\/v2\/users\/1"}],"replies":[{"embeddable":true,"href":"https:\/\/ceca.mini.icom.museum\/fr\/wp-json\/wp\/v2\/comments?post=637"}],"version-history":[{"count":149,"href":"https:\/\/ceca.mini.icom.museum\/fr\/wp-json\/wp\/v2\/pages\/637\/revisions"}],"predecessor-version":[{"id":14160,"href":"https:\/\/ceca.mini.icom.museum\/fr\/wp-json\/wp\/v2\/pages\/637\/revisions\/14160"}],"up":[{"embeddable":true,"href":"https:\/\/ceca.mini.icom.museum\/fr\/wp-json\/wp\/v2\/pages\/136"}],"wp:attachment":[{"href":"https:\/\/ceca.mini.icom.museum\/fr\/wp-json\/wp\/v2\/media?parent=637"}],"wp:term":[{"taxonomy":"yst_prominent_words","embeddable":true,"href":"https:\/\/ceca.mini.icom.museum\/fr\/wp-json\/wp\/v2\/yst_prominent_words?post=637"}],"curies":[{"name":"wp","href":"https:\/\/api.w.org\/{rel}","templated":true}]}}