{"id":667,"date":"2018-12-18T15:20:19","date_gmt":"2018-12-18T15:20:19","guid":{"rendered":"http:\/\/ceca.icom.cust.oxymium.net\/conferences\/conferences-passees\/"},"modified":"2025-01-16T16:43:40","modified_gmt":"2025-01-16T16:43:40","slug":"conferences-passees","status":"publish","type":"page","link":"https:\/\/ceca.mini.icom.museum\/fr\/conferences\/conferences-passees\/","title":{"rendered":"Conf\u00e9rences annuelles pass\u00e9es"},"content":{"rendered":"<div>\n<div>\n<p><!-- Image block: [begin] --><\/p>\n<div>\n<p><!-- Text: [begin] --><\/p>\n<h3>Conf\u00e9rences annuelles depuis 1968<\/h3>\n<p><img decoding=\"async\" loading=\"lazy\" class=\"alignnone wp-image-2317 size-full\" src=\"https:\/\/ceca.mini.icom.museum\/wp-content\/uploads\/sites\/5\/2019\/11\/conferences_montage_700R.jpg\" alt=\"\" width=\"700\" height=\"155\" srcset=\"https:\/\/ceca.mini.icom.museum\/wp-content\/uploads\/sites\/5\/2019\/11\/conferences_montage_700R.jpg 700w, https:\/\/ceca.mini.icom.museum\/wp-content\/uploads\/sites\/5\/2019\/11\/conferences_montage_700R-300x66.jpg 300w\" sizes=\"(max-width: 700px) 100vw, 700px\" \/><\/p>\n<p>( les ann\u00e9es correspondant aussi aux conferences generals de l\u2019ICOM sont indiqu\u00e9es en gras)<\/p>\n<ul>\n<li>2024 : Conf\u00e9rence annuelle CECA Ath\u00e8nes.<br \/>\nLa conf\u00e9rence annuelle de l\u2019ICOM-CECA 2024 s&#8217;est tenue\u00a0 \u00e0 Ath\u00e8nes-Gr\u00e8ce, du 18 au 22 novembre 2024.<br \/>\n\u25ba Programme (en anglais) &lt;<a href=\"https:\/\/ceca.mini.icom.museum\/wp-content\/uploads\/sites\/5\/2025\/01\/ICOM_CECA_Programme-RA-Athenes-2024-.pdf\" target=\"_blank\" rel=\"noopener\">Lire<\/a>&gt;<br \/>\n\u25ba &lt;<a href=\"https:\/\/icomceca24.gr\/\" target=\"_blank\" rel=\"noopener\">https:\/\/icomceca24.gr\/<\/a>&gt;<br \/>\n\u25ba Album photos souvenir : &#8220;Excursion au Mus\u00e9e de l&#8217;olive et d&#8217;huile d&#8217;olive grecque&#8221; &#8211; &lt;<a href=\"https:\/\/photos.app.goo.gl\/9WUjHbd73xHvMMBa7\" target=\"_blank\" rel=\"noopener\">ici<\/a>&gt;<img decoding=\"async\" loading=\"lazy\" class=\"aligncenter wp-image-11764\" src=\"https:\/\/ceca.mini.icom.museum\/wp-content\/uploads\/sites\/5\/2024\/04\/visuel-athenes-encadrement-300x108.jpg\" alt=\"\" width=\"600\" height=\"216\" srcset=\"https:\/\/ceca.mini.icom.museum\/wp-content\/uploads\/sites\/5\/2024\/04\/visuel-athenes-encadrement-300x108.jpg 300w, https:\/\/ceca.mini.icom.museum\/wp-content\/uploads\/sites\/5\/2024\/04\/visuel-athenes-encadrement-1024x368.jpg 1024w, https:\/\/ceca.mini.icom.museum\/wp-content\/uploads\/sites\/5\/2024\/04\/visuel-athenes-encadrement-768x276.jpg 768w, https:\/\/ceca.mini.icom.museum\/wp-content\/uploads\/sites\/5\/2024\/04\/visuel-athenes-encadrement.jpg 1307w\" sizes=\"(max-width: 600px) 100vw, 600px\" \/><br \/>\n<strong>\u25ba Le th\u00e8me g\u00e9n\u00e9ral est &#8220;Sujets d\u00e9licats \u2013 publics exigeants&#8221;.<\/strong><\/p>\n<p>Nous allons nous concentrer sur les activit\u00e9s d\u2019\u00e9ducation mus\u00e9ale qui tentent d\u2019aborder des sujets difficiles et sensibles, activit\u00e9s qui tentent de mettre en lumi\u00e8re des aspects m\u00e9connus du patrimoine culturel et des \u00e9v\u00e9nements historiques mal interpr\u00e9t\u00e9s, activit\u00e9s qui visent \u00e0 attirer de nouveaux publics ou qui s\u2019adressent \u00e0 des groupes marginalis\u00e9s.<br \/>\nL\u2019objectif de cette conf\u00e9rence est de promouvoir l\u2019\u00e9change d\u2019id\u00e9es, d\u2019expertise et de bonnes pratiques entre les professionnels de l\u2019\u00e9ducation mus\u00e9ale issus de cultures diff\u00e9rentes, ainsi que d\u2019encourager la r\u00e9flexion critique sur les difficult\u00e9s rencontr\u00e9es lors de l\u2019interpr\u00e9tation du patrimoine culturel et de la cr\u00e9ation artistique \u00e0 l\u2019intention de publics vari\u00e9s.<\/p>\n<p><strong>Le th\u00e8me couvre les sujets suivants, sans toutefois s&#8217;y limiter :<\/strong><\/p>\n<ul>\n<li>L\u2019\u00e9ducation mus\u00e9ale comme outil de discussion sur des questions difficiles :<br \/>\nR\u00e9fugi\u00e9s, conflits religieux, pauvret\u00e9, identit\u00e9s multiples, m\u00e9moires traumatisantes, droits de l\u2019homme, probl\u00e8mes de sant\u00e9, communaut\u00e9s marginalis\u00e9es, patrimoine culturel menac\u00e9, environnement naturel en p\u00e9ril, d\u00e9fis et menaces du monde virtuel, etc&#8230;<\/li>\n<li>L\u2019\u00e9ducation mus\u00e9ale comme vecteur d\u2019interpr\u00e9tations alternatives :<br \/>\nMettre en lumi\u00e8re des aspects cach\u00e9s, inconnus ou mal interpr\u00e9t\u00e9s du patrimoine mat\u00e9riel et immat\u00e9riel ou de la cr\u00e9ation artistique. Remettre en question les interpr\u00e9tations courantes et encourager un nouveau regard sur les \u00e9v\u00e9nements historiques pass\u00e9s et pr\u00e9sents.<\/li>\n<li>Prise en charge des communaut\u00e9s et des publics d\u00e9favoris\u00e9s :<br \/>\nInitiatives d\u2019\u00e9ducation mus\u00e9ale qui garantissent l\u2019accessibilit\u00e9 et l\u2019inclusivit\u00e9, dans le cadre d\u2019un environnement social et culturel en constante \u00e9volution. Activit\u00e9s innovantes et mat\u00e9riel p\u00e9dagogique pour les publics \u201cmarginalis\u00e9s\u201d (personnes \u00e2g\u00e9es, personnes handicap\u00e9es, malades mentaux, d\u00e9tenus, minorit\u00e9s religieuses \/ ethniques ou culturelles, immigr\u00e9s, r\u00e9fugi\u00e9s, toxicomanes, \u00e9tudiants ou scolaires n\u00e9cessitant un traitement particulier, etc.).<\/li>\n<\/ul>\n<p><strong>&gt; Le programme de la conf\u00e9rence comprend :<\/strong><\/p>\n<ul>\n<li>Conf\u00e9rences magistrales,<\/li>\n<li>Pr\u00e9sentations de recherche (20\u2032), Pr\u00e9sentations th\u00e9matiques (15\u2032), March\u00e9 aux id\u00e9es (7\u2032), Posters (en format imprim\u00e9 ou num\u00e9rique),<\/li>\n<li>Ateliers offerts par les groupes d\u2019int\u00e9r\u00eat sp\u00e9ciaux du CECA,<\/li>\n<li>Autres ateliers,<\/li>\n<li>Pr\u00e9sentations et c\u00e9r\u00e9monie de remise des prix (Prix de la recherche, Prix des meilleures pratiques, Prix du r\u00e9seau des jeunes membres),<\/li>\n<li>Visites \u00e9ducatives de mus\u00e9es avec activit\u00e9s interactives,<\/li>\n<li>Excursion d\u2019une journ\u00e9e \u00e0 l\u2019ext\u00e9rieur d\u2019Ath\u00e8nes pour d\u00e9couvrir le patrimoine arch\u00e9ologique (22 novembre, optionnel \u2013 frais suppl\u00e9mentaires).<\/li>\n<\/ul>\n<p>La conf\u00e9rence se tiendra exclusivement sur place. Une partie des pr\u00e9sentations pourra \u00eatre propos\u00e9e en ligne ou \u00eatre enregistr\u00e9e et visible sur YouTube.<\/p>\n<p><strong>Les langues officielles de la conf\u00e9rence sont le grec et l&#8217;anglais.<\/strong><br \/>\nUne interpr\u00e9tation bilingue sera assur\u00e9e pendant les sessions de pr\u00e9sentation.<br \/>\nLes ateliers et les visites \u00e9ducatives se d\u00e9rouleront majoritairement en anglais.<\/p>\n<p>\u25ba <strong>Modalit\u00e9s de participation (prix, communications, inscriptions) &#8211; Concourir pour les prix CECA<\/strong><\/p>\n<ul>\n<li><strong>Prix Best Practice<\/strong><br \/>\nDate limite de soumission pour le prix BP : <strong>17 mai<\/strong><br \/>\nJury du BP: 31 mai<br \/>\nInformation des laur\u00e9ats BP : 3 juin<\/li>\n<li><strong>Prix Recherche<\/strong><br \/>\nDate limite de soumission pour le prix de la recherche: <strong>29 mai<\/strong><br \/>\nInformation des laur\u00e9ats du prix de la recherche\u00a0: 11 juin<\/li>\n<li><strong>Prix Jeunes Membres<\/strong><br \/>\nDate limite de soumission pour le prix des jeunes membres : <strong>2 juillet<\/strong><br \/>\nInformation des laur\u00e9ats du prix des jeunes membres : 24 juillet<\/li>\n<\/ul>\n<p><strong>\u25ba Soumission des communications \u00e0 la conf\u00e9rence<\/strong><\/p>\n<p>Date limite de soumission des communications (th\u00e9matiques, recherche, march\u00e9 aux id\u00e9es, ateliers, posters):<strong> 15 juin<\/strong><br \/>\nInformation des pr\u00e9sentateurs pr\u00e9s\u00e9lectionn\u00e9s pour la conf\u00e9rence: 7 juillet<br \/>\nConfirmation des pr\u00e9sentateurs de la conf\u00e9rence: 20 ao\u00fbt.<\/p>\n<p>Nous vous remercions de l&#8217;int\u00e9r\u00eat que vous portez \u00e0 la Conf\u00e9rence CECA 2024 et \u00e0 la participation \u00e0 celle-ci par le biais d&#8217;une pr\u00e9sentation (article de recherche, article th\u00e9matique, march\u00e9 d&#8217;id\u00e9es, ateliers, poster).<br \/>\n<strong>Les candidatures doivent \u00eatre remplies et soumises num\u00e9riquement, via le site web de la Conf\u00e9rence CECA d&#8217;Ath\u00e8nes<\/strong>, qui est en cours de construction, mais qui sera bient\u00f4t \u00e0 votre disposition, avec toutes les informations n\u00e9cessaires concernant votre candidature.<br \/>\nLes frais d&#8217;inscription seront pay\u00e9s via le site web susmentionn\u00e9.<\/p>\n<p>\u25ba<strong> Inscription \u00e0 la conf\u00e9rence<\/strong><\/p>\n<p>Les personnes int\u00e9ress\u00e9es \u00e0 assister \u00e0 la Conf\u00e9rence, doivent remplir et soumettre le formulaire d&#8217;inscription num\u00e9rique appropri\u00e9, qui sera bient\u00f4t h\u00e9berg\u00e9 sur le site de la Conf\u00e9rence CECA d&#8217;Ath\u00e8nes.<br \/>\nLes frais d&#8217;inscription seront \u00e9galement pay\u00e9s via le site web susmentionn\u00e9.<\/p>\n<p>\u25ba <strong>Tarifs d\u2019inscription \u00e0 la conf\u00e9rence<\/strong><\/p>\n<ul>\n<li><strong>Membres de l&#8217;ICOM<\/strong><br \/>\nInscription anticip\u00e9e (jusqu&#8217;\u00e0 20 ao\u00fbt) : 200 euros<br \/>\nInscription tardive: 300 euros<br \/>\nInscriptions dans les deux derni\u00e8res semaines : 350 euros<\/li>\n<li><strong>Non membres de l&#8217;ICOM<\/strong><br \/>\nInscription anticip\u00e9e (jusqu&#8217;\u00e0 20 ao\u00fbt) : 300 euros<br \/>\nInscription tardive : 350 euros<br \/>\nInscriptions dans les deux derni\u00e8res semaines : 400 euros<\/li>\n<li><strong>\u00c9tudiants<\/strong><br \/>\nInscription anticip\u00e9e (jusqu&#8217;\u00e0 20 ao\u00fbt) : 120 euros<br \/>\nInscription tardive : 200 euros<br \/>\nInscriptions dans les deux derni\u00e8res semaines : 250 euros<\/li>\n<\/ul>\n<p>\u25ba <strong>Les frais d&#8217;inscription comprennent :<\/strong><\/p>\n<ul>\n<li>Une r\u00e9ception de bienvenue dans les locaux du Mus\u00e9e Benaki \u00e0 la fin de la premi\u00e8re journ\u00e9e (lundi 18\/11)<\/li>\n<li>Les pauses caf\u00e9 et les d\u00e9jeuners l\u00e9gers (du lundi 18\/11 au mercredi 20\/11)<\/li>\n<li>Mat\u00e9riel de conf\u00e9rence (sac, mat\u00e9riel d&#8217;information, publications, etc.)<\/li>\n<li>Visites guid\u00e9es dans certains mus\u00e9es (en dehors des visites \u00e9ducatives)<\/li>\n<li>Autres \u00e9v\u00e9nements culturels \u00e0 confirmer.<\/li>\n<\/ul>\n<p>\u25ba <strong>Excursion d&#8217;une journ\u00e9e (optionnelle), Vendredi 22 Novembre 2024 <\/strong>:<\/p>\n<ul>\n<li>Tarif d\u2019inscription : 30 euros<\/li>\n<li>Tarif inscription deux derni\u00e8res semaines : 50 euros<\/li>\n<li>Le prix de l&#8217;excursion d&#8217;une journ\u00e9e comprend le transport en bus en dehors d&#8217;Ath\u00e8nes (nord du P\u00e9loponn\u00e8se), les visites guid\u00e9es des mus\u00e9es\/sites et un d\u00e9jeuner l\u00e9ger.<\/li>\n<\/ul>\n<p><strong>Pour toute communication avec le comit\u00e9 d&#8217;organisation de la conf\u00e9rence d&#8217;Ath\u00e8nes:<br \/>\ncecaathens2024[at]gmail.com<br \/>\n<\/strong><\/p>\n<hr \/>\n<\/li>\n<li>2023 : Conf\u00e9rence annuelle CECA Singapour.<br \/>\nDu 20 au 24 novembre 2023, au Mus\u00e9e des civilisations asiatiques. Th\u00e8me propos\u00e9 : \u201cMus\u00e9es : Fa\u00e7onner l\u2019avenir de l\u2019\u00e9ducation\u201d. Programme (en anglais) &lt;<a href=\"https:\/\/www.icomceca2023.sg\/programme-overview\/\" target=\"_blank\" rel=\"noopener\">ici<\/a>&gt;<br \/>\n\u25ba Album photos des activit\u00e9s du CECA \u00e0 Singapour &lt;<a href=\"https:\/\/photos.app.goo.gl\/kVbdjBMz9H6BztFYA\" target=\"_blank\" rel=\"noopener\">ici<\/a>&gt;<\/li>\n<li><strong>2022 : Conf\u00e9rence annuelle CECA Prague<\/strong><br \/>\nProgramme des activit\u00e9s CECA durant la 26\u00e8me conf\u00e9rence g\u00e9n\u00e9rale ICOM &lt;<a href=\"https:\/\/ceca.mini.icom.museum\/wp-content\/uploads\/sites\/5\/2022\/08\/Final-program-Prague-with-abstracts-FRA.pdf\" target=\"_blank\" rel=\"noopener\">ici<\/a>&gt;<br \/>\n\u25ba Album photo des activit\u00e9s du CECA \u00e0 Prague &lt;<a href=\"https:\/\/photos.app.goo.gl\/12RWKV24cPAitzxt8\" target=\"_blank\" rel=\"noopener\">ici<\/a>&gt;<br \/>\nVid\u00e9o : &#8220;Interview de Marie-Clarte O\u2019Neill&#8221; par le Mus\u00e9e national J. A. Comenius &lt;<a href=\"https:\/\/youtu.be\/8fi1Y4-UNsQ\" rel=\"noopener\"> ici<\/a> &gt;<br \/>\nMarie-Clarte O\u2019Neill, pr\u00e9sidente du comit\u00e9 CECA s\u2019est exprim\u00e9e sur la 26e Conf\u00e9rence g\u00e9n\u00e9rale en parlant de l\u2019\u00e9ducation mus\u00e9ale dans la soci\u00e9t\u00e9 ou sur les activit\u00e9s sp\u00e9cifiques du comit\u00e9 CECA.<\/li>\n<li>2021 : Conf\u00e9rence annuelle CECA Louvain, Belgique.<br \/>\n&#8220;Co-cr\u00e9ation au sein et au dehors du mus\u00e9e&#8221;. Du 25\/10 au 29\/10 2021.<br \/>\nZ\u00e9lie Blampain et Elina Noris, deux \u00e9tudiantes de l\u2019Universit\u00e9 de Li\u00e8ge (Master sp\u00e9cialis\u00e9 en Mus\u00e9ologie) ont fait \u00e9quipe avec Chlo\u00e9 Orrico de l&#8217;Ecole du Louvre (Master en M\u00e9diation culturelle) pour pr\u00e9senter une <strong>synth\u00e8se<\/strong> de cette conf\u00e9rence. &lt;<strong><a href=\"https:\/\/ceca.mini.icom.museum\/wp-content\/uploads\/sites\/5\/2023\/03\/cdm3-extraction-192-205-couverture-FR.pdf\" target=\"_blank\" rel=\"noopener\">ici<\/a><\/strong>&gt;<\/li>\n<\/ul>\n<div style=\"width: 576px;\" class=\"wp-video\"><!--[if lt IE 9]><script>document.createElement('video');<\/script><![endif]-->\n<video class=\"wp-video-shortcode\" id=\"video-667-1\" width=\"576\" height=\"324\" preload=\"metadata\" controls=\"controls\"><source type=\"video\/mp4\" src=\"https:\/\/ceca.mini.icom.museum\/wp-content\/uploads\/sites\/5\/2021\/11\/ICOM-CECA-conferentie-2021_2-videosmaller.mp4?_=1\" \/><a href=\"https:\/\/ceca.mini.icom.museum\/wp-content\/uploads\/sites\/5\/2021\/11\/ICOM-CECA-conferentie-2021_2-videosmaller.mp4\">https:\/\/ceca.mini.icom.museum\/wp-content\/uploads\/sites\/5\/2021\/11\/ICOM-CECA-conferentie-2021_2-videosmaller.mp4<\/a><\/video><\/div>\n<p style=\"text-align: center\">M Leuven \/ videographer Jan Maes<\/p>\n<p><strong>Vid\u00e9os de 2 orateurs de marque :<\/strong><br \/>\n<a href=\"https:\/\/youtu.be\/vmWar0HpjD4\">Nina Simon over &#8216;The participatory museum&#8217; | ICOM CECA-conferentie 2021<\/a><br \/>\n<a href=\"https:\/\/youtu.be\/PhefdFVzGOc\">Pat Villeneuve over museumeducatie en edu-curation | ICOM CECA-conferentie 2021<\/a><\/p>\n<ul>\n<li><b>2019 : Roles of Museum Education: Supporting Self and Society \u2013\u00a0 Kyoto. Programme et calendrier<\/b> <a href=\"https:\/\/hakubutsukan.wixsite.com\/ceca\" target=\"_blank\" rel=\"noopener\">https:\/\/hakubutsukan.wixsite.com\/ceca<\/a>.<br \/>\n<a href=\"http:\/\/ceca.mini.icom.museum\/wp-content\/uploads\/sites\/5\/2019\/12\/CONFERENCE-ANNUELLE-DU-CECA-2019-FRA.pdf\" target=\"_blank\" rel=\"noopener\"><strong>R\u00e9sum\u00e9<\/strong> de la r\u00e9union annuelle CECA \u00e0 Kyoto<\/a>. PDF.<\/li>\n<li>2018 : Mus\u00e9es, \u00e9ducation et action culturelle : Entre l&#8217;ancien et le nouveau sens (Tbilissi, G\u00e9orgie). Proc\u00e8s-verbal de l&#8217;assembl\u00e9e g\u00e9n\u00e9rale du CECA :\u00a0<a title=\"TEXT, Minutes General Assembly 2018-1-, Minutes_General_Assembly_2018-1-.pdf, 290 KB\" href=\"https:\/\/ceca.mini.icom.museum\/wp-content\/uploads\/sites\/5\/2021\/06\/Minutes_General_Assembly_2018-1-.pdf\">t\u00e9l\u00e9chargez le PDF<\/a>.\u00a0<a href=\"http:\/\/www.ceca2018.ge\" target=\"_blank\" rel=\"noopener\">http:\/\/www.ceca2018.ge<\/a><\/li>\n<li>2015: L&#8217;education Museale Et L\u2019accessibilite : Combler Les Lacunes. Washington, D.C., USA [<a title=\"Opens external link in new window\" href=\"https:\/\/cecadc2015.wordpress.com\/\" target=\"_blank\" rel=\"noopener\">conference web site<\/a>]<\/li>\n<li>2014<b>:\u00a0<\/b><i>Squaring the Circle? Research, Museum, Public<\/i><b>:<\/b><i>\u00a0A Common Engagement Towards Effective Communication.\u00a0<\/i><b>Alexandria, Egypt<\/b><\/li>\n<li><b>2013: Museums (memory+creativity) = social changes. Rio de Janeiro, Brazil<\/b><\/li>\n<li>2012: Museums and Written Communication: Traditions and Innovation. (Yerevan, Armenia) [<a title=\"TEXT, ICOM CECA Annual COnference 2012 Program, ICOM_CECA_Annual_COnference_2012_Program.pdf, 3.4 MB\" href=\"http:\/\/ceca.mini.icom.museum\/wp-content\/uploads\/sites\/5\/2018\/12\/ICOM_CECA_Annual_COnference_2012_Program.pdf\">view programme<\/a>]<\/li>\n<li style=\"text-align: left\">2011: Old Questions, New Answers: Quality Criteria for Museum Education (Zagreb, Croatia) [<a title=\"TEXT, CECAZagreb2011 Programme, CECAZagreb2011_Programme.pdf, 2.0 MB\" href=\"http:\/\/ceca.mini.icom.museum\/wp-content\/uploads\/sites\/5\/2018\/12\/CECAZagreb2011_Programme.pdf\">view programme<\/a>]<\/li>\n<\/ul>\n<\/div>\n<div style=\"width: 576px;\" class=\"wp-video\"><video class=\"wp-video-shortcode\" id=\"video-667-2\" width=\"576\" height=\"324\" preload=\"metadata\" controls=\"controls\"><source type=\"video\/mp4\" src=\"https:\/\/ceca.mini.icom.museum\/wp-content\/uploads\/sites\/5\/2021\/11\/CECA-Annual-Conference-2011-Day-1-videosmaller480.mp4?_=2\" \/><a href=\"https:\/\/ceca.mini.icom.museum\/wp-content\/uploads\/sites\/5\/2021\/11\/CECA-Annual-Conference-2011-Day-1-videosmaller480.mp4\">https:\/\/ceca.mini.icom.museum\/wp-content\/uploads\/sites\/5\/2021\/11\/CECA-Annual-Conference-2011-Day-1-videosmaller480.mp4<\/a><\/video><\/div>\n<p style=\"text-align: center\">Conf\u00e9rence annuelle 2011 Zagreb croatie : Retrospective vid\u00e9o<\/p>\n<ul>\n<li><b>2010: (ICOM General Conference) Museums for Social Harmony (Shanghai, China)<\/b><\/li>\n<li>2009: Museum Education in a Global Context: Priorities and Processes (Reykjav\u00edk, Iceland)<\/li>\n<li>2008: Cultural Tourism: Trends and Strategies (Montreal, Canada) [<a title=\"TEXT, ICOM CECA 08 Annual Conference programme, ICOM_CECA_08_Annual_Conference_programme.pdf, 554 KB\" href=\"http:\/\/ceca.mini.icom.museum\/wp-content\/uploads\/sites\/5\/2018\/12\/ICOM_CECA_08_Annual_Conference_programme.pdf\">view programme<\/a>]<\/li>\n<li><b>2007: (ICOM General Conference) Heritage Learning Matters: Museums and Universal Heritage (Vienna, Austria)<\/b><\/li>\n<li>2006: Penser, \u00c9valuer, Repenser (Rome, Italy)<\/li>\n<li>2005: Partenariats et \u00e9ducation mus\u00e9ale (Bansk\u00e1 Stivanica)<\/li>\n<li><b>2004: (Conf\u00e9rence g\u00e9n\u00e9rale de l&#8217;ICOM) Les mus\u00e9es et le patrimoine immat\u00e9riel (S\u00e9oul)<\/b><\/li>\n<li>2003: L&#8217;\u00e9ducation mus\u00e9ale face \u00e0 la r\u00e9alit\u00e9 mus\u00e9ale &#8211; mission possible! (Oaxaca)<\/li>\n<li>2002: L&#8217;\u00e9ducation mus\u00e9ale comme produit. Pour qui? (Nairobi)<\/li>\n<li><b>2001: (Conf\u00e9rence g\u00e9n\u00e9rale de l&#8217;ICOM) G\u00e9rer le changement: les mus\u00e9es face aux d\u00e9fis \u00e9conomiques et sociaux (Barcelone)<\/b><\/li>\n<li>2000: La culture comme bien de consommation (Christchurch)<\/li>\n<li><b>1998: (Conf\u00e9rence g\u00e9n\u00e9rale de l&#8217;ICOM) Interpr\u00e9tation de la diversit\u00e9 naturelle et culturelle (Melbourne)<\/b><\/li>\n<li>1997: \u00c9valuation de l&#8217;\u00e9ducation mus\u00e9ale et de l&#8217;action culturelle &#8211; Th\u00e9orie et pratique (Rio de Janeiro)<\/li>\n<li>1996: Nouvelles strat\u00e9gies de la communication dans les mus\u00e9es (Vienne)<\/li>\n<li><b>1995: (Conf\u00e9rence g\u00e9n\u00e9rale de l&#8217;ICOM) Les mus\u00e9es et les communaut\u00e9s (Stavanger)<\/b><\/li>\n<li>1994: Les mus\u00e9es, l&#8217;\u00e9ducation et les patrimoines naturel, social et culturel (Cuenca)<\/li>\n<li>1993: Int\u00e9gration des mus\u00e9es dans une soci\u00e9t\u00e9; multiculturelle (Delhi-Calcutta)<\/li>\n<li><b>1992: (Conf\u00e9rence g\u00e9n\u00e9rale de l&#8217;ICOM) Les mus\u00e9es: y a-t-il des limites? (Qu\u00e9bec)<\/b><\/li>\n<li>1991: Le mus\u00e9e et les besoins du public (Jerusalem)<\/li>\n<li>1990: L&#8217;\u00e9ducation mus\u00e9ale et l&#8217;environnement (Gaborone\/Botswana)<\/li>\n<li><b>1989: (Conf\u00e9rence g\u00e9n\u00e9rale de l&#8217;ICOM) Mus\u00e9es, g\u00e9n\u00e9rateurs de culture (La Haye)<\/b><\/li>\n<li>1988: \u00c9tablir, d\u00e9velopper et maintenir les services \u00e9ducatifs des mus\u00e9es (Nauplie-Ath\u00e8nes)<\/li>\n<li>1987: Le patrimoine et l&#8217;action culturelle. Nouvelles techniques de communication (Paris)<\/li>\n<li><b>1986: (Conf\u00e9rence g\u00e9n\u00e9rale de l&#8217;ICOM) Les mus\u00e9es et l&#8217;avenir de notre patrimoine (Buenos Aires)<\/b><\/li>\n<li>1985: L&#8217;\u00e9ducateur de mus\u00e9e et la recherche (Barcelone)<\/li>\n<li>1984: Le mus\u00e9e et le monde du travail (D\u00fcsseldorf)<\/li>\n<li><b>1983: (Conf\u00e9rence g\u00e9n\u00e9rale de l&#8217;ICOM) Les mus\u00e9es dans un monde en d\u00e9veloppement (Londres)<\/b><\/li>\n<li>1982: La diversit\u00e9 culturelle, les contraintes \u00e9conomiques et les nouveaux publics (Washington D.C.)<\/li>\n<li>1981: L&#8217;exposition comme outil didactique (Svendborg)<\/li>\n<li><b>1980 (Conf\u00e9rence g\u00e9n\u00e9rale de l&#8217;ICOM) Le patrimoine de l&#8217;humanit\u00e9 &#8211; Le r\u00f4le des mus\u00e9es (Mexico)<\/b><\/li>\n<li>1979: Comment motiver les visiteurs de mus\u00e9e? Le travail en \u00e9quipe au mus\u00e9e II (Sesimbra)<\/li>\n<li>1978: Comment motiver les visiteurs de mus\u00e9e? Le travail en \u00e9quipe au mus\u00e9e I (Rotterdam)<\/li>\n<li><strong>1977: Mus\u00e9es et \u00e9change culturel (Moscou-Leningrad)<\/strong><\/li>\n<li>1976: Mus\u00e9es et d\u00e9centralisation (Ume\u00e5)<\/li>\n<li>1975: Musique au mus\u00e9e\/Politique mus\u00e9ale r\u00e9gionale (Varsovie, Torun, Poznan)<\/li>\n<li><strong>1974: Copenhague<\/strong><\/li>\n<li>1973: Budapest<\/li>\n<li>1968: Le r\u00f4le des mus\u00e9es dans l&#8217;\u00e9ducation et l&#8217;action culturelle (Moscou-Leningrad)<\/li>\n<\/ul>\n<p><!-- Text: [end] --><\/p>\n<\/div>\n<p><!-- Image block: [end] --> <!-- BEGIN: Content of extension \"hpo_relatedlink\", plugin \"tx_hporelatedlink_pi1\" --><\/p>\n<div><\/div>\n<p><!-- END: Content of extension \"hpo_relatedlink\", plugin \"tx_hporelatedlink_pi1\" --><\/p>\n<\/div>\n<p><!-- CONTENT ELEMENT, uid:10398\/textpic [end] --> <!--TYPO3SEARCH_end--><\/p>\n","protected":false},"excerpt":{"rendered":"<p>Conf\u00e9rences annuelles depuis 1968 ( les ann\u00e9es correspondant aussi aux conferences generals de l\u2019ICOM sont indiqu\u00e9es en gras) 2024 : Conf\u00e9rence annuelle CECA Ath\u00e8nes. La conf\u00e9rence annuelle de l\u2019ICOM-CECA 2024 s&#8217;est tenue\u00a0 \u00e0 Ath\u00e8nes-Gr\u00e8ce, du 18 au 22 novembre 2024. \u25ba Programme (en anglais) &lt;Lire&gt; \u25ba &lt;https:\/\/icomceca24.gr\/&gt; \u25ba Album photos souvenir : &#8220;Excursion au Mus\u00e9e [&hellip;]<\/p>\n","protected":false},"author":1,"featured_media":0,"parent":136,"menu_order":3,"comment_status":"closed","ping_status":"closed","template":"","meta":{"footnotes":""},"yst_prominent_words":[1448,412,406,405,103,91,557,308,1819,407,387,711,1820,1828],"acf":[],"_links":{"self":[{"href":"https:\/\/ceca.mini.icom.museum\/fr\/wp-json\/wp\/v2\/pages\/667"}],"collection":[{"href":"https:\/\/ceca.mini.icom.museum\/fr\/wp-json\/wp\/v2\/pages"}],"about":[{"href":"https:\/\/ceca.mini.icom.museum\/fr\/wp-json\/wp\/v2\/types\/page"}],"author":[{"embeddable":true,"href":"https:\/\/ceca.mini.icom.museum\/fr\/wp-json\/wp\/v2\/users\/1"}],"replies":[{"embeddable":true,"href":"https:\/\/ceca.mini.icom.museum\/fr\/wp-json\/wp\/v2\/comments?post=667"}],"version-history":[{"count":34,"href":"https:\/\/ceca.mini.icom.museum\/fr\/wp-json\/wp\/v2\/pages\/667\/revisions"}],"predecessor-version":[{"id":3144,"href":"https:\/\/ceca.mini.icom.museum\/fr\/wp-json\/wp\/v2\/pages\/667\/revisions\/3144"}],"up":[{"embeddable":true,"href":"https:\/\/ceca.mini.icom.museum\/fr\/wp-json\/wp\/v2\/pages\/136"}],"wp:attachment":[{"href":"https:\/\/ceca.mini.icom.museum\/fr\/wp-json\/wp\/v2\/media?parent=667"}],"wp:term":[{"taxonomy":"yst_prominent_words","embeddable":true,"href":"https:\/\/ceca.mini.icom.museum\/fr\/wp-json\/wp\/v2\/yst_prominent_words?post=667"}],"curies":[{"name":"wp","href":"https:\/\/api.w.org\/{rel}","templated":true}]}}