{"id":733,"date":"2018-12-18T15:20:44","date_gmt":"2018-12-18T15:20:44","guid":{"rendered":"http:\/\/ceca.icom.cust.oxymium.net\/publications-2\/icom-education\/"},"modified":"2025-11-09T16:32:10","modified_gmt":"2025-11-09T16:32:10","slug":"icom-education","status":"publish","type":"page","link":"https:\/\/ceca.mini.icom.museum\/fr\/publications\/icom-education\/","title":{"rendered":"ICOM Education"},"content":{"rendered":"<div>\n<div>\n<div>\n<div><img decoding=\"async\" loading=\"lazy\" class=\"alignnone wp-image-6509 size-full\" src=\"https:\/\/ceca.mini.icom.museum\/wp-content\/uploads\/sites\/5\/2021\/03\/bandeau-Ceca-Education-800px-01_InPixio.jpg\" alt=\"\" width=\"801\" height=\"197\" srcset=\"https:\/\/ceca.mini.icom.museum\/wp-content\/uploads\/sites\/5\/2021\/03\/bandeau-Ceca-Education-800px-01_InPixio.jpg 801w, https:\/\/ceca.mini.icom.museum\/wp-content\/uploads\/sites\/5\/2021\/03\/bandeau-Ceca-Education-800px-01_InPixio-300x74.jpg 300w, https:\/\/ceca.mini.icom.museum\/wp-content\/uploads\/sites\/5\/2021\/03\/bandeau-Ceca-Education-800px-01_InPixio-768x189.jpg 768w\" sizes=\"(max-width: 801px) 100vw, 801px\" \/><\/div>\n<p><strong>ICOM \u00c9ducation est la revue officielle du CECA<\/strong><\/p>\n<p>Intitul\u00e9e Annales des mus\u00e9es pour les six premiers num\u00e9ros.<br \/>\nLa plupart des \u00e9ditions pass\u00e9es sont accessibles en cliquant sur les liens ci-dessous.<\/p>\n<p>Jusqu&#8217;au num\u00e9ro 30, les revues &#8211; depuis le d\u00e9but bilingues fran\u00e7ais-anglais, et depuis le num\u00e9ro 16 avec des contributions en espagnol &#8211; ne sont disponibles que dans la langue dans laquelle les articles ont \u00e9t\u00e9 \u00e9crits avec un r\u00e9sum\u00e9 dans les deux autres langues officielles de l&#8217;ICOM.<\/p>\n<p>A partir du num\u00e9ro 30, tous les articles sont traduits et int\u00e9gr\u00e9s dans un num\u00e9ro unilingue distinct mais seulement en format \u00e9lectronique.<\/p>\n<hr \/>\n<\/div>\n<\/div>\n<\/div>\n<h4><img decoding=\"async\" loading=\"lazy\" class=\"aligncenter wp-image-13992\" src=\"https:\/\/ceca.mini.icom.museum\/wp-content\/uploads\/sites\/5\/2025\/11\/triptique-garde-ICOMEducation31-300x143.jpg\" alt=\"\" width=\"400\" height=\"191\" srcset=\"https:\/\/ceca.mini.icom.museum\/wp-content\/uploads\/sites\/5\/2025\/11\/triptique-garde-ICOMEducation31-300x143.jpg 300w, https:\/\/ceca.mini.icom.museum\/wp-content\/uploads\/sites\/5\/2025\/11\/triptique-garde-ICOMEducation31.jpg 656w\" sizes=\"(max-width: 400px) 100vw, 400px\" \/><\/h4>\n<h4><strong>ICOM \u00c9ducation 31\u00a0<\/strong><strong> &lt;<a href=\"https:\/\/ceca.mini.icom.museum\/wp-content\/uploads\/sites\/5\/2025\/11\/ICOMEducation31Francais.pdf\" target=\"_blank\" rel=\"noopener\">ici<\/a>&gt;<\/strong><\/h4>\n<p><strong>Th\u00e8me : focus sur le(s) plaisir(s) de visite<br \/>\n<\/strong><\/p>\n<p>Pourquoi comptons-nous les &#8220;visiteurs&#8221; au lieu des &#8220;visites&#8221; ? La nuance est importante, car elle prend en compte ceux qui viennent pour leur premi\u00e8re visite au mus\u00e9e ou \u00e0 l&#8217;exposition ainsi que ceux qui reviennent pour d&#8217;autres visites. S&#8217;ils reviennent, on peut supposer qu&#8217;ils ont aim\u00e9 au moins une de leurs visites pr\u00e9c\u00e9dentes. Si les visiteurs fr\u00e9quents et les amateurs de mus\u00e9es reviennent sans cesse voir les expositions, c&#8217;est qu&#8217;ils y ont pris plaisir d&#8217;une certaine mani\u00e8re.<\/p>\n<p>Ce num\u00e9ro d&#8217;ICOM Education est consacr\u00e9 aux myst\u00e8res de l&#8217;exp\u00e9rience de la visite. Pour d\u00e9couvrir ce qui la rend si agr\u00e9able, demandons aux publics ce qui rend exactement leur visite si agr\u00e9able.<\/p>\n<hr \/>\n<h4><strong>ICOM \u00c9ducation 30 \/ \u00c9dition sp\u00e9ciale<\/strong><\/h4>\n<p><strong>Les fondements du Comit\u00e9 pour l\u2019\u00c9ducation et l\u2019Action culturelle (CECA)<br \/>\n<\/strong><strong>\u25ba\u25ba<\/strong> &lt;<strong><a href=\"https:\/\/ceca.mini.icom.museum\/wp-content\/uploads\/sites\/5\/2023\/01\/HD-ICOM-30-FR.pdf\" target=\"_blank\" rel=\"noopener\">ici<\/a><\/strong>&gt;<\/p>\n<p><img decoding=\"async\" loading=\"lazy\" class=\"alignright wp-image-9936\" src=\"https:\/\/ceca.mini.icom.museum\/wp-content\/uploads\/sites\/5\/2023\/01\/icom48_biptique-500R-300x250.jpg\" alt=\"\" width=\"250\" height=\"208\" srcset=\"https:\/\/ceca.mini.icom.museum\/wp-content\/uploads\/sites\/5\/2023\/01\/icom48_biptique-500R-300x250.jpg 300w, https:\/\/ceca.mini.icom.museum\/wp-content\/uploads\/sites\/5\/2023\/01\/icom48_biptique-500R.jpg 500w\" sizes=\"(max-width: 250px) 100vw, 250px\" \/>Cette \u00e9dition sp\u00e9ciale en trois volumes unilingues reprend les articles issus des recherches men\u00e9es sur les deux th\u00e8mes &#8220;\u00e9ducation&#8221; et &#8220;action culturelle&#8221; au nom du comit\u00e9 CECA par le &#8220;Groupe Marignan&#8221; dont le but \u00e9tait de r\u00e9fl\u00e9chir aux th\u00e8mes fondateurs du comit\u00e9. Le volume s\u2019ouvre sur les articles in\u00e9dits sur l\u2019\u00e9ducation ainsi que les articles parus dans les n\u00b0 28 et 29 sur la place de l\u2019\u00e9ducation et de l\u2019action culturelle au sein de l\u2019ICOM et du CECA. Les articles sur l\u2019action culturelle des membres du &#8220;Groupe Marignan&#8221; publi\u00e9s dans ICOM Education 28 dans une seule langue ont \u00e9t\u00e9 traduits et repris dans chaque version de ce num\u00e9ro 30.<\/p>\n<p><strong>Membres du &#8220;Groupe Marignan&#8221;<\/strong> :<br \/>\nColette Dufresne-Tass\u00e9, Universit\u00e9 de Montreal, Canada<br \/>\nAnne-Marie \u00c9mond, Universit\u00e9 de Montreal, Canada<br \/>\nRosa Maria Herv\u00e1s Avil\u00e9s, Universidad de Murcia, Espa\u00f1a<br \/>\nMargarita Laraign\u00e9e, Centro cultural Alfonsina Storni, Buenos Aires, Argentina<br \/>\nMarie-Clart\u00e9 O\u2019Neill, Ecole du Louvre, Pr\u00e9sidente CECA<br \/>\n<strong>R\u00e9dacteurs<\/strong> :<br \/>\nNicole Gesch\u00e9-Koning et St\u00e9phanie Wintzerith avec l\u2019aide d\u2019Anne-Marie \u00c9mond<\/p>\n<hr \/>\n<p>&nbsp;<\/p>\n<div>\n<div>\n<div>\n<div>\n<ul>\n<li><a href=\"https:\/\/ceca.mini.icom.museum\/wp-content\/uploads\/sites\/5\/2021\/01\/ICOMEducation29-compress\u00e9-avec-compression.pdf\">ICOM Education N\u00b0. 29 : M\u00e9diation culturelle \u2013 \u00e9ducation mus\u00e9ale<\/a><\/li>\n<li><a title=\"Opens external link in new window\" href=\"https:\/\/drive.google.com\/file\/d\/1EErtwOgLOiMfKe7cOBBAFWINIvPTmoAy\/view?usp=sharing\" target=\"_blank\" rel=\"noopener\">ICOM Education No. 28, 2018: Cultural Action<\/a><\/li>\n<li><a title=\"Opens external link in new window\" href=\"https:\/\/drive.google.com\/file\/d\/1H4RsNSMKOtiqhGSz2rf9wVBF3CRAeC4W\/view?usp=sharing\" target=\"_blank\" rel=\"noopener\">ICOM Education No. 27, 2016: Special Issue on Research<\/a><\/li>\n<li><a title=\"Opens external link in new window\" href=\"https:\/\/drive.google.com\/file\/d\/0B8yHu7SudP4kNHVQR0JzeWc5ZVE\/view?usp=sharing\" target=\"_blank\" rel=\"noopener\">ICOM Education No. 26, 2015: Special Issue on Research<\/a><\/li>\n<li><a title=\"Opens external link in new window\" href=\"https:\/\/drive.google.com\/file\/d\/0B8yHu7SudP4kOF9uRzBqV0hNcGc\/view?usp=sharing\" target=\"_blank\" rel=\"noopener\">ICOM Education No. 25, 2014: Change of Perspective\u00a0 (New) Ideas for Presenting Museum Objects\u00a0<\/a><\/li>\n<li><a title=\"Opens external link in new window\" href=\"https:\/\/drive.google.com\/file\/d\/0B9VTRpalcEVLWnJtTlFZMlhGT2M\/edit?usp=sharing\" target=\"_blank\" rel=\"noopener\">ICOM Education No. 24, 2013: Museum Education and the Cultural Heritage in Threatened Countries: Risks, prevention and support of population<\/a><\/li>\n<li><a href=\"https:\/\/docs.google.com\/open?id=0B8yHu7SudP4kTXg2b1NpVlBNbkk\" target=\"_blank\" rel=\"noopener\">ICOM Education No.23, 2012: Museum Education and New Media<\/a><\/li>\n<li><a href=\"https:\/\/docs.google.com\/viewer?a=v&amp;pid=explorer&amp;chrome=true&amp;srcid=0B8yHu7SudP4kMjcxMDRlMGQtYzU0Ny00ZjI2LTk4OWMtYzEyZTQyMmE4MWU3&amp;hl=de\" target=\"_blank\" rel=\"noopener\">ICOM Education No. 22, 2011: CECA Membership Survey<\/a><\/li>\n<li><a href=\"https:\/\/docs.google.com\/viewer?a=v&amp;pid=explorer&amp;chrome=true&amp;srcid=0B8yHu7SudP4kZDY5YmRlYTgtNmUzNy00YzNlLWI4ZGQtZDMxZmVlMDFiMGRk&amp;hl=en\" target=\"_blank\" rel=\"noopener\">ICOM Education No. 21, 2007: Museum Education and Adolescents<\/a><\/li>\n<li><a href=\"https:\/\/docs.google.com\/viewer?a=v&amp;pid=explorer&amp;chrome=true&amp;srcid=0B8yHu7SudP4kYTRjMDVkNjktODAzOC00MTE5LTg4ZGQtNDI1ODRhZTllMjAx&amp;hl=en\" target=\"_blank\" rel=\"noopener\">ICOM Education No. 20, 2006: Special Issue &#8211; Museum and Education &#8211; ICOM CECA Publications 1952 to 2006<\/a><\/li>\n<li><a href=\"https:\/\/docs.google.com\/leaf?id=0B8yHu7SudP4kODkwOTE1NGItNjhjYi00MzdhLTgwZWYtZGUwNjE3ZjYyN2Ri&amp;sort=name&amp;layout=list&amp;num=50\" target=\"_blank\" rel=\"noopener\">ICOM Education No. 19, 2005: Museum Education and Partnerships<\/a><\/li>\n<li><a href=\"https:\/\/docs.google.com\/leaf?id=0B8yHu7SudP4kMmE1MzgzZTUtNWY0My00MTcyLTliNjQtMTJkYjZmZTE2OTY3&amp;sort=name&amp;layout=list&amp;num=50\" target=\"_blank\" rel=\"noopener\">ICOM Education No. 18, 2003\/04: Museum Education and Non Visitors<\/a><\/li>\n<li><a href=\"https:\/\/docs.google.com\/leaf?id=0B8yHu7SudP4kZjhmZjE3MDAtZDUwMy00NjUxLTk5NjItMDllMDVjZmVlNTk2&amp;sort=name&amp;layout=list&amp;num=50\" target=\"_blank\" rel=\"noopener\">ICOM Education No. 17, 2001\/02: Museum Education and New Museology<\/a><\/li>\n<li><a href=\"https:\/\/docs.google.com\/open?id=0B8yHu7SudP4kNkluTGVtRUFJSHM\" target=\"_blank\" rel=\"noopener\">ICOM Education No. 16, 1996\/97: Museums and the Community\/ Musees et Communautes\/ Museos y Communidades<\/a><\/li>\n<li><a href=\"https:\/\/docs.google.com\/open?id=0B8yHu7SudP4kd1g2TzZ6S21adWM\" target=\"_blank\" rel=\"noopener\">ICOM Education No. 15, 1995: International Cooperation and Collaboration<\/a><\/li>\n<li><a href=\"https:\/\/docs.google.com\/open?id=0B8yHu7SudP4kRW9DSHowNnBKQzQ\" target=\"_blank\" rel=\"noopener\">ICOM Education No. 14, 1992-1995: Museum Education Towards 2000\u00a0<\/a><\/li>\n<li><a href=\"https:\/\/docs.google.com\/open?id=0B8yHu7SudP4kU3hrTEZwZWpROEU\" target=\"_blank\" rel=\"noopener\">ICOM Education No. 12-13, 1991: Recherche et Education dans les Mus\u00e9es<\/a><\/li>\n<li><a href=\"https:\/\/docs.google.com\/leaf?id=0B8yHu7SudP4kNWU5YzZiMDktZDZlMC00MGIxLWI2NTAtNTc0NWNhMjg2ZDg1&amp;sort=name&amp;layout=list&amp;num=50\" target=\"_blank\" rel=\"noopener\">ICOM Education No. 11, 1984: The Museum and the World of Work\/ Museum and Community<\/a><\/li>\n<li><a href=\"https:\/\/docs.google.com\/open?id=0B8yHu7SudP4kRTNNQjVzaUpLdVE\" target=\"_blank\" rel=\"noopener\">ICOM Education No. 10, 1982\/83<\/a><\/li>\n<li><a href=\"https:\/\/docs.google.com\/open?id=0B8yHu7SudP4kWERoWFZQU0JlY0E\" target=\"_blank\" rel=\"noopener\">ICOM Education No. 9, 1979 &#8211; 1981<\/a><\/li>\n<li><a href=\"https:\/\/docs.google.com\/open?id=0B8yHu7SudP4kZjZXOG5CNVM4NjQ\" target=\"_blank\" rel=\"noopener\">ICOM Education No. 8, 1977\/78 [view online]<\/a><\/li>\n<li><a href=\"https:\/\/docs.google.com\/open?id=0B8yHu7SudP4kbkg5ME8zNUxPOWc\" target=\"_blank\" rel=\"noopener\">ICOM Education No. 7, 1975\/76<\/a><\/li>\n<li><a href=\"https:\/\/docs.google.com\/viewer?a=v&amp;pid=explorer&amp;chrome=true&amp;srcid=0B8yHu7SudP4kZTkxMGZkOWItYTNkNS00YmY2LWE2OTUtYjEyOTA1YmUzNTg1&amp;hl=en\" target=\"_blank\" rel=\"noopener\">ICOM Museums&#8217; Annual\/ Annales des Mus\u00e9es No. 6, 1974<\/a><\/li>\n<li><a href=\"https:\/\/docs.google.com\/viewer?a=v&amp;pid=explorer&amp;chrome=true&amp;srcid=0B8yHu7SudP4kODhiNWY5NWMtMzRhNi00MTdkLTljZTMtNWQ5ZWM3YWFlMWM3&amp;hl=en\" target=\"_blank\" rel=\"noopener\">ICOM Museums&#8217; Annual\/ Annales des Mus\u00e9es No. 5, 1973<\/a><\/li>\n<li><a href=\"https:\/\/docs.google.com\/viewer?a=v&amp;pid=explorer&amp;chrome=true&amp;srcid=0B8yHu7SudP4kMjAzYmM0MTQtMTE1NS00ZDhhLTkwZTYtZGZlYTc3ZDVjZmFi&amp;hl=en\" target=\"_blank\" rel=\"noopener\">ICOM Museums&#8217; Annual\/ Annales des Mus\u00e9es No. 4, 1972<\/a><\/li>\n<li><a href=\"https:\/\/docs.google.com\/viewer?a=v&amp;pid=explorer&amp;chrome=true&amp;srcid=0B8yHu7SudP4kZTViMzA1OTItYjUyOS00N2Y3LWE0OGQtOWJhMzM2M2Y0MWU3&amp;hl=en\" target=\"_blank\" rel=\"noopener\">ICOM Museums&#8217; Annual\/ Annales des Mus\u00e9es No. 3, 1971<\/a><\/li>\n<li><a href=\"https:\/\/docs.google.com\/viewer?a=v&amp;pid=explorer&amp;chrome=true&amp;srcid=0B8yHu7SudP4kYjliYjdhNTYtMDhhNS00NmI0LThkNGQtZDIwZmE3MTIxNzA4&amp;hl=en\" target=\"_blank\" rel=\"noopener\">ICOM Annales\/Annual No. 2, 1970<\/a><\/li>\n<li><a href=\"https:\/\/docs.google.com\/viewer?a=v&amp;pid=explorer&amp;chrome=true&amp;srcid=0B8yHu7SudP4kNGUyYzIwODYtNDg4ZS00ZDU0LWE5YzUtOGU4OTRhMDBhZGJk&amp;hl=en\" target=\"_blank\" rel=\"noopener\">ICOM Annales\/Annual No. 1, 1969<\/a><\/li>\n<\/ul>\n<hr \/>\n<p>&nbsp;<\/p>\n<p>Pour plus d&#8217;informations sur les num\u00e9ros 8 \u00e0 20 et 30, veuillez contacter :<\/p>\n<\/div>\n<div><strong>Nicole Gesch\u00e9-Koning<\/strong><br \/>\nmembre coopt\u00e9 du comit\u00e9 des publications de la CECA<br \/>\n<strong>Email<\/strong> :<em> ngesche(at)me.com<\/em><br \/>\nAcad\u00e9mie Royale des Beaux-Arts &amp; Universit\u00e9 Libre de Bruxelles<br \/>\n105 Avenue Lat\u00e9rale<br \/>\nB- 1180 Bruxelles<br \/>\nBelgique<\/div>\n<\/div>\n<p>&nbsp;<\/p>\n<div><strong>Actes de conf\u00e9rences<\/strong><br \/>\nProceedings of ICOM CECA 2016 : <a href=\"http:\/\/ceca.mini.icom.museum\/wp-content\/uploads\/sites\/5\/2018\/12\/Milan_proceedings.pdf\" target=\"_blank\" rel=\"noopener\">Museums and Cultural Landscapes CECA<\/a> Activities Beyond the Museum Walls<br \/>\nProceedings of ICOM CECA 2015 : <a href=\"https:\/\/drive.google.com\/open?id=0B3x6tIJtXYkyWVRqdTg4d1hZelk\" target=\"_blank\" rel=\"noopener\">Museum Education &amp; Accessibility Bridging The Gaps<\/a><br \/>\nProceedings of ICOM CECA 2014 : Squaring the Circle? Research, Museum, Public: <a href=\"https:\/\/drive.google.com\/file\/d\/0B8yHu7SudP4kRE1peXBRTDB1MVU\/view?usp=sharing\" target=\"_blank\" rel=\"noopener\">A Common Engagement towards Effective Communication<\/a><\/div>\n<\/div>\n<p>&nbsp;<\/p>\n<\/div>\n","protected":false},"excerpt":{"rendered":"<p>ICOM \u00c9ducation est la revue officielle du CECA Intitul\u00e9e Annales des mus\u00e9es pour les six premiers num\u00e9ros. La plupart des \u00e9ditions pass\u00e9es sont accessibles en cliquant sur les liens ci-dessous. Jusqu&#8217;au num\u00e9ro 30, les revues &#8211; depuis le d\u00e9but bilingues fran\u00e7ais-anglais, et depuis le num\u00e9ro 16 avec des contributions en espagnol &#8211; ne sont disponibles [&hellip;]<\/p>\n","protected":false},"author":1,"featured_media":0,"parent":114,"menu_order":1,"comment_status":"closed","ping_status":"closed","template":"","meta":{"footnotes":""},"yst_prominent_words":[999,995,994,991,277,111,992,989,987,711,278,993,990,988,1544,1543],"acf":[],"_links":{"self":[{"href":"https:\/\/ceca.mini.icom.museum\/fr\/wp-json\/wp\/v2\/pages\/733"}],"collection":[{"href":"https:\/\/ceca.mini.icom.museum\/fr\/wp-json\/wp\/v2\/pages"}],"about":[{"href":"https:\/\/ceca.mini.icom.museum\/fr\/wp-json\/wp\/v2\/types\/page"}],"author":[{"embeddable":true,"href":"https:\/\/ceca.mini.icom.museum\/fr\/wp-json\/wp\/v2\/users\/1"}],"replies":[{"embeddable":true,"href":"https:\/\/ceca.mini.icom.museum\/fr\/wp-json\/wp\/v2\/comments?post=733"}],"version-history":[{"count":31,"href":"https:\/\/ceca.mini.icom.museum\/fr\/wp-json\/wp\/v2\/pages\/733\/revisions"}],"predecessor-version":[{"id":2365,"href":"https:\/\/ceca.mini.icom.museum\/fr\/wp-json\/wp\/v2\/pages\/733\/revisions\/2365"}],"up":[{"embeddable":true,"href":"https:\/\/ceca.mini.icom.museum\/fr\/wp-json\/wp\/v2\/pages\/114"}],"wp:attachment":[{"href":"https:\/\/ceca.mini.icom.museum\/fr\/wp-json\/wp\/v2\/media?parent=733"}],"wp:term":[{"taxonomy":"yst_prominent_words","embeddable":true,"href":"https:\/\/ceca.mini.icom.museum\/fr\/wp-json\/wp\/v2\/yst_prominent_words?post=733"}],"curies":[{"name":"wp","href":"https:\/\/api.w.org\/{rel}","templated":true}]}}