{"id":766,"date":"2018-12-18T15:21:02","date_gmt":"2018-12-18T15:21:02","guid":{"rendered":"http:\/\/ceca.icom.cust.oxymium.net\/publications-2\/publications\/"},"modified":"2019-12-09T00:52:47","modified_gmt":"2019-12-09T00:52:47","slug":"publications","status":"publish","type":"page","link":"https:\/\/ceca.mini.icom.museum\/fr\/publications\/publications\/","title":{"rendered":"Rapports de recherche"},"content":{"rendered":"<div>\n<p><strong>Depuis 1998, le CECA a publi\u00e9<\/strong> quatre livres de rapports de recherche. Il s&#8217;agit de versions \u00e9largies et plus d\u00e9taill\u00e9es des communications pr\u00e9sent\u00e9es lors des conf\u00e9rences g\u00e9n\u00e9rales annuelles.<\/p>\n<p><strong>Consulter les exemplaires des publications en ligne :<\/strong><\/p>\n<p class=\"bodytext\">C. Dufresne-Tass\u00e9 (ed) (2006).<br \/>\n<a href=\"https:\/\/docs.google.com\/leaf?id=0B8yHu7SudP4kN2IxZGU3NWMtMDg5Yi00NWFlLWE2NzYtYjdkNjY4YTUzMGUw&amp;hl=de\" target=\"_blank\" rel=\"noopener\"><i>Familles, \u00e9coliers et personnes \u00e2g\u00e9es au mus\u00e9e: Recherches et perspectives \/ Families, Schoolchildren and Seniors at the Museum: Research and Trends \/ Familias, escolares y personas de edad en el museo: Investigaciones y perspectivas.\u00a0Paris, ICOM CECA.<\/i><\/a><\/p>\n<p class=\"bodytext\">C. Dufresne-Tass\u00e9 (ed) (2002).<br \/>\n<a href=\"https:\/\/docs.google.com\/open?id=0B8yHu7SudP4kOGY4ZWM2MGEtMmZmZi00MGVhLTgzNTAtNzEzYThmOTk0MTA4\" target=\"_blank\" rel=\"noopener\"><i>L&#8217;\u00e9valuation, recherche appliqu\u00e9e aux multiples usages \/ Evalaluation, Multi-Purpose Applied Research \/ La evaluacion, investigacion aplicada a usos multiples.\u00a0Paris, ICOM CECA.<\/i><\/a><\/p>\n<div>\n<p class=\"bodytext\">C. Dufresne-Tass\u00e9 (ed) (2000).<br \/>\n<a class=\"external-link-new-window\" title=\"Opens external link in new window\" href=\"https:\/\/docs.google.com\/file\/d\/0B8yHu7SudP4kNzA4YjJiZTktYWZkYy00OWJlLWEzMGYtOWIyNmQwZTRmOTNi\/edit?usp=sharing\" target=\"_blank\" rel=\"noopener\"><i>Diff\u00e9rences culturelles, distance et apprentissage du visiteur \/ Cultural Differences, Distance and Visitor&#8217;s Learning \/ Diferencias culturales, distancia y aprendizage del visitante.\u00a0Paris, ICOM CECA.<\/i><\/a><\/p>\n<\/div>\n<p class=\"bodytext\">C. Dufresne-Tass\u00e9 (ed) (1998).<br \/>\n<i>\u00c9valuation et \u00e9ducation mus\u00e9ale; nouvelles tendances \/ Evaluation and Museum Education: New Trends \/ Evalacion y educacion museistica: Nuevas tendencias.<\/i>\u00a0Paris, ICOM CECA.<\/p>\n<p class=\"bodytext\">Pour plus d\u2019information au sujet de ces rapports, adressez vous \u00e0 Colette Dufresne-Tass\u00e9 on\u00a0colette.dufresne.tasse[at]umontreal.ca<\/p>\n<p><!--TYPO3SEARCH_begin--><!--TYPO3SEARCH_end--><\/p>\n<\/div>\n","protected":false},"excerpt":{"rendered":"<p>Depuis 1998, le CECA a publi\u00e9 quatre livres de rapports de recherche. Il s&#8217;agit de versions \u00e9largies et plus d\u00e9taill\u00e9es des communications pr\u00e9sent\u00e9es lors des conf\u00e9rences g\u00e9n\u00e9rales annuelles. Consulter les exemplaires des publications en ligne : C. Dufresne-Tass\u00e9 (ed) (2006). Familles, \u00e9coliers et personnes \u00e2g\u00e9es au mus\u00e9e: Recherches et perspectives \/ Families, Schoolchildren and Seniors [&hellip;]<\/p>\n","protected":false},"author":1,"featured_media":0,"parent":114,"menu_order":3,"comment_status":"closed","ping_status":"closed","template":"","meta":{"footnotes":""},"yst_prominent_words":[1837,1010,1734,277,614,1835,1833,1836,286,308,1728,1771,1736,1831,1834,1832,1336,1560,310,1830],"acf":[],"_links":{"self":[{"href":"https:\/\/ceca.mini.icom.museum\/fr\/wp-json\/wp\/v2\/pages\/766"}],"collection":[{"href":"https:\/\/ceca.mini.icom.museum\/fr\/wp-json\/wp\/v2\/pages"}],"about":[{"href":"https:\/\/ceca.mini.icom.museum\/fr\/wp-json\/wp\/v2\/types\/page"}],"author":[{"embeddable":true,"href":"https:\/\/ceca.mini.icom.museum\/fr\/wp-json\/wp\/v2\/users\/1"}],"replies":[{"embeddable":true,"href":"https:\/\/ceca.mini.icom.museum\/fr\/wp-json\/wp\/v2\/comments?post=766"}],"version-history":[{"count":7,"href":"https:\/\/ceca.mini.icom.museum\/fr\/wp-json\/wp\/v2\/pages\/766\/revisions"}],"predecessor-version":[{"id":2620,"href":"https:\/\/ceca.mini.icom.museum\/fr\/wp-json\/wp\/v2\/pages\/766\/revisions\/2620"}],"up":[{"embeddable":true,"href":"https:\/\/ceca.mini.icom.museum\/fr\/wp-json\/wp\/v2\/pages\/114"}],"wp:attachment":[{"href":"https:\/\/ceca.mini.icom.museum\/fr\/wp-json\/wp\/v2\/media?parent=766"}],"wp:term":[{"taxonomy":"yst_prominent_words","embeddable":true,"href":"https:\/\/ceca.mini.icom.museum\/fr\/wp-json\/wp\/v2\/yst_prominent_words?post=766"}],"curies":[{"name":"wp","href":"https:\/\/api.w.org\/{rel}","templated":true}]}}