{"id":805,"date":"2018-12-18T15:21:12","date_gmt":"2018-12-18T15:21:12","guid":{"rendered":"http:\/\/ceca.icom.cust.oxymium.net\/publications-2\/best-practice\/"},"modified":"2025-09-20T09:25:00","modified_gmt":"2025-09-20T09:25:00","slug":"best-practice","status":"publish","type":"page","link":"https:\/\/ceca.mini.icom.museum\/fr\/publications\/best-practice\/","title":{"rendered":"Livres Best Practice"},"content":{"rendered":"<div>\n<p><!--TYPO3SEARCH_begin--> <!-- CONTENT ELEMENT, uid:10899\/text [begin] --><\/p>\n<div>\n<p><!-- Header: [begin] --><\/p>\n<div id=\"c10899\" class=\"csc-default\">\n<p><strong>Ces livres pr\u00e9sentent les r\u00e9sultats des activit\u00e9s professionnelles<\/strong> et d&#8217;\u00e9valuation men\u00e9es par les membres du CECA depuis 2012 \u00e0 l&#8217;aide de l&#8217;outil des meilleures pratiques. Il s&#8217;agit d&#8217;un outil pour am\u00e9liorer l&#8217;\u00e9ducation mus\u00e9ale au niveau international.<\/p>\n<hr \/>\n<div class=\"tx-hporelatedlink-pi1\"><\/div>\n<\/div>\n<div id=\"c10403\" class=\"csc-default\">\n<h3 class=\"title\"><strong>LIVRE SUR LES MEILLEURS PRATIQUES<\/strong><\/h3>\n<p class=\"align-justify\"><span class=\"edito\"><br \/>\n<\/span><span class=\"edito\"><b>BEST PRACTICE 13<\/b>\u00a0<b>&#8211; <\/b>Un outil pour am\u00e9liorer l&#8217;\u00e9ducation mus\u00e9ale \u00e0 l&#8217;\u00e9chelle internationale.<br \/>\nSous la direction de Margarita Laraign\u00e9e.<img decoding=\"async\" loading=\"lazy\" class=\"size-medium wp-image-13572 alignright\" src=\"https:\/\/ceca.mini.icom.museum\/wp-content\/uploads\/sites\/5\/2025\/09\/couverture-Book-BEST-PRACTICE-13-2025-2-300pxR-236x300.jpg\" alt=\"\" width=\"236\" height=\"300\" srcset=\"https:\/\/ceca.mini.icom.museum\/wp-content\/uploads\/sites\/5\/2025\/09\/couverture-Book-BEST-PRACTICE-13-2025-2-300pxR-236x300.jpg 236w, https:\/\/ceca.mini.icom.museum\/wp-content\/uploads\/sites\/5\/2025\/09\/couverture-Book-BEST-PRACTICE-13-2025-2-300pxR.jpg 300w\" sizes=\"(max-width: 236px) 100vw, 236px\" \/><br \/>\n<\/span><span class=\"edito\"><strong>Lien vers la version num\u00e9rique de l\u2019ouvrage<\/strong> <strong><a href=\"https:\/\/ceca.mini.icom.museum\/wp-content\/uploads\/sites\/5\/2025\/09\/Book-BEST-PRACTICE-13-2025_compres.pdf\" target=\"_blank\" rel=\"noopener\">&lt;Best Practice 13&gt;<\/a><\/strong><br \/>\n&lt;<a href=\"https:\/\/ceca.mini.icom.museum\/wp-content\/uploads\/sites\/5\/2025\/09\/Reference-on-the-cover-images-author-3lingue.pdf\" target=\"_blank\" rel=\"noopener\">Xul Solar, auteur de l\u2019image de couverture<\/a>&gt;<\/span><\/p>\n<p><a href=\"https:\/\/ceca.mini.icom.museum\/wp-content\/uploads\/sites\/5\/2024\/09\/Book-BEST-PRACTICE-12_compressed.pdf\" target=\"_blank\" rel=\"noopener\">BP livre 12 &#8211; 2024<\/a><br \/>\n<a href=\"https:\/\/ceca.mini.icom.museum\/wp-content\/uploads\/sites\/5\/2023\/09\/Book-BEST-PRACTICE-11-2023-336Mo.pdf\" target=\"_blank\" rel=\"noopener\">BP livre 11 &#8211; 2023<\/a><br \/>\n<a href=\"https:\/\/ceca.mini.icom.museum\/wp-content\/uploads\/sites\/5\/2022\/08\/Book-BEST-PRACTICE-10-V3.pdf\" target=\"_blank\" rel=\"noopener\">BP livre 10 &#8211; 2022<\/a><br \/>\n<a href=\"https:\/\/ceca.mini.icom.museum\/wp-content\/uploads\/sites\/5\/2021\/11\/BP-book-9.pdf\" target=\"_blank\" rel=\"noopener\">BP livre 9 &#8211; 2021<\/a><br \/>\n<span class=\"edito\"><a href=\"https:\/\/ceca.mini.icom.museum\/wp-content\/uploads\/sites\/5\/2021\/06\/best_practice_8_book_aout2019.pdf\" target=\"_blank\" rel=\"noopener\">BP livre 8 &#8211;\u00a0 2019<\/a><br \/>\n<a title=\"TEXT, BP Book 2011-2016, BP_Book_2011-2016.pdf, 19.1 MB\" href=\"https:\/\/ceca.mini.icom.museum\/wp-content\/uploads\/sites\/5\/2021\/06\/BP_book_no._7_2018-compressed.pdf\" target=\"_blank\" rel=\"noopener\">BP livre 7 &#8211; 2018<\/a><br \/>\n<a title=\"TEXT, BP Book no. 6 2017, BP_Book_no._6_2017.pdf, 4.1 MB\" href=\"https:\/\/ceca.mini.icom.museum\/wp-content\/uploads\/sites\/5\/2021\/06\/BP_Book_no._6_2017-compressed.pdf\" target=\"_blank\" rel=\"noopener\">BP livre 6 &#8211; 2017<\/a><br \/>\n<a title=\"TEXT, BP Book 2011-2016, BP_Book_2011-2016.pdf, 19.1 MB\" href=\"https:\/\/ceca.mini.icom.museum\/wp-content\/uploads\/sites\/5\/2021\/06\/BP_Book_2011-2016-compressed.pdf\" target=\"_blank\" rel=\"noopener\">BP livre 2011 2016<\/a><br \/>\n<a title=\"TEXT, BP Book no. 5, BP_Book_no._5.pdf, 19.7 MB\" href=\"https:\/\/ceca.mini.icom.museum\/wp-content\/uploads\/sites\/5\/2021\/06\/BP_Book_no._5-compressed.pdf\" target=\"_blank\" rel=\"noopener\">BP livre 5 2016<\/a><br \/>\nBP livre 4<br \/>\n<a title=\"TEXT, BP Book no. 3, BP_Book_no._3.pdf, 5.5 MB\" href=\"https:\/\/ceca.mini.icom.museum\/wp-content\/uploads\/sites\/5\/2021\/06\/BP_Book_no._3.pdf\" target=\"_blank\" rel=\"noopener\">BP livre 3 2014<\/a><br \/>\n<a title=\"TEXT, BP Book no. 2, BP_Book_no._2.pdf, 4.2 MB\" href=\"https:\/\/ceca.mini.icom.museum\/wp-content\/uploads\/sites\/5\/2021\/06\/BP_Book_no._2-compressed.pdf\" target=\"_blank\" rel=\"noopener\">BP livre 2 2013<\/a><br \/>\n<a title=\"TEXT, BP Book no. 1, BP_Book_no._1.pdf, 3.2 MB\" href=\"https:\/\/ceca.mini.icom.museum\/wp-content\/uploads\/sites\/5\/2021\/06\/BP_Book_no._1-compressed.pdf\" target=\"_blank\" rel=\"noopener\">BP livre 1 2012<\/a><\/span><\/p>\n<\/div>\n<\/div>\n<div>\n<p><!-- END: Content of extension \"hpo_relatedlink\", plugin \"tx_hporelatedlink_pi1\" --><\/p>\n<\/div>\n<p><!-- CONTENT ELEMENT, uid:10403\/text [end] --> <!--TYPO3SEARCH_end--><\/p>\n<\/div>\n","protected":false},"excerpt":{"rendered":"<p>Ces livres pr\u00e9sentent les r\u00e9sultats des activit\u00e9s professionnelles et d&#8217;\u00e9valuation men\u00e9es par les membres du CECA depuis 2012 \u00e0 l&#8217;aide de l&#8217;outil des meilleures pratiques. Il s&#8217;agit d&#8217;un outil pour am\u00e9liorer l&#8217;\u00e9ducation mus\u00e9ale au niveau international. LIVRE SUR LES MEILLEURS PRATIQUES BEST PRACTICE 13\u00a0&#8211; Un outil pour am\u00e9liorer l&#8217;\u00e9ducation mus\u00e9ale \u00e0 l&#8217;\u00e9chelle internationale. Sous la [&hellip;]<\/p>\n","protected":false},"author":1,"featured_media":0,"parent":114,"menu_order":2,"comment_status":"closed","ping_status":"closed","template":"","meta":{"footnotes":""},"yst_prominent_words":[1992,246,1559,1551,1838,1052,1546,277,614,1993,711,1991,1502,1557,1549,1547,1545,1558,1550,1548,2092],"acf":[],"_links":{"self":[{"href":"https:\/\/ceca.mini.icom.museum\/fr\/wp-json\/wp\/v2\/pages\/805"}],"collection":[{"href":"https:\/\/ceca.mini.icom.museum\/fr\/wp-json\/wp\/v2\/pages"}],"about":[{"href":"https:\/\/ceca.mini.icom.museum\/fr\/wp-json\/wp\/v2\/types\/page"}],"author":[{"embeddable":true,"href":"https:\/\/ceca.mini.icom.museum\/fr\/wp-json\/wp\/v2\/users\/1"}],"replies":[{"embeddable":true,"href":"https:\/\/ceca.mini.icom.museum\/fr\/wp-json\/wp\/v2\/comments?post=805"}],"version-history":[{"count":25,"href":"https:\/\/ceca.mini.icom.museum\/fr\/wp-json\/wp\/v2\/pages\/805\/revisions"}],"predecessor-version":[{"id":13575,"href":"https:\/\/ceca.mini.icom.museum\/fr\/wp-json\/wp\/v2\/pages\/805\/revisions\/13575"}],"up":[{"embeddable":true,"href":"https:\/\/ceca.mini.icom.museum\/fr\/wp-json\/wp\/v2\/pages\/114"}],"wp:attachment":[{"href":"https:\/\/ceca.mini.icom.museum\/fr\/wp-json\/wp\/v2\/media?parent=805"}],"wp:term":[{"taxonomy":"yst_prominent_words","embeddable":true,"href":"https:\/\/ceca.mini.icom.museum\/fr\/wp-json\/wp\/v2\/yst_prominent_words?post=805"}],"curies":[{"name":"wp","href":"https:\/\/api.w.org\/{rel}","templated":true}]}}