{"id":8071,"date":"2022-02-08T16:33:22","date_gmt":"2022-02-08T16:33:22","guid":{"rendered":"https:\/\/ceca.mini.icom.museum\/?page_id=8071"},"modified":"2025-08-16T12:20:00","modified_gmt":"2025-08-16T12:20:00","slug":"protocole-et-calendrier","status":"publish","type":"page","link":"https:\/\/ceca.mini.icom.museum\/fr\/elections-2\/protocole-et-calendrier\/","title":{"rendered":"Protocole et calendrier"},"content":{"rendered":"<h3><\/h3>\n<h3 style=\"text-align: center\"><img decoding=\"async\" loading=\"lazy\" class=\"aligncenter wp-image-12932\" src=\"https:\/\/ceca.mini.icom.museum\/wp-content\/uploads\/sites\/5\/2025\/04\/collage-board-2022-2025-sauvegarde-v4-700R-300x127.jpg\" alt=\"\" width=\"700\" height=\"296\" srcset=\"https:\/\/ceca.mini.icom.museum\/wp-content\/uploads\/sites\/5\/2025\/04\/collage-board-2022-2025-sauvegarde-v4-700R-300x127.jpg 300w, https:\/\/ceca.mini.icom.museum\/wp-content\/uploads\/sites\/5\/2025\/04\/collage-board-2022-2025-sauvegarde-v4-700R.jpg 700w\" sizes=\"(max-width: 700px) 100vw, 700px\" \/>Rejoignez, soutenez, compl\u00e9tez le Bureau du CECA !<\/h3>\n<p style=\"text-align: center\"><strong>Candidatez : 20 Avril- 12 Juin 2025<\/strong><br \/>\n<strong>Votez : 15 Ao\u00fbt \u2013 15 Septembre 2025<\/strong><\/p>\n<p>Un nouveau Bureau est \u00e9lu tous les trois ans \u00e0 l\u2019occasion de la conf\u00e9rence triennale de l\u2019ICOM.<br \/>\n<strong>Les membres du CECA, int\u00e9ress\u00e9s par la collaboration aux travaux du Bureau, sont invit\u00e9s \u00e0 faire acte de candidature.<\/strong><br \/>\nTous les membres du CECA sont invit\u00e9s \u00e0 voter pour \u00e9lire les membres qui vont les repr\u00e9senter au sein de ce comit\u00e9 international, l\u2019un des plus nombreux et des plus actifs de l\u2019ICOM<\/p>\n<hr \/>\n<h3><strong>Protocole d&#8217;\u00e9lections 2025<\/strong><\/h3>\n<p>Un nouveau conseil d&#8217;administration est \u00e9lu tous les trois ans \u00e0 l&#8217;occasion de la conf\u00e9rence triennale de l&#8217;ICOM.<br \/>\nL&#8217;ann\u00e9e pr\u00e9c\u00e9dant la conf\u00e9rence triennale de l&#8217;ICOM, est nomm\u00e9e une \u00e9quipe de travail sur les \u00e9lections.<\/p>\n<p><strong>L&#8217;\u00e9quipe Elections 2025 est compos\u00e9e de :<\/strong><\/p>\n<ul>\n<li>Asmah Alias, membre du Bureau du CECA , coordonatrice Asie, <strong>responsable des \u00e9lections<\/strong>, qui ne se pr\u00e9sentera pas aux prochaines \u00e9lections.<\/li>\n<li>Anne Marie Emond, Secr\u00e9taire et tr\u00e9sori\u00e8re CECA.<\/li>\n<li>Sylvie Savare, coordinatrice des m\u00e9dias sociaux du CECA.<\/li>\n<\/ul>\n<p><strong>Tout le travail de l\u2019\u00e9quipe \u00c9lections est supervis\u00e9 par deux membres du CECA, <\/strong>qui ne font <strong>pas partie du conseil<\/strong> d\u2019administration et ne sont <strong>pas candidats<\/strong> \u00e0 un poste d\u2019administrateur. L\u2019un de ces membres, au moins, doit \u00eatre nouveau dans cette fonction. En 2025, ce suivi est accept\u00e9 par Ani Avagyan, Haryany Mohamad.<\/p>\n<p>La responsable des \u00e9lections nomme cette \u00e9quipe.<br \/>\nElle est responsable de l\u2019inclusion de ces membres dans la communication concernant les \u00e9lections. Il s\u2019agit de membres neutres du CECA qui n\u2019ont pas de lien direct avec les candidats. Ils sont ajout\u00e9s dans le suivi de la communication de l\u2019\u00e9quipe \u00c9lections, d\u00e8s le d\u00e9but du processus \u00e9lectoral.<br \/>\nIls envoient \u00e9galement leurs commentaires chaque fois qu\u2019ils le jugent opportun&#8230; Ils r\u00e9digeront un court rapport final qui accompagnera le rapport d\u2019\u00e9lection.<\/p>\n<p><strong>Le Bureau du CECA 2025-2028, compte tenu de ses nombreuses activit\u00e9s, comprendra environ quinze membres<\/strong> :<br \/>\nun pr\u00e9sident et douze autres membres, parmi lesquels le conseil choisit le secr\u00e9taire, le tr\u00e9sorier, cinq coordinateurs r\u00e9gionaux, le coordinateur du site web et toutes autres fonctions n\u00e9cessaires.<br \/>\n<strong>&lt;<a href=\"https:\/\/ceca.mini.icom.museum\/wp-content\/uploads\/sites\/5\/2025\/04\/FR-elections-Roles-et-taches-def-2025.pdf\" target=\"_blank\" rel=\"noopener\">R\u00f4les et t\u00e2ches des membres du Bureau<\/a>&gt;<\/strong><strong><br \/>\n&lt;<a href=\"https:\/\/ceca.mini.icom.museum\/wp-content\/uploads\/sites\/5\/2025\/05\/allocating-functions-asignacion-de-funciones-repartitions-des-fonctions.pdf\" target=\"_blank\" rel=\"noopener\">Processus final de r\u00e9partitions des fonctions<\/a>&gt;<\/strong><\/p>\n<p><strong>Pour certaines t\u00e2ches qui requi\u00e8rent des comp\u00e9tences particuli\u00e8res et\/ou de la continuit\u00e9<\/strong>, le Conseil peut ajouter des membres dits \u00abconseillers\u00bb.<br \/>\nLe nombre et les fonctions de ces membres d\u00e9pendent de la d\u00e9cision du pr\u00e9sident, qui prend l\u2019avis du Bureau. Le pr\u00e9sident pr\u00e9sente sa proposition de membres du CECA \u00e0 nommer conseillers, apr\u00e8s l\u2019installation du nouveau Bureau lors de la conf\u00e9rence g\u00e9n\u00e9rale du CECA.<\/p>\n<hr \/>\n<h3><strong>Calendrier de proc\u00e9dure<\/strong><\/h3>\n<p><strong>La proc\u00e9dure de vote comprend les \u00e9tapes suivantes :<\/strong><\/p>\n<p><strong>\u25ba <\/strong><strong>\u00c9tape 1 \/ Nomination des candidats<\/strong><br \/>\n<em>20 Avril. 12 Juin 2025<\/em><br \/>\nFormulaire de nomination disponible ici sous forme de document Word.<br \/>\nTous les membres sont inform\u00e9s et invit\u00e9s \u00e0 se pr\u00e9senter \u00e0 un poste au sein du conseil d\u2019administration, dans le d\u00e9lai sp\u00e9cifique de d\u00e9p\u00f4t des candidatures.<br \/>\nTous les membres sont pri\u00e9s de s\u2019assurer qu\u2019ils sont enregistr\u00e9s en tant que membres de l\u2019ICOM et du CECA (num\u00e9ro de membre ICOM requis), afin de pouvoir se pr\u00e9senter, puis voter.<br \/>\n<strong>&lt;<a href=\"https:\/\/ceca.mini.icom.museum\/wp-content\/uploads\/sites\/5\/2025\/06\/FR-EN-ES-Formulaire-3-de-candidature-2025-r.pdf\" target=\"_blank\" rel=\"noopener\">Formulaire de candidature 2025 PDF<\/a>&gt;<\/strong><br \/>\n<strong>&lt;<a href=\"https:\/\/ceca.mini.icom.museum\/wp-content\/uploads\/sites\/5\/2025\/06\/FR-EN-ES-Formulaire-4-de-candidature-2025.doc\" target=\"_blank\" rel=\"noopener\">Formulaire de candidature 2025 Word<\/a>&gt;\u00a0\u00a0<\/strong> voir dans votre dossier de t\u00e9l\u00e9chargement<\/p>\n<p><strong>12 juin 2025 : Date de cl\u00f4ture des candidatures<\/strong><\/p>\n<p>\u00c0 compter du 12 juin, l\u2019\u00e9quipe \u00c9lections v\u00e9rifie la validit\u00e9 de chaque candidature et r\u00e9dige la fiche de pr\u00e9sentation de chaque candidat.<\/p>\n<p>La liste des candidats et une fiche de pr\u00e9sentation pour chaque candidat seront diffus\u00e9es dans les meilleurs d\u00e9lais, ici, sur le site, \u00e0 la page VOTEZ et sur les r\u00e9seaux sociaux<\/p>\n<p><strong>\u25ba <\/strong><strong>\u00c9tape 2 \/ \u00c9tablissement de la liste \u00e9lectorale<br \/>\n<\/strong><em>\u00c0 partir du 25 juin 2025<\/em><\/p>\n<p>Des annonces r\u00e9guli\u00e8res sur les r\u00e9seaux sociaux invitent les candidats \u00e0 v\u00e9rifier leur capacit\u00e9 \u00e0 voter.<\/p>\n<p>Pour pouvoir voter, il faut que vous soyez membre de l\u2019ICOM, \u00e0 jour de votre cotisation 2025,<br \/>\nET<br \/>\nque vous ayez choisi le CECA, comme comit\u00e9 principal.<\/p>\n<p>Si vous recevez les newsletters du CECA, aucune d\u00e9marche n\u2019est n\u00e9cessaire\u00a0: cela signifie que vous \u00eates inscrit sur la liste \u00e9lectorale.<\/p>\n<p>ATTENTION\u00a0: Si vous ne recevez pas les newsletters du CECA et pour le cas particulier des repr\u00e9sentants d\u00e9sign\u00e9s par leur institution, reportez-vous \u00e0 la page VOTEZ. L&#8217;ensemble des documents requis devra nous parvenir \u00e0 l&#8217;adresse : <a href=\"mailto:election.icomceca@gmail.com\" target=\"_blank\" rel=\"noopener\">election.icomceca@gmail.com<\/a> IMP\u00c9RATIVEMENT avant le 1er septembre (minuit, CET), afin de permettre les v\u00e9rifications.<\/p>\n<p><strong>La campagne \u00e9lectorale s\u2019arr\u00eatera le 14 ao\u00fbt (minuit, CET).<\/strong><\/p>\n<p><strong>\u25ba <\/strong><strong>\u00c9tape 3 \/ Vote<\/strong><br \/>\n<em>15 Ao\u00fbt 2025- 15 Septembre 2025<\/em><\/p>\n<p>Tous les membres, inscrits sur la liste du CECA, re\u00e7oivent DIRECTEMENT de la plateforme BALOTILO un lien permettant d\u2019acc\u00e9der au vote. Ce syst\u00e8me, avec un code unique et personnel, assure la s\u00e9curit\u00e9 du vote et l\u2019anonymat.<\/p>\n<p>Des relances d\u2019appel \u00e0 voter sont effectu\u00e9es directement depuis la plateforme BALOTILO.<\/p>\n<p>Les r\u00e9seaux sociaux invitent r\u00e9guli\u00e8rement les membres \u00e0 participer au vote.<\/p>\n<p>Les membres n\u2019ayant pas re\u00e7u, au cours de cette p\u00e9riode, le lien provenant de la plateforme BALOTILO sont invit\u00e9s \u00e0 adresser un e-mail \u00e0\u00a0: <a href=\"mailto:election.icomceca@gmail.com\" target=\"_blank\" rel=\"noopener\">election.icomceca@gmail.com<\/a> afin de r\u00e9gulariser leur situation selon les modalit\u00e9s d\u00e9crites sur la page VOTEZ.<\/p>\n<p><strong>\u25ba <\/strong><strong>\u00c9tape 4 \/ D\u00e9pouillement des votes et annonce des r\u00e9sultats<br \/>\n<\/strong><em>16 septembre 2025 \u2013 18 octobre 2025<\/em><\/p>\n<p>La responsable des \u00e9lections communique le r\u00e9sultat des \u00e9lections au bureau du CECA et aux candidats.<\/p>\n<p>Lors de l&#8217;Assembl\u00e9e g\u00e9n\u00e9rale du 18 octobre est annonc\u00e9 le r\u00e9sultat des \u00e9lections \u00e0 l&#8217;ensemble des membres du CECA.<\/p>\n<p><strong>\u25ba \u00c9tape 5 \/ Installation du nouveau Bureau<br \/>\n<\/strong><em>15 novembre 2025<\/em><br \/>\nPendant la conf\u00e9rence g\u00e9n\u00e9rale du CECA, lors de la conf\u00e9rence g\u00e9n\u00e9rale de l\u2019ICOM (11-15 novembre 2025, \u00e0 Duba\u00ef) a lieu l\u2019installation officielle du nouveau Bureau du CECA.<\/p>\n<p style=\"text-align: right\">Mise \u00e0 jour le 23 juin 2025<br \/>\nMise \u00e0 jour le 16\u00a0 aout 2025<\/p>\n<hr \/>\n<p><strong>Au sujet des formulaires de candidature et des bulletins de vote \u00e9lectronique :<\/strong><br \/>\n&lt;<a href=\"https:\/\/ceca.mini.icom.museum\/wp-content\/uploads\/sites\/5\/2025\/04\/ICOM-SG-Information-regarding-GDPR-2025.pdf\" target=\"_blank\" rel=\"noopener\">Informations concernant le RGPD<\/a>&gt;<br \/>\n&lt;<a href=\"https:\/\/icom.museum\/fr\/politique-de-confidentialite\/\" target=\"_blank\" rel=\"noopener\">Politique de confidentialit\u00e9<\/a>&gt;<\/p>\n<p>&nbsp;<\/p>\n<p>&nbsp;<\/p>\n<p>&nbsp;<\/p>\n<p>&nbsp;<\/p>\n<p>&nbsp;<\/p>\n<p>&nbsp;<\/p>\n<p>&nbsp;<\/p>\n","protected":false},"excerpt":{"rendered":"<p>Rejoignez, soutenez, compl\u00e9tez le Bureau du CECA ! Candidatez : 20 Avril- 12 Juin 2025 Votez : 15 Ao\u00fbt \u2013 15 Septembre 2025 Un nouveau Bureau est \u00e9lu tous les trois ans \u00e0 l\u2019occasion de la conf\u00e9rence triennale de l\u2019ICOM. Les membres du CECA, int\u00e9ress\u00e9s par la collaboration aux travaux du Bureau, sont invit\u00e9s \u00e0 [&hellip;]<\/p>\n","protected":false},"author":1,"featured_media":0,"parent":8052,"menu_order":1,"comment_status":"closed","ping_status":"closed","template":"","meta":{"footnotes":""},"yst_prominent_words":[1734,91,487,493],"acf":[],"_links":{"self":[{"href":"https:\/\/ceca.mini.icom.museum\/fr\/wp-json\/wp\/v2\/pages\/8071"}],"collection":[{"href":"https:\/\/ceca.mini.icom.museum\/fr\/wp-json\/wp\/v2\/pages"}],"about":[{"href":"https:\/\/ceca.mini.icom.museum\/fr\/wp-json\/wp\/v2\/types\/page"}],"author":[{"embeddable":true,"href":"https:\/\/ceca.mini.icom.museum\/fr\/wp-json\/wp\/v2\/users\/1"}],"replies":[{"embeddable":true,"href":"https:\/\/ceca.mini.icom.museum\/fr\/wp-json\/wp\/v2\/comments?post=8071"}],"version-history":[{"count":30,"href":"https:\/\/ceca.mini.icom.museum\/fr\/wp-json\/wp\/v2\/pages\/8071\/revisions"}],"predecessor-version":[{"id":13549,"href":"https:\/\/ceca.mini.icom.museum\/fr\/wp-json\/wp\/v2\/pages\/8071\/revisions\/13549"}],"up":[{"embeddable":true,"href":"https:\/\/ceca.mini.icom.museum\/fr\/wp-json\/wp\/v2\/pages\/8052"}],"wp:attachment":[{"href":"https:\/\/ceca.mini.icom.museum\/fr\/wp-json\/wp\/v2\/media?parent=8071"}],"wp:term":[{"taxonomy":"yst_prominent_words","embeddable":true,"href":"https:\/\/ceca.mini.icom.museum\/fr\/wp-json\/wp\/v2\/yst_prominent_words?post=8071"}],"curies":[{"name":"wp","href":"https:\/\/api.w.org\/{rel}","templated":true}]}}