{"id":8077,"date":"2022-02-09T11:50:01","date_gmt":"2022-02-09T11:50:01","guid":{"rendered":"https:\/\/ceca.mini.icom.museum\/?page_id=8077"},"modified":"2025-10-20T00:26:41","modified_gmt":"2025-10-20T00:26:41","slug":"votez","status":"publish","type":"page","link":"https:\/\/ceca.mini.icom.museum\/fr\/elections-2\/votez\/","title":{"rendered":"Votez !"},"content":{"rendered":"<h4><strong>Votez : 15 ao\u00fbt \u2013 15 septembre 2025<\/strong><\/h4>\n<p><strong><img decoding=\"async\" loading=\"lazy\" class=\"size-full wp-image-13397 alignright\" src=\"https:\/\/ceca.mini.icom.museum\/wp-content\/uploads\/sites\/5\/2025\/06\/SPA-liste-des-candidats-200px.jpg\" alt=\"\" width=\"200\" height=\"200\" srcset=\"https:\/\/ceca.mini.icom.museum\/wp-content\/uploads\/sites\/5\/2025\/06\/SPA-liste-des-candidats-200px.jpg 200w, https:\/\/ceca.mini.icom.museum\/wp-content\/uploads\/sites\/5\/2025\/06\/SPA-liste-des-candidats-200px-150x150.jpg 150w\" sizes=\"(max-width: 200px) 100vw, 200px\" \/><\/strong><strong><span class=\"--l --r hover:bg-blue-100 hover:dark:bg-blue-600\"><span class=\"--l container-target\">Candidats<\/span><\/span> <span class=\"--l --r hover:bg-blue-100 hover:dark:bg-blue-600\"><span class=\"container-target\">\u00e0<\/span><\/span> <span class=\"--l --r hover:bg-blue-100 hover:dark:bg-blue-600\"><span class=\"container-target\">la<\/span><\/span> <span class=\"--l --r hover:bg-blue-100 hover:dark:bg-blue-600\"><span class=\"container-target\">Pr\u00e9sidence<\/span><\/span> <span class=\"--l --r hover:bg-blue-100 hover:dark:bg-blue-600\"><span class=\"container-target\">du<\/span><\/span> <span class=\"--l --r hover:bg-blue-100 hover:dark:bg-blue-600\"><span class=\"container-target\">Bureau<\/span><\/span> <span class=\"--l --r hover:bg-blue-100 hover:dark:bg-blue-600\"><span class=\"container-target\">ex\u00e9cutif<\/span><\/span> <span class=\"--l --r hover:bg-blue-100 hover:dark:bg-blue-600\"><span class=\"container-target\">du<\/span><\/span>\u00a0<span class=\"--l --r hover:bg-blue-100 hover:dark:bg-blue-600\"><span class=\"container-target\">CECA<\/span><\/span> <span class=\"--l --r hover:bg-blue-100 hover:dark:bg-blue-600\"><span class=\"container-target\">(<\/span><\/span><span class=\"--l --r hover:bg-blue-100 hover:dark:bg-blue-600\"><span class=\"container-target\">par<\/span><\/span> <span class=\"--l --r hover:bg-blue-100 hover:dark:bg-blue-600\"><span class=\"container-target\">ordre<\/span><\/span> <span class=\"--l --r hover:bg-blue-100 hover:dark:bg-blue-600\"><span class=\"container-target\">alphab\u00e9tique<\/span><\/span><span class=\"--l --r hover:bg-blue-100 hover:dark:bg-blue-600\"><span class=\"container-target\">)<\/span><\/span> <span class=\"--l --r hover:bg-blue-100 hover:dark:bg-blue-600\"><span class=\"container-target\">avec<\/span><\/span> <span class=\"--l --r hover:bg-blue-100 hover:dark:bg-blue-600\"><span class=\"container-target\">leur<\/span><\/span> <span class=\"--l --r hover:bg-blue-100 hover:dark:bg-blue-600\"><span class=\"container-target\">pr\u00e9sentation<\/span><\/span><span class=\"--l --r hover:bg-blue-100 hover:dark:bg-blue-600\"><span class=\"--r container-target\">.<\/span><\/span><\/strong><\/p>\n<ul>\n<li>Margarita LARAIGN\u00c9E &#8211; Argentine &#8211; <a href=\"https:\/\/ceca.mini.icom.museum\/wp-content\/uploads\/sites\/5\/2025\/06\/Candidature-Presidence-2025-Margarita-LARAIGNEE.pdf\" target=\"_blank\" rel=\"noopener\">Pr\u00e9sentation<\/a><\/li>\n<li>Wencke MADERBACHER &#8211; Danemark &#8211; <a href=\"https:\/\/ceca.mini.icom.museum\/wp-content\/uploads\/sites\/5\/2025\/06\/Candidature-Presidence-2025-Wencke-MADERBACHER.pdf\" target=\"_blank\" rel=\"noopener\">Pr\u00e9sentation<\/a><\/li>\n<\/ul>\n<p><strong><span class=\"--l --r hover:bg-blue-100 hover:dark:bg-blue-600\"><span class=\"--l container-target\">Candidats<\/span><\/span> <span class=\"--l --r hover:bg-blue-100 hover:dark:bg-blue-600\"><span class=\"container-target\">comme<\/span><\/span>\u00a0<span class=\"--l --r hover:bg-blue-100 hover:dark:bg-blue-600\"><span class=\"container-target\">membres<\/span><\/span> <span class=\"--l --r hover:bg-blue-100 hover:dark:bg-blue-600\"><span class=\"container-target\">ordinaires<\/span><\/span> <span class=\"--l --r hover:bg-blue-100 hover:dark:bg-blue-600\"><span class=\"container-target\">du<\/span><\/span> <span class=\"--l --r hover:bg-blue-100 hover:dark:bg-blue-600\"><span class=\"container-target\">Bureau<\/span><\/span> <span class=\"--l --r hover:bg-blue-100 hover:dark:bg-blue-600\"><span class=\"container-target\">ex\u00e9cutif<\/span><\/span> <span class=\"--l --r hover:bg-blue-100 hover:dark:bg-blue-600\"><span class=\"container-target\">du<\/span><\/span>\u00a0<span class=\"--l --r hover:bg-blue-100 hover:dark:bg-blue-600\"><span class=\"container-target\">CECA<\/span><\/span> <span class=\"--l --r hover:bg-blue-100 hover:dark:bg-blue-600\"><span class=\"container-target\">(<\/span><\/span><span class=\"--l --r hover:bg-blue-100 hover:dark:bg-blue-600\"><span class=\"container-target\">par<\/span><\/span> <span class=\"--l --r hover:bg-blue-100 hover:dark:bg-blue-600\"><span class=\"container-target\">ordre<\/span><\/span> <span class=\"--l --r hover:bg-blue-100 hover:dark:bg-blue-600\"><span class=\"container-target\">alphab\u00e9tique<\/span><\/span><span class=\"--l --r hover:bg-blue-100 hover:dark:bg-blue-600\"><span class=\"container-target\">)<\/span><\/span> <span class=\"--l --r hover:bg-blue-100 hover:dark:bg-blue-600\"><span class=\"container-target\">avec<\/span><\/span> <span class=\"--l --r hover:bg-blue-100 hover:dark:bg-blue-600\"><span class=\"container-target\">leur<\/span><\/span> <span class=\"--l --r hover:bg-blue-100 hover:dark:bg-blue-600\"><span class=\"container-target\">pr\u00e9sentation<\/span><\/span><span class=\"--l --r hover:bg-blue-100 hover:dark:bg-blue-600\"><span class=\"--r container-target\">.<\/span><\/span><\/strong><\/p>\n<ul>\n<li>Adriana Mortara ALMEIDA &#8211; Br\u00e9sil &#8211; <a href=\"https:\/\/ceca.mini.icom.museum\/wp-content\/uploads\/sites\/5\/2025\/06\/candidature-membre-ordinaire-2025-Adriana-Mortara-ALMEIDA.pdf\" target=\"_blank\" rel=\"noopener\">Pr\u00e9sentation<\/a><\/li>\n<li>Cora COHEN-AZRIA &#8211; France &#8211; <a href=\"https:\/\/ceca.mini.icom.museum\/wp-content\/uploads\/sites\/5\/2025\/06\/Candidature-2025-Cora-Cohen-Azira.pdf\" target=\"_blank\" rel=\"noopener\">Pr\u00e9sentation<\/a><\/li>\n<li>Marie-Fran\u00e7oise DELVAL &#8211; France &#8211; <a href=\"https:\/\/ceca.mini.icom.museum\/wp-content\/uploads\/sites\/5\/2025\/06\/Candidature-2025-Marie-Francoise-DELVAL-v2.pdf\" target=\"_blank\" rel=\"noopener\">Pr\u00e9sentation<\/a><\/li>\n<li>M\u00e9lanie DEVEAULT &#8211; Canada &#8211; <a href=\"https:\/\/ceca.mini.icom.museum\/wp-content\/uploads\/sites\/5\/2025\/06\/candidature-membre-ordinaire-2025-Melanie-DEVEAULT.pdf\" target=\"_blank\" rel=\"noopener\">Pr\u00e9sentation<\/a><\/li>\n<li>Thijs GERBRANDY &#8211; Pays-Bas &#8211; <a href=\"https:\/\/ceca.mini.icom.museum\/wp-content\/uploads\/sites\/5\/2025\/07\/Candidature-2025-Thijs-GERBRANDY.pdf\" target=\"_blank\" rel=\"noopener\">Pr\u00e9sentation<\/a><\/li>\n<li>Guido GERRICHHAUZEN &#8211; Pays-Bas &#8211; <a href=\"https:\/\/ceca.mini.icom.museum\/wp-content\/uploads\/sites\/5\/2025\/06\/candidature-membre-ordinaire-2025-Guido-GERRICHHAUZEN.pdf\" target=\"_blank\" rel=\"noopener\">Pr\u00e9sentation<\/a><\/li>\n<li>Estefani G\u00d3MEZ L\u00d3PEZ &#8211; Uruguay &#8211; <a href=\"https:\/\/ceca.mini.icom.museum\/wp-content\/uploads\/sites\/5\/2025\/06\/candidature-membre-ordinaire-2025-D.-Estefani-GOMEZ-LOPEZ.pdf\" target=\"_blank\" rel=\"noopener\">Pr\u00e9sentation<\/a><\/li>\n<li>Tejshvi Sajju JAIN &#8211; Inde &#8211; <a href=\"https:\/\/ceca.mini.icom.museum\/wp-content\/uploads\/sites\/5\/2025\/06\/candidature-membre-ordinaire-2025-Tejshvi-Sajju-JAIN.pdf\" target=\"_blank\" rel=\"noopener\">Pr\u00e9sentation<\/a><\/li>\n<li>Talato Philippe KABORE &#8211; Burkina Faso &#8211; <a href=\"https:\/\/ceca.mini.icom.museum\/wp-content\/uploads\/sites\/5\/2025\/06\/candidature-membre-ordinaire-2025-Talato-Philippe-KABORE.pdf\" target=\"_blank\" rel=\"noopener\">Pr\u00e9sentation<\/a><\/li>\n<li>Nofa LESTARI &#8211; Indon\u00e9sie &#8211; <a href=\"https:\/\/ceca.mini.icom.museum\/wp-content\/uploads\/sites\/5\/2025\/06\/candidature-membre-ordinaire-2025-Nofa-LESTARI.pdf\" target=\"_blank\" rel=\"noopener\">Pr\u00e9sentation<\/a><\/li>\n<li>Sylvie SAVARE &#8211; France &#8211;\u00a0 <a href=\"https:\/\/ceca.mini.icom.museum\/wp-content\/uploads\/sites\/5\/2025\/06\/Candidature-2025-Sylvie-SAVARE-v3.pdf\" target=\"_blank\" rel=\"noopener\">Pr\u00e9sentation<\/a><\/li>\n<li>Katy TARI &#8211; Canada &#8211; <a href=\"https:\/\/ceca.mini.icom.museum\/wp-content\/uploads\/sites\/5\/2025\/06\/candidature-membre-ordinaire-2025-Katy-TARI.pdf\" target=\"_blank\" rel=\"noopener\">Pr\u00e9sentation<\/a><\/li>\n<li>Jelena T\u0160EKULAJEVA &#8211; Estonie &#8211; <a href=\"https:\/\/ceca.mini.icom.museum\/wp-content\/uploads\/sites\/5\/2025\/07\/candidature-membre-ordinaire-2025-Jelena-TSEKULAJEVA.pdf\" target=\"_blank\" rel=\"noopener\">Pr\u00e9sentation<\/a><\/li>\n<li>Amalia TSITOURI &#8211; Grece &#8211; <a href=\"https:\/\/ceca.mini.icom.museum\/wp-content\/uploads\/sites\/5\/2025\/06\/Candidature-membre-ordinaire-2025-Amalia-TSITOURI.pdf\" target=\"_blank\" rel=\"noopener\">Pr\u00e9sentation<\/a><\/li>\n<li>Tuuli Marjaana UUSIKUKKA &#8211; Finlande &#8211; <a href=\"https:\/\/ceca.mini.icom.museum\/wp-content\/uploads\/sites\/5\/2025\/06\/candidature-membre-ordinaire-2025-Tuuli-Marjaana-UUSIKUKKA.pdf\" target=\"_blank\" rel=\"noopener\">Pr\u00e9sentation<\/a><\/li>\n<li>Eunmi YI &#8211; R\u00e9publique de Cor\u00e9e &#8211; <a href=\"https:\/\/ceca.mini.icom.museum\/wp-content\/uploads\/sites\/5\/2025\/06\/candidature-membre-ordinaire-2025-Eunmi-YI.pdf\" target=\"_blank\" rel=\"noopener\">Pr\u00e9sentation<\/a><\/li>\n<\/ul>\n<p><strong>\u25ba Comment va se d\u00e9rouler le vote ?<\/strong><\/p>\n<p>Tous les membres, inscrits sur la liste du CECA, re\u00e7oivent DIRECTEMENT de la plateforme BALOTILO, un lien permettant d\u2019acc\u00e9der au vote.<br \/>\nLe vote porte sur l\u2019\u00e9lection d\u2019un pr\u00e9sident du bureau et sur l\u2019\u00e9lection des membres ordinaires.<\/p>\n<p><strong>\u00cates-vous s\u00fbr de pouvoir voter ? V\u00e9rifiez votre affiliation au CECA !<\/strong><br \/>\nPour pouvoir voter, il faut que vous soyez membre de l\u2019ICOM, \u00e0 jour de votre cotisation 2025<br \/>\n<strong>ET<\/strong><br \/>\nque vous ayez choisi le CECA, comme comit\u00e9 principal.<br \/>\nATTENTION : si vous ne recevez pas les newsletters du CECA, cela signifie que vous n\u2019\u00eates pas enregistr\u00e9 sur nos listes et vous ne pourrez donc pas participer au vote.<\/p>\n<p><strong>\u25ba Trois cas de figure peuvent se pr\u00e9senter :<\/strong><\/p>\n<p><strong>1.<\/strong> Vous \u00eates \u00e0 jour de votre cotisation 2025 et vous avez d\u00e9j\u00e0 choisi le CECA comme comit\u00e9 principal, mais vous ne recevez pas la newsletter ?<br \/>\nFaites-nous parvenir par e-mail \u00e0 <a href=\"mailto:election.icomceca@gmail.com\" target=\"_blank\" rel=\"noopener\">election.icomceca@gmail.com<\/a> :<br \/>\nune photographie de votre carte ICOM portant le sticker 2025<br \/>\n<strong>ET<\/strong><br \/>\nune capture d&#8217;\u00e9cran de votre compte personnel ICOM mentionnant votre affiliation au comit\u00e9 CECA<br \/>\n<em>Tutoriel pour v\u00e9rifier votre affiliation au comit\u00e9 CECA <strong>&lt;<a href=\"https:\/\/ceca.mini.icom.museum\/wp-content\/uploads\/sites\/5\/2025\/06\/How-to-become-a-CECA-member-1.pdf\" target=\"_blank\" rel=\"noopener\">ici<\/a>&gt;\u00a0<\/strong><\/em><\/p>\n<p><strong>2. <\/strong>Vous \u00eates \u00e0 jour de votre cotisation 2025, mais vous n&#8217;\u00eates pas encore membre du comit\u00e9 international CECA ?<br \/>\nVous devez vous inscrire officiellement \u00e0 ce comit\u00e9 sur la base de donn\u00e9es des membres de l&#8217;ICOM.<br \/>\nFaites-nous alors parvenir par e-mail \u00e0 <a href=\"mailto:election.icomceca@gmail.com\" target=\"_blank\" rel=\"noopener\">election.icomceca@gmail.com<\/a> :<br \/>\nune photographie de votre carte ICOM portant le sticker 2025<br \/>\n<strong>ET<\/strong><br \/>\nune capture d&#8217;\u00e9cran de votre inscription comme preuve de votre d\u00e9marche<em><br \/>\nTutoriel pour v\u00e9rifier votre affiliation au comit\u00e9 CECA <strong>&lt;<a href=\"https:\/\/ceca.mini.icom.museum\/wp-content\/uploads\/sites\/5\/2025\/06\/How-to-become-a-CECA-member-1.pdf\" target=\"_blank\" rel=\"noopener\">ici<\/a>&gt;\u00a0<\/strong><\/em><\/p>\n<p><strong>3. <\/strong>Vous n\u2019\u00eates pas membre du CECA \u00e0 titre individuel, mais l\u2019institution pour laquelle vous travaillez est membre de l\u2019ICOM et a choisi le CECA comme comit\u00e9 principal. Vous devez \u00eatre officiellement d\u00e9sign\u00e9 comme repr\u00e9sentant de votre institution.<br \/>\nFaites-nous alors parvenir par e-mail \u00e0 <a href=\"mailto:election.icomceca@gmail.com\" target=\"_blank\" rel=\"noopener\">election.icomceca@gmail.com<\/a> :<br \/>\nun document officiel de votre institution faisant mention de votre d\u00e9signation en tant que repr\u00e9sentant.<\/p>\n<p>Apr\u00e8s v\u00e9rification des informations transmises, qui doivent nous parvenir<strong> IMP\u00c9RATiVEMENT avant le 1er septembre<\/strong> (minuit, CET), nous vous enregistrerons sur la liste \u00e9lectorale des membres du CECA.<\/p>\n<p>\u25ba\u00a0<strong>Vous recevrez alors de la plateforme BALOTILO, un lien pour pouvoir voter.<\/strong><br \/>\nSi toutefois, vous ne receviez pas ce lien avant le 10 septembre, envoyez-nous un email \u00e0 : <a href=\"mailto:election.icomceca@gmail.com\" target=\"_blank\" rel=\"noopener\">election.icomceca@gmail.com<\/a>.<\/p>\n<p>Des relances d\u2019incitation au vote seront effectu\u00e9es, depuis la plateforme BALOTILO, durant la p\u00e9riode de vote qui se terminera le 15 septembre \u00e0 minuit (CET).<\/p>\n<p>Nous vous remercions pour votre participation \u00e0 l\u2019\u00e9lection de notre nouveau bureau !<\/p>\n<p style=\"text-align: right\">Mise \u00e0 jour le 23 juin 2025<br \/>\nMise \u00e0 jour le 16 aout 2025<\/p>\n<p>&nbsp;<\/p>\n<p>&nbsp;<\/p>\n<p>&nbsp;<\/p>\n<p>&nbsp;<\/p>\n<p>&nbsp;<\/p>\n","protected":false},"excerpt":{"rendered":"<p>Votez : 15 ao\u00fbt \u2013 15 septembre 2025 Candidats \u00e0 la Pr\u00e9sidence du Bureau ex\u00e9cutif du\u00a0CECA (par ordre alphab\u00e9tique) avec leur pr\u00e9sentation. Margarita LARAIGN\u00c9E &#8211; Argentine &#8211; Pr\u00e9sentation Wencke MADERBACHER &#8211; Danemark &#8211; Pr\u00e9sentation Candidats comme\u00a0membres ordinaires du Bureau ex\u00e9cutif du\u00a0CECA (par ordre alphab\u00e9tique) avec leur pr\u00e9sentation. Adriana Mortara ALMEIDA &#8211; Br\u00e9sil &#8211; Pr\u00e9sentation Cora [&hellip;]<\/p>\n","protected":false},"author":1,"featured_media":0,"parent":8052,"menu_order":2,"comment_status":"closed","ping_status":"closed","template":"","meta":{"footnotes":""},"yst_prominent_words":[1734,141],"acf":[],"_links":{"self":[{"href":"https:\/\/ceca.mini.icom.museum\/fr\/wp-json\/wp\/v2\/pages\/8077"}],"collection":[{"href":"https:\/\/ceca.mini.icom.museum\/fr\/wp-json\/wp\/v2\/pages"}],"about":[{"href":"https:\/\/ceca.mini.icom.museum\/fr\/wp-json\/wp\/v2\/types\/page"}],"author":[{"embeddable":true,"href":"https:\/\/ceca.mini.icom.museum\/fr\/wp-json\/wp\/v2\/users\/1"}],"replies":[{"embeddable":true,"href":"https:\/\/ceca.mini.icom.museum\/fr\/wp-json\/wp\/v2\/comments?post=8077"}],"version-history":[{"count":30,"href":"https:\/\/ceca.mini.icom.museum\/fr\/wp-json\/wp\/v2\/pages\/8077\/revisions"}],"predecessor-version":[{"id":13819,"href":"https:\/\/ceca.mini.icom.museum\/fr\/wp-json\/wp\/v2\/pages\/8077\/revisions\/13819"}],"up":[{"embeddable":true,"href":"https:\/\/ceca.mini.icom.museum\/fr\/wp-json\/wp\/v2\/pages\/8052"}],"wp:attachment":[{"href":"https:\/\/ceca.mini.icom.museum\/fr\/wp-json\/wp\/v2\/media?parent=8077"}],"wp:term":[{"taxonomy":"yst_prominent_words","embeddable":true,"href":"https:\/\/ceca.mini.icom.museum\/fr\/wp-json\/wp\/v2\/yst_prominent_words?post=8077"}],"curies":[{"name":"wp","href":"https:\/\/api.w.org\/{rel}","templated":true}]}}