{"id":8089,"date":"2022-02-09T11:51:27","date_gmt":"2022-02-09T11:51:27","guid":{"rendered":"https:\/\/ceca.mini.icom.museum\/?page_id=8089"},"modified":"2025-10-20T14:56:39","modified_gmt":"2025-10-20T14:56:39","slug":"resultats","status":"publish","type":"page","link":"https:\/\/ceca.mini.icom.museum\/fr\/elections-2\/resultats\/","title":{"rendered":"R\u00e9sultats"},"content":{"rendered":"<h2 style=\"text-align: center\">Membres \u00e9lus pour 2025-2028<\/h2>\n<p style=\"text-align: center\"><strong><img decoding=\"async\" loading=\"lazy\" class=\"aligncenter wp-image-8375\" src=\"https:\/\/ceca.mini.icom.museum\/wp-content\/uploads\/sites\/5\/2022\/02\/groupe-de-personnes-dans-un-encadrement-barre-CECA-mains-700px-300x145.jpg\" alt=\"\" width=\"500\" height=\"241\" srcset=\"https:\/\/ceca.mini.icom.museum\/wp-content\/uploads\/sites\/5\/2022\/02\/groupe-de-personnes-dans-un-encadrement-barre-CECA-mains-700px-300x145.jpg 300w, https:\/\/ceca.mini.icom.museum\/wp-content\/uploads\/sites\/5\/2022\/02\/groupe-de-personnes-dans-un-encadrement-barre-CECA-mains-700px.jpg 700w\" sizes=\"(max-width: 500px) 100vw, 500px\" \/><\/strong><\/p>\n<p><strong>Le r\u00e9sultat des \u00e9lections du Bureau 2025-2028 a \u00e9t\u00e9 proclam\u00e9 lors de l&#8217;Assembl\u00e9e G\u00e9n\u00e9rale du 18 octobre 2025, tenue en visioconf\u00e9rence Zoom.<\/strong><\/p>\n<p><strong>Chair:<\/strong> Wencke Maderbacher, Denmark.<\/p>\n<ul>\n<li>Adriana Montara Almeida, Brazil.<\/li>\n<li>Amalia Tsitouri, Greece.<\/li>\n<li>Cora Cohen-Azria, France.<\/li>\n<li>Eunmi Yi, Republic of Korea.<\/li>\n<li>Guido Gerrichhauzen, Netherlands.<\/li>\n<li>Sylvie Savare, France<\/li>\n<li>Jelena Tsekulajeva, Estonia.<\/li>\n<li>Katy Tari, Canada.<\/li>\n<li>Melanie Deveault, Canada.<\/li>\n<li>Nofa Lestari, Indonesia.<\/li>\n<li>Talato Phillipe Kabore, Burkina Faso.<\/li>\n<li>Tejshvi Sajju Jain, India.<\/li>\n<li>Thijs Gerbrandy, Netherlands.<\/li>\n<li>Tuuli Marjaan Uusikukka, Finland.<\/li>\n<\/ul>\n<p>Ce nouveau Bureau prendra ses fonctions effectives lors de la conf\u00e9rence de Duba<span class=\"--l container-source\">\u00ef<\/span>.<\/p>\n<p>Le bureau sortant g\u00e8rera les affaires courantes <span class=\"--r container-source\">jusqu&#8217;\u00e0 la prise de fonction du bureau nouvellement \u00e9lu.<\/span><\/p>\n<p><img decoding=\"async\" loading=\"lazy\" class=\"aligncenter wp-image-13822\" src=\"https:\/\/ceca.mini.icom.museum\/wp-content\/uploads\/sites\/5\/2025\/10\/collage-board-25.28-HD-9-700pxR-300x114.jpg\" alt=\"\" width=\"500\" height=\"190\" srcset=\"https:\/\/ceca.mini.icom.museum\/wp-content\/uploads\/sites\/5\/2025\/10\/collage-board-25.28-HD-9-700pxR-300x114.jpg 300w, https:\/\/ceca.mini.icom.museum\/wp-content\/uploads\/sites\/5\/2025\/10\/collage-board-25.28-HD-9-700pxR.jpg 705w\" sizes=\"(max-width: 500px) 100vw, 500px\" \/><\/p>\n<p>&nbsp;<\/p>\n<hr \/>\n<p><strong>Le Bureau 2022-2025 a \u00e9t\u00e9 proclam\u00e9 durant les rencontres CECA lors de la conf\u00e9rence g\u00e9n\u00e9rale de Prague 2022.<\/strong><\/p>\n<p>10 membres de l\u2019ancien bureau ont \u00e9t\u00e9 r\u00e9\u00e9lus.<br \/>\n2 nouveaux\u00a0 candidats ont \u00e9t\u00e9 \u00e9lus.<br \/>\n2 membres ont \u00e9t\u00e9 coopt\u00e9s hors \u00e9lection.<\/p>\n<ul>\n<li>Marie-Clarte O\u2019Neill, Pr\u00e9sidente, France.<\/li>\n<li>Anne-Marie \u00c9mond, Secr\u00e9taire et Tr\u00e9sori\u00e8re, Canada.<\/li>\n<li>Nelly Abboud, Liban.<\/li>\n<li>Asmah Alias, Singapour.<\/li>\n<li>Marie-Fran\u00e7oise Delval, France.<\/li>\n<li>Rosa Mar\u00eda Herv\u00e1s Avil\u00e9s, Espagne.<\/li>\n<li>Margarita Laraign\u00e9e, Argentine.<\/li>\n<li>Silvana M. Lovay, Argentine.<\/li>\n<li>Wencke Maderbacher, Danemark.<\/li>\n<li>Angela Manders, Pays Bas.<\/li>\n<li>Jorge Albuja, Equateur.<\/li>\n<li>Marina Gross-Hoy, USA.<\/li>\n<li>Sylvie Savare, France. Coopt\u00e9e.<\/li>\n<li>Colette Dufresne-Tass\u00e9, Canada. Coopt\u00e9e.<\/li>\n<li>Nicole Gesh\u00e9 K\u00f6nig, Belgique. Coopt\u00e9e.<\/li>\n<\/ul>\n<p><img decoding=\"async\" loading=\"lazy\" class=\"aligncenter wp-image-13751\" src=\"https:\/\/ceca.mini.icom.museum\/wp-content\/uploads\/sites\/5\/2025\/10\/collage-board-2023-2025-700R-300x114.jpg\" alt=\"\" width=\"400\" height=\"152\" srcset=\"https:\/\/ceca.mini.icom.museum\/wp-content\/uploads\/sites\/5\/2025\/10\/collage-board-2023-2025-700R-300x114.jpg 300w, https:\/\/ceca.mini.icom.museum\/wp-content\/uploads\/sites\/5\/2025\/10\/collage-board-2023-2025-700R.jpg 700w\" sizes=\"(max-width: 400px) 100vw, 400px\" \/><\/p>\n<hr \/>\n<p>&nbsp;<\/p>\n<p><strong>Comit\u00e9 international pour l&#8217;Education et l&#8217;Action culturelle (CECA) : d<\/strong><strong>e 1966 \u00e0 2028<br \/>\n<\/strong>liste des bureaux, pr\u00e9sidents et secr\u00e9tariats &lt;<a href=\"https:\/\/ceca.mini.icom.museum\/wp-content\/uploads\/sites\/5\/2025\/10\/Boards-Bureaux-Juntas-CECA-1968-2028.pdf\" target=\"_blank\" rel=\"noopener\">ici<\/a>&gt;<\/p>\n<hr \/>\n<p>&nbsp;<\/p>\n<p>&nbsp;<\/p>\n<p>&nbsp;<\/p>\n<p>&nbsp;<\/p>\n<p>&nbsp;<\/p>\n","protected":false},"excerpt":{"rendered":"<p>Membres \u00e9lus pour 2025-2028 Le r\u00e9sultat des \u00e9lections du Bureau 2025-2028 a \u00e9t\u00e9 proclam\u00e9 lors de l&#8217;Assembl\u00e9e G\u00e9n\u00e9rale du 18 octobre 2025, tenue en visioconf\u00e9rence Zoom. Chair: Wencke Maderbacher, Denmark. Adriana Montara Almeida, Brazil. Amalia Tsitouri, Greece. Cora Cohen-Azria, France. Eunmi Yi, Republic of Korea. Guido Gerrichhauzen, Netherlands. Sylvie Savare, France Jelena Tsekulajeva, Estonia. Katy [&hellip;]<\/p>\n","protected":false},"author":1,"featured_media":0,"parent":8052,"menu_order":4,"comment_status":"closed","ping_status":"closed","template":"","meta":{"footnotes":""},"yst_prominent_words":[587,1295,91,557,894,4042,611,387,395,3728,3724,1489,1272,1797],"acf":[],"_links":{"self":[{"href":"https:\/\/ceca.mini.icom.museum\/fr\/wp-json\/wp\/v2\/pages\/8089"}],"collection":[{"href":"https:\/\/ceca.mini.icom.museum\/fr\/wp-json\/wp\/v2\/pages"}],"about":[{"href":"https:\/\/ceca.mini.icom.museum\/fr\/wp-json\/wp\/v2\/types\/page"}],"author":[{"embeddable":true,"href":"https:\/\/ceca.mini.icom.museum\/fr\/wp-json\/wp\/v2\/users\/1"}],"replies":[{"embeddable":true,"href":"https:\/\/ceca.mini.icom.museum\/fr\/wp-json\/wp\/v2\/comments?post=8089"}],"version-history":[{"count":21,"href":"https:\/\/ceca.mini.icom.museum\/fr\/wp-json\/wp\/v2\/pages\/8089\/revisions"}],"predecessor-version":[{"id":13825,"href":"https:\/\/ceca.mini.icom.museum\/fr\/wp-json\/wp\/v2\/pages\/8089\/revisions\/13825"}],"up":[{"embeddable":true,"href":"https:\/\/ceca.mini.icom.museum\/fr\/wp-json\/wp\/v2\/pages\/8052"}],"wp:attachment":[{"href":"https:\/\/ceca.mini.icom.museum\/fr\/wp-json\/wp\/v2\/media?parent=8089"}],"wp:term":[{"taxonomy":"yst_prominent_words","embeddable":true,"href":"https:\/\/ceca.mini.icom.museum\/fr\/wp-json\/wp\/v2\/yst_prominent_words?post=8089"}],"curies":[{"name":"wp","href":"https:\/\/api.w.org\/{rel}","templated":true}]}}