{"id":8095,"date":"2022-02-09T11:49:29","date_gmt":"2022-02-09T11:49:29","guid":{"rendered":"https:\/\/ceca.mini.icom.museum\/?page_id=8095"},"modified":"2025-09-26T16:00:58","modified_gmt":"2025-09-26T16:00:58","slug":"comment-participer-a-lassemblee-generale","status":"publish","type":"page","link":"https:\/\/ceca.mini.icom.museum\/fr\/assemblee-generale\/comment-participer-a-lassemblee-generale\/","title":{"rendered":"Comment participer \u00e0 l\u2019Assembl\u00e9e g\u00e9n\u00e9rale"},"content":{"rendered":"<p><strong>C<\/strong><img decoding=\"async\" loading=\"lazy\" class=\"alignright wp-image-13628\" src=\"https:\/\/ceca.mini.icom.museum\/wp-content\/uploads\/sites\/5\/2025\/09\/Cartel-AG-CECA-300pxRntbord-300x300.jpg\" alt=\"\" width=\"200\" height=\"200\" srcset=\"https:\/\/ceca.mini.icom.museum\/wp-content\/uploads\/sites\/5\/2025\/09\/Cartel-AG-CECA-300pxRntbord-300x300.jpg 300w, https:\/\/ceca.mini.icom.museum\/wp-content\/uploads\/sites\/5\/2025\/09\/Cartel-AG-CECA-300pxRntbord-150x150.jpg 150w, https:\/\/ceca.mini.icom.museum\/wp-content\/uploads\/sites\/5\/2025\/09\/Cartel-AG-CECA-300pxRntbord.jpg 302w\" sizes=\"(max-width: 200px) 100vw, 200px\" \/><strong>haque ann\u00e9e, le CECA organise une assembl\u00e9e g\u00e9n\u00e9rale de ses membres<\/strong> qui est l\u2019occasion de pr\u00e9senter les r\u00e9alisations de l\u2019ann\u00e9e, les projets \u00e0 venir, les budgets et qui permet de r\u00e9pondre aux questions des membres.<\/p>\n<p>Des comptes rendus d\u2019activit\u00e9s tr\u00e8s fournis sont mis en ligne bien avant, de mani\u00e8re \u00e0 donner la priorit\u00e9 \u00e0 un dialogue entre les membres du Bureau et les membres du CECA.<\/p>\n<p><strong>\u25ba\u25ba Notre assembl\u00e9e g\u00e9n\u00e9rale 2025 se tiendra en ligne le 18 octobre \u00e0 13 h, heure de Paris.<\/strong><br \/>\nVous trouverez le lien Zoom sur la convocation que vous recevrez par e-mail.<\/p>\n<p>&nbsp;<\/p>\n<p><strong><img decoding=\"async\" loading=\"lazy\" class=\"wp-image-10742 aligncenter\" src=\"https:\/\/ceca.mini.icom.museum\/wp-content\/uploads\/sites\/5\/2023\/10\/online-annual-meetings-ceca-300R-1.jpg\" alt=\"\" width=\"270\" height=\"185\" \/><\/strong><\/p>\n<ul>\n<li>Nous publierons les r\u00e9sultats de l&#8217;\u00e9lection du conseil d&#8217;administration 2025-2028.<\/li>\n<li>Les derni\u00e8res informations d\u00e9taill\u00e9es concernant la conf\u00e9rence de Duba\u00ef seront communiqu\u00e9es.<\/li>\n<li>Les r\u00e9alisations des activit\u00e9s de la CECA pour 2025 seront rapidement pr\u00e9sent\u00e9es.<\/li>\n<\/ul>\n<p>Nous nous r\u00e9jouissons de votre pr\u00e9sence et de votre participation active.<\/p>\n<p>Consultez r\u00e9guli\u00e8rement le site et nos r\u00e9seaux sociaux.<\/p>\n<p><img decoding=\"async\" loading=\"lazy\" class=\"aligncenter wp-image-10735 size-full\" src=\"https:\/\/ceca.mini.icom.museum\/wp-content\/uploads\/sites\/5\/2023\/10\/mains-pour-AG-700R.jpg\" alt=\"\" width=\"700\" height=\"160\" srcset=\"https:\/\/ceca.mini.icom.museum\/wp-content\/uploads\/sites\/5\/2023\/10\/mains-pour-AG-700R.jpg 700w, https:\/\/ceca.mini.icom.museum\/wp-content\/uploads\/sites\/5\/2023\/10\/mains-pour-AG-700R-300x69.jpg 300w\" sizes=\"(max-width: 700px) 100vw, 700px\" \/><\/p>\n<h2 style=\"text-align: center\"><\/h2>\n<p>&nbsp;<\/p>\n","protected":false},"excerpt":{"rendered":"<p>Chaque ann\u00e9e, le CECA organise une assembl\u00e9e g\u00e9n\u00e9rale de ses membres qui est l\u2019occasion de pr\u00e9senter les r\u00e9alisations de l\u2019ann\u00e9e, les projets \u00e0 venir, les budgets et qui permet de r\u00e9pondre aux questions des membres. Des comptes rendus d\u2019activit\u00e9s tr\u00e8s fournis sont mis en ligne bien avant, de mani\u00e8re \u00e0 donner la priorit\u00e9 \u00e0 un [&hellip;]<\/p>\n","protected":false},"author":1,"featured_media":0,"parent":8062,"menu_order":1,"comment_status":"closed","ping_status":"closed","template":"","meta":{"footnotes":""},"yst_prominent_words":[555,42,1734,277,141,614,389,1034,308,165,3895,291,395,711,1513,1515,1489,1553,1341],"acf":[],"_links":{"self":[{"href":"https:\/\/ceca.mini.icom.museum\/fr\/wp-json\/wp\/v2\/pages\/8095"}],"collection":[{"href":"https:\/\/ceca.mini.icom.museum\/fr\/wp-json\/wp\/v2\/pages"}],"about":[{"href":"https:\/\/ceca.mini.icom.museum\/fr\/wp-json\/wp\/v2\/types\/page"}],"author":[{"embeddable":true,"href":"https:\/\/ceca.mini.icom.museum\/fr\/wp-json\/wp\/v2\/users\/1"}],"replies":[{"embeddable":true,"href":"https:\/\/ceca.mini.icom.museum\/fr\/wp-json\/wp\/v2\/comments?post=8095"}],"version-history":[{"count":18,"href":"https:\/\/ceca.mini.icom.museum\/fr\/wp-json\/wp\/v2\/pages\/8095\/revisions"}],"predecessor-version":[{"id":13631,"href":"https:\/\/ceca.mini.icom.museum\/fr\/wp-json\/wp\/v2\/pages\/8095\/revisions\/13631"}],"up":[{"embeddable":true,"href":"https:\/\/ceca.mini.icom.museum\/fr\/wp-json\/wp\/v2\/pages\/8062"}],"wp:attachment":[{"href":"https:\/\/ceca.mini.icom.museum\/fr\/wp-json\/wp\/v2\/media?parent=8095"}],"wp:term":[{"taxonomy":"yst_prominent_words","embeddable":true,"href":"https:\/\/ceca.mini.icom.museum\/fr\/wp-json\/wp\/v2\/yst_prominent_words?post=8095"}],"curies":[{"name":"wp","href":"https:\/\/api.w.org\/{rel}","templated":true}]}}