{"id":8107,"date":"2022-02-09T12:11:02","date_gmt":"2022-02-09T12:11:02","guid":{"rendered":"https:\/\/ceca.mini.icom.museum\/?page_id=8107"},"modified":"2025-11-10T20:13:23","modified_gmt":"2025-11-10T20:13:23","slug":"histoires-de-la-mediation-museale","status":"publish","type":"page","link":"https:\/\/ceca.mini.icom.museum\/fr\/publications\/histoires-de-la-mediation-museale\/","title":{"rendered":"Histoires de la m\u00e9diation mus\u00e9ale"},"content":{"rendered":"<p><strong>2025 &#8211; Publication &#8220;Histoire de la m\u00e9diation mus\u00e9ale &#8211; France&#8221; &lt;<a href=\"https:\/\/ceca.mini.icom.museum\/wp-content\/uploads\/sites\/5\/2025\/10\/HMMF_fr_parpage.pdf\" target=\"_blank\" rel=\"noopener\">ici<\/a>&gt;<br \/>\n&lt;<\/strong><a href=\"https:\/\/ceca.mini.icom.museum\/wp-content\/uploads\/sites\/5\/2025\/10\/HMMF_FRA-vL.pdf\" target=\"_blank\" rel=\"noopener\">version livre<\/a><strong>&gt;<br \/>\n&#8211; Annexes (entretiens) &lt;<a href=\"https:\/\/ceca.mini.icom.museum\/wp-content\/uploads\/sites\/5\/2025\/10\/ENTRETIENS-Publication-20-oct.pdf\" target=\"_blank\" rel=\"noopener\">ici<\/a>&gt;<br \/>\n&#8211; Graphiques &lt;<a href=\"https:\/\/ceca.mini.icom.museum\/wp-content\/uploads\/sites\/5\/2025\/11\/Graphiques.pdf\" target=\"_blank\" rel=\"noopener\">ici<\/a>&gt;<\/strong><\/p>\n<p><img decoding=\"async\" loading=\"lazy\" class=\"alignnone wp-image-13902 size-full\" src=\"https:\/\/ceca.mini.icom.museum\/wp-content\/uploads\/sites\/5\/2025\/10\/bi-page-garde-HMMF-annexe-FR-400pxR.jpg\" alt=\"\" width=\"400\" height=\"281\" srcset=\"https:\/\/ceca.mini.icom.museum\/wp-content\/uploads\/sites\/5\/2025\/10\/bi-page-garde-HMMF-annexe-FR-400pxR.jpg 400w, https:\/\/ceca.mini.icom.museum\/wp-content\/uploads\/sites\/5\/2025\/10\/bi-page-garde-HMMF-annexe-FR-400pxR-300x211.jpg 300w\" sizes=\"(max-width: 400px) 100vw, 400px\" \/><\/p>\n<hr \/>\n<p><strong>2024 &#8211;\u00a0 Publication &#8220;Histoire de l\u2019\u00e9ducation mus\u00e9ale au Br\u00e9sil&#8221; &lt;<a href=\"https:\/\/ceca.mini.icom.museum\/wp-content\/uploads\/sites\/5\/2024\/11\/Livro-Frances-Final-2024._compressed-1.pdf\" target=\"_blank\" rel=\"noopener\">ici<\/a>&gt;<\/strong><\/p>\n<p><img decoding=\"async\" loading=\"lazy\" class=\"size-medium wp-image-12032 alignnone\" src=\"https:\/\/ceca.mini.icom.museum\/wp-content\/uploads\/sites\/5\/2024\/11\/page-de-garde-Fr-1-207x300.jpg\" alt=\"\" width=\"207\" height=\"300\" srcset=\"https:\/\/ceca.mini.icom.museum\/wp-content\/uploads\/sites\/5\/2024\/11\/page-de-garde-Fr-1-207x300.jpg 207w, https:\/\/ceca.mini.icom.museum\/wp-content\/uploads\/sites\/5\/2024\/11\/page-de-garde-Fr-1.jpg 291w\" sizes=\"(max-width: 207px) 100vw, 207px\" \/><\/p>\n<hr \/>\n<p><strong>2023 &#8211; Publication &#8220;Histoire de la m\u00e9diation mus\u00e9ale en Belgique&#8221; &lt;<a href=\"https:\/\/ceca.mini.icom.museum\/wp-content\/uploads\/sites\/5\/2023\/04\/HMMB_FR_version_digitale_addendum.pdf\" target=\"_blank\" rel=\"noopener\">ici<\/a><\/strong><\/p>\n<p><img decoding=\"async\" loading=\"lazy\" class=\"size-medium wp-image-10290 alignnone\" src=\"https:\/\/ceca.mini.icom.museum\/wp-content\/uploads\/sites\/5\/2023\/04\/HMMB_FR_couverture-197x300.jpg\" alt=\"\" width=\"197\" height=\"300\" srcset=\"https:\/\/ceca.mini.icom.museum\/wp-content\/uploads\/sites\/5\/2023\/04\/HMMB_FR_couverture-197x300.jpg 197w, https:\/\/ceca.mini.icom.museum\/wp-content\/uploads\/sites\/5\/2023\/04\/HMMB_FR_couverture.jpg 271w\" sizes=\"(max-width: 197px) 100vw, 197px\" \/><\/p>\n<p>&nbsp;<\/p>\n<p>&nbsp;<\/p>\n<p>&nbsp;<\/p>\n","protected":false},"excerpt":{"rendered":"<p>2025 &#8211; Publication &#8220;Histoire de la m\u00e9diation mus\u00e9ale &#8211; France&#8221; &lt;ici&gt; &lt;version livre&gt; &#8211; Annexes (entretiens) &lt;ici&gt; &#8211; Graphiques &lt;ici&gt; 2024 &#8211;\u00a0 Publication &#8220;Histoire de l\u2019\u00e9ducation mus\u00e9ale au Br\u00e9sil&#8221; &lt;ici&gt; 2023 &#8211; Publication &#8220;Histoire de la m\u00e9diation mus\u00e9ale en Belgique&#8221; &lt;ici &nbsp; &nbsp; &nbsp;<\/p>\n","protected":false},"author":1,"featured_media":0,"parent":114,"menu_order":6,"comment_status":"closed","ping_status":"closed","template":"","meta":{"footnotes":""},"yst_prominent_words":[277,91,1738,2131,1415,1736,278],"acf":[],"_links":{"self":[{"href":"https:\/\/ceca.mini.icom.museum\/fr\/wp-json\/wp\/v2\/pages\/8107"}],"collection":[{"href":"https:\/\/ceca.mini.icom.museum\/fr\/wp-json\/wp\/v2\/pages"}],"about":[{"href":"https:\/\/ceca.mini.icom.museum\/fr\/wp-json\/wp\/v2\/types\/page"}],"author":[{"embeddable":true,"href":"https:\/\/ceca.mini.icom.museum\/fr\/wp-json\/wp\/v2\/users\/1"}],"replies":[{"embeddable":true,"href":"https:\/\/ceca.mini.icom.museum\/fr\/wp-json\/wp\/v2\/comments?post=8107"}],"version-history":[{"count":16,"href":"https:\/\/ceca.mini.icom.museum\/fr\/wp-json\/wp\/v2\/pages\/8107\/revisions"}],"predecessor-version":[{"id":14017,"href":"https:\/\/ceca.mini.icom.museum\/fr\/wp-json\/wp\/v2\/pages\/8107\/revisions\/14017"}],"up":[{"embeddable":true,"href":"https:\/\/ceca.mini.icom.museum\/fr\/wp-json\/wp\/v2\/pages\/114"}],"wp:attachment":[{"href":"https:\/\/ceca.mini.icom.museum\/fr\/wp-json\/wp\/v2\/media?parent=8107"}],"wp:term":[{"taxonomy":"yst_prominent_words","embeddable":true,"href":"https:\/\/ceca.mini.icom.museum\/fr\/wp-json\/wp\/v2\/yst_prominent_words?post=8107"}],"curies":[{"name":"wp","href":"https:\/\/api.w.org\/{rel}","templated":true}]}}