{"id":826,"date":"2018-12-18T15:21:24","date_gmt":"2018-12-18T15:21:24","guid":{"rendered":"http:\/\/ceca.icom.cust.oxymium.net\/publications-2\/bulletins\/"},"modified":"2025-09-20T10:18:26","modified_gmt":"2025-09-20T10:18:26","slug":"bulletins","status":"publish","type":"page","link":"https:\/\/ceca.mini.icom.museum\/fr\/lettre-dinformation\/bulletins\/","title":{"rendered":"Bulletins"},"content":{"rendered":"<div>\n<p>&nbsp;<\/p>\n<div>\n<h2>La lettre CECA Monde<\/h2>\n<p><img decoding=\"async\" loading=\"lazy\" class=\"aligncenter wp-image-3250 size-full\" src=\"https:\/\/ceca.mini.icom.museum\/wp-content\/uploads\/sites\/5\/2019\/12\/newsletter-ceca-700g.jpg\" alt=\"\" width=\"700\" height=\"143\" srcset=\"https:\/\/ceca.mini.icom.museum\/wp-content\/uploads\/sites\/5\/2019\/12\/newsletter-ceca-700g.jpg 700w, https:\/\/ceca.mini.icom.museum\/wp-content\/uploads\/sites\/5\/2019\/12\/newsletter-ceca-700g-300x61.jpg 300w\" sizes=\"(max-width: 700px) 100vw, 700px\" \/><\/p>\n<\/div>\n<\/div>\n<p>&nbsp;<\/p>\n<p><strong>\u25ba CECA Bulletin de liaison &#8211; &#8220;Dubai CECA activit\u00e9s&#8221; &gt; <a href=\"https:\/\/ceca.mini.icom.museum\/wp-content\/uploads\/sites\/5\/2025\/09\/PDF_CECA-Newsletter-Boletin-Bulletin-24.pdf\" target=\"_blank\" rel=\"noopener\">n\u00b024 &#8211; Septembre 2025<\/a><\/strong><\/p>\n<p><strong><img decoding=\"async\" loading=\"lazy\" class=\"alignnone size-medium wp-image-13581\" src=\"https:\/\/ceca.mini.icom.museum\/wp-content\/uploads\/sites\/5\/2025\/09\/bulletin-24-300pxRpf-300x113.jpg\" alt=\"\" width=\"300\" height=\"113\" srcset=\"https:\/\/ceca.mini.icom.museum\/wp-content\/uploads\/sites\/5\/2025\/09\/bulletin-24-300pxRpf-300x113.jpg 300w, https:\/\/ceca.mini.icom.museum\/wp-content\/uploads\/sites\/5\/2025\/09\/bulletin-24-300pxRpf.jpg 302w\" sizes=\"(max-width: 300px) 100vw, 300px\" \/><br \/>\n<\/strong><\/p>\n<hr \/>\n<p><strong>\u25ba CECA Bulletin de liaison &#8211; &#8220;VOTE ! VOTAR ! VOTEZ !&#8221; &gt; <a href=\"https:\/\/ceca.mini.icom.museum\/wp-content\/uploads\/sites\/5\/2025\/08\/PDF_CECA-Newsletter-Boletin-Bulletin-23.pdf\" target=\"_blank\" rel=\"noopener\">n\u00b023 &#8211; Aout 2025<\/a><\/strong><\/p>\n<p><img decoding=\"async\" loading=\"lazy\" class=\"alignnone size-medium wp-image-13506\" src=\"https:\/\/ceca.mini.icom.museum\/wp-content\/uploads\/sites\/5\/2025\/08\/Newsletter-Boletin-Bulletin-23-Vote-Votar-Votez-300x112.jpg\" alt=\"\" width=\"300\" height=\"112\" srcset=\"https:\/\/ceca.mini.icom.museum\/wp-content\/uploads\/sites\/5\/2025\/08\/Newsletter-Boletin-Bulletin-23-Vote-Votar-Votez-300x112.jpg 300w, https:\/\/ceca.mini.icom.museum\/wp-content\/uploads\/sites\/5\/2025\/08\/Newsletter-Boletin-Bulletin-23-Vote-Votar-Votez.jpg 677w\" sizes=\"(max-width: 300px) 100vw, 300px\" \/><\/p>\n<hr \/>\n<h5><strong>\u25ba CECA Bulletin de liaison &#8211; &#8220;\u00c9lections du nouveau bureau 2025-2028&#8221; &gt;\u00a0<a href=\"https:\/\/ceca.mini.icom.museum\/wp-content\/uploads\/sites\/5\/2025\/04\/CECA-Bulletin-22-1-1.pdf\" target=\"_blank\" rel=\"noopener\">n\u00b022 &#8211; Avril 2025<\/a><\/strong><\/h5>\n<p><img decoding=\"async\" loading=\"lazy\" class=\"alignnone size-medium wp-image-12979\" src=\"https:\/\/ceca.mini.icom.museum\/wp-content\/uploads\/sites\/5\/2025\/04\/Bulletin-22-2025-diner-board-Athenes-300pxR.encadre-300x118.jpg\" alt=\"\" width=\"300\" height=\"118\" srcset=\"https:\/\/ceca.mini.icom.museum\/wp-content\/uploads\/sites\/5\/2025\/04\/Bulletin-22-2025-diner-board-Athenes-300pxR.encadre-300x118.jpg 300w, https:\/\/ceca.mini.icom.museum\/wp-content\/uploads\/sites\/5\/2025\/04\/Bulletin-22-2025-diner-board-Athenes-300pxR.encadre.jpg 302w\" sizes=\"(max-width: 300px) 100vw, 300px\" \/><\/p>\n<hr \/>\n<h5><strong>\u25ba CECA Bulletin de liaison &#8211; &#8220;Assembl\u00e9e g\u00e9n\u00e9rale 2025&#8221; &gt; <a href=\"https:\/\/ceca.mini.icom.museum\/wp-content\/uploads\/sites\/5\/2025\/01\/FRA-CECA-Bulletin-21.pdf\" target=\"_blank\" rel=\"noopener\">n\u00b0 21 &#8211; Janvier 2025<\/a><\/strong><\/h5>\n<p><img decoding=\"async\" loading=\"lazy\" class=\"alignnone size-medium wp-image-12481\" src=\"https:\/\/ceca.mini.icom.museum\/wp-content\/uploads\/sites\/5\/2025\/01\/lettre-voeux-2025-300px-300x142.jpg\" alt=\"\" width=\"300\" height=\"142\" srcset=\"https:\/\/ceca.mini.icom.museum\/wp-content\/uploads\/sites\/5\/2025\/01\/lettre-voeux-2025-300px-300x143.jpg 300w, https:\/\/ceca.mini.icom.museum\/wp-content\/uploads\/sites\/5\/2025\/01\/lettre-voeux-2025-300px.jpg 302w\" sizes=\"(max-width: 300px) 100vw, 300px\" \/><\/p>\n<hr \/>\n<h5><strong>\u25ba CECA Bulletin de liaison &#8211; &#8220;Conf\u00e9rence annuelle 18 au 22 Novembre 2024 &#8211; Ath\u00e8nes&#8221; &gt; <a href=\"https:\/\/ceca.mini.icom.museum\/wp-content\/uploads\/sites\/5\/2024\/03\/CECA-Bulletin-18-Fra.pdf\" target=\"_blank\" rel=\"noopener\">n\u00b0 18 &#8211; Mars 2024<\/a><br \/>\n<\/strong><\/h5>\n<p><img decoding=\"async\" loading=\"lazy\" class=\"alignnone size-medium wp-image-11591\" src=\"https:\/\/ceca.mini.icom.museum\/wp-content\/uploads\/sites\/5\/2024\/03\/acropole-BW-600px-1-300x141.jpg\" alt=\"\" width=\"300\" height=\"141\" srcset=\"https:\/\/ceca.mini.icom.museum\/wp-content\/uploads\/sites\/5\/2024\/03\/acropole-BW-600px-1-300x141.jpg 300w, https:\/\/ceca.mini.icom.museum\/wp-content\/uploads\/sites\/5\/2024\/03\/acropole-BW-600px-1.jpg 604w\" sizes=\"(max-width: 300px) 100vw, 300px\" \/><\/p>\n<hr \/>\n<h5><strong>\u25ba CECA Bulletin de liaison &#8211; &#8220;Crit\u00e8res et lignes directrices pour la soumission de la vid\u00e9o du prix des Jeunes Membres&#8221; &gt; &lt;<a href=\"https:\/\/ceca.mini.icom.museum\/wp-content\/uploads\/sites\/5\/2024\/03\/FR_modalites-Prix-JM-1.pdf\" target=\"_blank\" rel=\"noopener\">ici<\/a>&gt;<br \/>\n<\/strong><\/h5>\n<p><img decoding=\"async\" loading=\"lazy\" class=\"size-medium wp-image-11553 alignnone\" src=\"https:\/\/ceca.mini.icom.museum\/wp-content\/uploads\/sites\/5\/2024\/03\/baniere-LETTRE-prix-video-web-600px-300x142.jpg\" alt=\"\" width=\"300\" height=\"142\" srcset=\"https:\/\/ceca.mini.icom.museum\/wp-content\/uploads\/sites\/5\/2024\/03\/baniere-LETTRE-prix-video-web-600px-300x142.jpg 300w, https:\/\/ceca.mini.icom.museum\/wp-content\/uploads\/sites\/5\/2024\/03\/baniere-LETTRE-prix-video-web-600px.jpg 539w\" sizes=\"(max-width: 300px) 100vw, 300px\" \/><\/p>\n<hr \/>\n<h5><strong>\u25ba CECA Bulletin de liaison &#8211; \u2013 \u201cCampagne\u00a0 2024 pour repenser l&#8217;acronyme CECA\u201d &gt; <a href=\"https:\/\/ceca.mini.icom.museum\/wp-content\/uploads\/sites\/5\/2024\/03\/Bulletin-CECA-17-fra.pdf\" target=\"_blank\" rel=\"noopener\">n\u00b0 17 \u2013 F\u00e9vrier 2024<\/a><br \/>\n<\/strong><\/h5>\n<p><img decoding=\"async\" loading=\"lazy\" class=\"alignnone size-medium wp-image-11571\" src=\"https:\/\/ceca.mini.icom.museum\/wp-content\/uploads\/sites\/5\/2024\/03\/logo-acronyme-ANG-600px-300x94.jpg\" alt=\"\" width=\"300\" height=\"94\" srcset=\"https:\/\/ceca.mini.icom.museum\/wp-content\/uploads\/sites\/5\/2024\/03\/logo-acronyme-ANG-600px-300x94.jpg 300w, https:\/\/ceca.mini.icom.museum\/wp-content\/uploads\/sites\/5\/2024\/03\/logo-acronyme-ANG-600px.jpg 604w\" sizes=\"(max-width: 300px) 100vw, 300px\" \/><\/p>\n<hr \/>\n<h5><strong>\u25ba CECA Bulletin de liaison\u00a0 &#8211; &#8220;Recrutement d&#8217;un nouveau CA en 2025&#8221; &gt; <a href=\"https:\/\/ceca.mini.icom.museum\/wp-content\/uploads\/sites\/5\/2024\/01\/Bulletin-CECA-16.pdf\" target=\"_blank\" rel=\"noopener\">n\u00b0 16 &#8211; janvier 2024<\/a><\/strong><\/h5>\n<h5><img decoding=\"async\" loading=\"lazy\" class=\"alignnone wp-image-11200 size-medium\" src=\"https:\/\/ceca.mini.icom.museum\/wp-content\/uploads\/sites\/5\/2024\/01\/photo-groupe-Singapour-300px-300x104.jpg\" alt=\"\" width=\"300\" height=\"104\" srcset=\"https:\/\/ceca.mini.icom.museum\/wp-content\/uploads\/sites\/5\/2024\/01\/photo-groupe-Singapour-300px-300x104.jpg 300w, https:\/\/ceca.mini.icom.museum\/wp-content\/uploads\/sites\/5\/2024\/01\/photo-groupe-Singapour-300px.jpg 306w\" sizes=\"(max-width: 300px) 100vw, 300px\" \/><\/h5>\n<hr \/>\n<h5><strong>\u25ba CECA Bulletin de liaison &#8211; &#8220;Conf\u00e9rence annuelle, et Prix CECA&#8221; &gt; <a href=\"https:\/\/ceca.mini.icom.museum\/wp-content\/uploads\/sites\/5\/2023\/10\/Bulletin-dinformation-CECA-15.pdf\" target=\"_blank\" rel=\"noopener\">n\u00b0 15 &#8211; octobre 2023<\/a><\/strong><\/h5>\n<p><img decoding=\"async\" loading=\"lazy\" class=\"alignnone wp-image-10720 size-medium\" src=\"https:\/\/ceca.mini.icom.museum\/wp-content\/uploads\/sites\/5\/2023\/10\/triptique-large-laureats-vedeo-YM-700R-300x98.jpg\" alt=\"\" width=\"300\" height=\"98\" srcset=\"https:\/\/ceca.mini.icom.museum\/wp-content\/uploads\/sites\/5\/2023\/10\/triptique-large-laureats-vedeo-YM-700R-300x98.jpg 300w, https:\/\/ceca.mini.icom.museum\/wp-content\/uploads\/sites\/5\/2023\/10\/triptique-large-laureats-vedeo-YM-700R.jpg 700w\" sizes=\"(max-width: 300px) 100vw, 300px\" \/><\/p>\n<hr \/>\n<h5><strong>\u25ba CECA Bulletin de liaison &#8211; &#8220;CECA en Afrique&#8221; &gt;\u00a0<a href=\"https:\/\/ceca.mini.icom.museum\/wp-content\/uploads\/sites\/5\/2023\/09\/n\u00b0-14-juin-2023-Fr.pdf\" target=\"_blank\" rel=\"noopener\">n\u00b0 14 juin 2023<\/a><\/strong><\/h5>\n<p><img decoding=\"async\" loading=\"lazy\" class=\"alignnone size-medium wp-image-10679\" src=\"https:\/\/ceca.mini.icom.museum\/wp-content\/uploads\/sites\/5\/2023\/09\/14-juin-2023-600R-300x100.jpg\" alt=\"\" width=\"300\" height=\"100\" srcset=\"https:\/\/ceca.mini.icom.museum\/wp-content\/uploads\/sites\/5\/2023\/09\/14-juin-2023-600R-300x100.jpg 300w, https:\/\/ceca.mini.icom.museum\/wp-content\/uploads\/sites\/5\/2023\/09\/14-juin-2023-600R.jpg 600w\" sizes=\"(max-width: 300px) 100vw, 300px\" \/><\/p>\n<hr \/>\n<h5><strong>\u25ba CECA Bulletin de liaison &#8211; &#8220;Mise \u00e0 jour du calendrier&#8221; &gt; <a href=\"https:\/\/ceca.mini.icom.museum\/wp-content\/uploads\/sites\/5\/2023\/05\/Bulletin-dinformation-CECA-13.pdf\" target=\"_blank\" rel=\"noopener\">n\u00b013 \u2013 Mars 2023<\/a><br \/>\n<\/strong><\/h5>\n<p><img decoding=\"async\" loading=\"lazy\" class=\"alignnone wp-image-10438 size-medium\" src=\"https:\/\/ceca.mini.icom.museum\/wp-content\/uploads\/sites\/5\/2023\/05\/13-Bulletin-dinformation-CECA-FR-NL-300x86.jpg\" alt=\"\" width=\"300\" height=\"86\" srcset=\"https:\/\/ceca.mini.icom.museum\/wp-content\/uploads\/sites\/5\/2023\/05\/13-Bulletin-dinformation-CECA-FR-NL-300x86.jpg 300w, https:\/\/ceca.mini.icom.museum\/wp-content\/uploads\/sites\/5\/2023\/05\/13-Bulletin-dinformation-CECA-FR-NL.jpg 642w\" sizes=\"(max-width: 300px) 100vw, 300px\" \/><\/p>\n<hr \/>\n<h5><strong>\u25ba CECA Bulletin de liaison &#8220;Assembl\u00e9e G\u00e9n\u00e9rale 2022- 2023&#8221; &gt; <a href=\"https:\/\/ceca.mini.icom.museum\/wp-content\/uploads\/sites\/5\/2023\/01\/FR_Bulletin-dinformation-12B-Assemblee-generale-de-lICOM-CECA.pdf\" target=\"_blank\" rel=\"noopener\">n\u00b012b &#8211; janvier 2023<\/a><br \/>\n<\/strong><\/h5>\n<h5><img decoding=\"async\" loading=\"lazy\" class=\"alignnone size-medium wp-image-9859\" src=\"https:\/\/ceca.mini.icom.museum\/wp-content\/uploads\/sites\/5\/2022\/12\/FR-illustration-AG2022-500Rb-300x103.jpg\" alt=\"\" width=\"300\" height=\"103\" srcset=\"https:\/\/ceca.mini.icom.museum\/wp-content\/uploads\/sites\/5\/2022\/12\/FR-illustration-AG2022-500Rb-300x103.jpg 300w, https:\/\/ceca.mini.icom.museum\/wp-content\/uploads\/sites\/5\/2022\/12\/FR-illustration-AG2022-500Rb.jpg 500w\" sizes=\"(max-width: 300px) 100vw, 300px\" \/><\/h5>\n<hr \/>\n<h5><strong>\u25ba CECA Bulletin de liaison &#8220;Assembl\u00e9e G\u00e9n\u00e9rale 2022- 2023&#8221; &gt; <a href=\"https:\/\/ceca.mini.icom.museum\/wp-content\/uploads\/sites\/5\/2022\/12\/FR-Lettre-dinformation-12-AG.pdf\" target=\"_blank\" rel=\"noopener\">n\u00b011 &#8211; d\u00e9cembre 2022<\/a><br \/>\n<\/strong><\/h5>\n<p><img decoding=\"async\" loading=\"lazy\" class=\"alignnone size-medium wp-image-9859\" src=\"https:\/\/ceca.mini.icom.museum\/wp-content\/uploads\/sites\/5\/2022\/12\/FR-illustration-AG2022-500Rb-300x103.jpg\" alt=\"\" width=\"300\" height=\"103\" srcset=\"https:\/\/ceca.mini.icom.museum\/wp-content\/uploads\/sites\/5\/2022\/12\/FR-illustration-AG2022-500Rb-300x103.jpg 300w, https:\/\/ceca.mini.icom.museum\/wp-content\/uploads\/sites\/5\/2022\/12\/FR-illustration-AG2022-500Rb.jpg 500w\" sizes=\"(max-width: 300px) 100vw, 300px\" \/><\/p>\n<hr \/>\n<h5><strong>\u25ba CECA Bulletin de liaison &#8220;Conf\u00e9rence CECA Europe 2022&#8221;\u00a0 &gt; <a href=\"https:\/\/ceca.mini.icom.museum\/wp-content\/uploads\/sites\/5\/2022\/09\/n10-FR-22-sept-conference-CECA-Europe.pdf\" target=\"_blank\" rel=\"noopener\">n\u00b010 septembre 2022 <\/a><br \/>\n<\/strong><\/h5>\n<p><img decoding=\"async\" loading=\"lazy\" class=\"alignnone size-medium wp-image-9315\" src=\"https:\/\/ceca.mini.icom.museum\/wp-content\/uploads\/sites\/5\/2022\/09\/conference-CECA-Europe-300x97.jpg\" alt=\"\" width=\"300\" height=\"97\" srcset=\"https:\/\/ceca.mini.icom.museum\/wp-content\/uploads\/sites\/5\/2022\/09\/conference-CECA-Europe-300x97.jpg 300w, https:\/\/ceca.mini.icom.museum\/wp-content\/uploads\/sites\/5\/2022\/09\/conference-CECA-Europe-768x249.jpg 768w, https:\/\/ceca.mini.icom.museum\/wp-content\/uploads\/sites\/5\/2022\/09\/conference-CECA-Europe.jpg 855w\" sizes=\"(max-width: 300px) 100vw, 300px\" \/><\/p>\n<hr \/>\n<h5><strong>\u25ba CECA Bulletin de liaison &#8220;Ateliers hors site Prague 2022&#8221; &gt;\u00a0 <a href=\"https:\/\/ceca.mini.icom.museum\/wp-content\/uploads\/sites\/5\/2022\/09\/n9-FR-22-aout-Ateliers-hors-site-Prague.pdf\" target=\"_blank\" rel=\"noopener\">n\u00b09\u00a0 aout 2022<\/a><br \/>\n<\/strong><\/h5>\n<p><img decoding=\"async\" loading=\"lazy\" class=\"alignnone wp-image-9309\" src=\"https:\/\/ceca.mini.icom.museum\/wp-content\/uploads\/sites\/5\/2022\/09\/Off-site-workshops-Prague-300x80.jpg\" alt=\"\" width=\"300\" height=\"80\" srcset=\"https:\/\/ceca.mini.icom.museum\/wp-content\/uploads\/sites\/5\/2022\/09\/Off-site-workshops-Prague-300x80.jpg 300w, https:\/\/ceca.mini.icom.museum\/wp-content\/uploads\/sites\/5\/2022\/09\/Off-site-workshops-Prague-768x205.jpg 768w, https:\/\/ceca.mini.icom.museum\/wp-content\/uploads\/sites\/5\/2022\/09\/Off-site-workshops-Prague.jpg 857w\" sizes=\"(max-width: 300px) 100vw, 300px\" \/><\/p>\n<hr \/>\n<h5><strong>\u25ba CECA Bulletin de liaison &#8220;Conf\u00e9rence CECA Europe au Danemark\u00a0 &gt; <a href=\"https:\/\/ceca.mini.icom.museum\/wp-content\/uploads\/sites\/5\/2022\/09\/n8-FR-mai-2022-conference-CECA-Europe-Danemark.pdf\" target=\"_blank\" rel=\"noopener\">n\u00b08\u00a0 Mai 2022<\/a><br \/>\n<\/strong><\/h5>\n<p><img decoding=\"async\" loading=\"lazy\" class=\"alignnone wp-image-9303\" src=\"https:\/\/ceca.mini.icom.museum\/wp-content\/uploads\/sites\/5\/2022\/09\/conference-CECA-Europe-Danemark-300x81.jpg\" alt=\"\" width=\"300\" height=\"81\" srcset=\"https:\/\/ceca.mini.icom.museum\/wp-content\/uploads\/sites\/5\/2022\/09\/conference-CECA-Europe-Danemark-300x81.jpg 300w, https:\/\/ceca.mini.icom.museum\/wp-content\/uploads\/sites\/5\/2022\/09\/conference-CECA-Europe-Danemark-768x207.jpg 768w, https:\/\/ceca.mini.icom.museum\/wp-content\/uploads\/sites\/5\/2022\/09\/conference-CECA-Europe-Danemark.jpg 859w\" sizes=\"(max-width: 300px) 100vw, 300px\" \/><\/p>\n<hr \/>\n<h5><strong>\u25ba CECA Bulletin de liaison\u00a0 &#8220;ICOM CG<\/strong> <strong>Prague 2022&#8243; &gt; <a href=\"https:\/\/ceca.mini.icom.museum\/wp-content\/uploads\/sites\/5\/2022\/09\/n7-FR-7-fev-ICOM-general-conference-Prague-2022.pdf\" target=\"_blank\" rel=\"noopener\">n\u00b07\u00a0 fev 2022<\/a><br \/>\n<\/strong><\/h5>\n<h4><strong><img decoding=\"async\" loading=\"lazy\" class=\"alignnone wp-image-9293\" src=\"https:\/\/ceca.mini.icom.museum\/wp-content\/uploads\/sites\/5\/2022\/09\/power-of-museums-300x89.jpg\" alt=\"\" width=\"300\" height=\"89\" srcset=\"https:\/\/ceca.mini.icom.museum\/wp-content\/uploads\/sites\/5\/2022\/09\/power-of-museums-300x89.jpg 300w, https:\/\/ceca.mini.icom.museum\/wp-content\/uploads\/sites\/5\/2022\/09\/power-of-museums.jpg 767w\" sizes=\"(max-width: 300px) 100vw, 300px\" \/><\/strong><\/h4>\n<hr \/>\n<div>\n<h5><strong>\u25ba CECA Bulletin de liaison\u00a0<\/strong> &#8220;<strong>CG 2021&#8243;<\/strong> <strong>&gt;\u00a0 <a href=\"https:\/\/ceca.mini.icom.museum\/wp-content\/uploads\/sites\/5\/2022\/01\/Lettre-information-6-CG-2021.pdf\" target=\"_blank\" rel=\"noopener\">n\u00b06 d\u00e9c 2021<\/a><br \/>\n<\/strong><\/h5>\n<h4><strong><img decoding=\"async\" loading=\"lazy\" class=\"alignnone wp-image-7594\" src=\"https:\/\/ceca.mini.icom.museum\/wp-content\/uploads\/sites\/5\/2022\/01\/Boletin-6-louvain-700px-simple-300x79.jpg\" alt=\"\" width=\"300\" height=\"79\" srcset=\"https:\/\/ceca.mini.icom.museum\/wp-content\/uploads\/sites\/5\/2022\/01\/Boletin-6-louvain-700px-simple-300x79.jpg 300w, https:\/\/ceca.mini.icom.museum\/wp-content\/uploads\/sites\/5\/2022\/01\/Boletin-6-louvain-700px-simple.jpg 700w\" sizes=\"(max-width: 300px) 100vw, 300px\" \/><\/strong><strong><br \/>\n<\/strong><\/h4>\n<hr \/>\n<h5><strong>\u25ba CECA Bulletin de liaison &#8220;Mots cl\u00e9s et concepts&#8221;<\/strong> <strong>&gt; <a href=\"https:\/\/ceca.mini.icom.museum\/wp-content\/uploads\/sites\/5\/2022\/01\/Lettre-information-5-Mots-clefs-et-concepts.pdf\" target=\"_blank\" rel=\"noopener\">n\u00b05 mai 2021<\/a><br \/>\n<\/strong><\/h5>\n<h4><img decoding=\"async\" loading=\"lazy\" class=\"alignnone wp-image-7591\" src=\"https:\/\/ceca.mini.icom.museum\/wp-content\/uploads\/sites\/5\/2022\/01\/info-5-mots-clefs-700px-1.jpg\" alt=\"\" width=\"300\" height=\"69\" srcset=\"https:\/\/ceca.mini.icom.museum\/wp-content\/uploads\/sites\/5\/2022\/01\/info-5-mots-clefs-700px-1.jpg 700w, https:\/\/ceca.mini.icom.museum\/wp-content\/uploads\/sites\/5\/2022\/01\/info-5-mots-clefs-700px-1-300x69.jpg 300w\" sizes=\"(max-width: 300px) 100vw, 300px\" \/><\/h4>\n<hr \/>\n<div>\n<div>\n<div>\n<h5><strong>\u25ba CECA Bulletin de liaison sp\u00e9cial &#8220;<\/strong><strong>Participez \u00e0 la nouvelle d\u00e9finition du mus\u00e9e&#8221; <\/strong><strong>&gt; <a href=\"https:\/\/ceca.mini.icom.museum\/wp-content\/uploads\/sites\/5\/2021\/02\/Lettre-dinformation-special-du-CECA-4.pdf\" target=\"_blank\" rel=\"noopener\">n\u00b04 f\u00e9v 2021<\/a><br \/>\n<\/strong><\/h5>\n<p><img decoding=\"async\" loading=\"lazy\" class=\"alignnone wp-image-7597\" src=\"https:\/\/ceca.mini.icom.museum\/wp-content\/uploads\/sites\/5\/2022\/01\/definition-musee-300x50.jpg\" alt=\"\" width=\"300\" height=\"50\" srcset=\"https:\/\/ceca.mini.icom.museum\/wp-content\/uploads\/sites\/5\/2022\/01\/definition-musee-300x50.jpg 300w, https:\/\/ceca.mini.icom.museum\/wp-content\/uploads\/sites\/5\/2022\/01\/definition-musee.jpg 614w\" sizes=\"(max-width: 300px) 100vw, 300px\" \/><\/p>\n<\/div>\n<\/div>\n<\/div>\n<hr \/>\n<\/div>\n<h5><strong>\u25ba CECA Bulletin de liaison &gt; <a href=\"https:\/\/ceca.mini.icom.museum\/wp-content\/uploads\/sites\/5\/2020\/12\/CECA-BulletinDeLiaison-N\u00b03-FR.pdf\" target=\"_blank\" rel=\"noopener\">n\u00b03 D\u00e9c 2020<\/a><\/strong><\/h5>\n<h4><img decoding=\"async\" loading=\"lazy\" class=\"alignnone wp-image-5937\" src=\"https:\/\/ceca.mini.icom.museum\/wp-content\/uploads\/sites\/5\/2020\/12\/montage-zoom-001-600px.jpg\" alt=\"\" width=\"300\" height=\"86\" srcset=\"https:\/\/ceca.mini.icom.museum\/wp-content\/uploads\/sites\/5\/2020\/12\/montage-zoom-001-600px.jpg 600w, https:\/\/ceca.mini.icom.museum\/wp-content\/uploads\/sites\/5\/2020\/12\/montage-zoom-001-600px-300x86.jpg 300w\" sizes=\"(max-width: 300px) 100vw, 300px\" \/><\/h4>\n<hr \/>\n<div>\n<h5><strong>\u25ba CECA Bulletin de liaison &gt; <a href=\"https:\/\/ceca.mini.icom.museum\/wp-content\/uploads\/sites\/5\/2020\/06\/Fr_CECA_Bulletin-de-liaison-2_2020.pdf\" target=\"_blank\" rel=\"noopener\">n\u00b02 Mai 2020<\/a><\/strong><\/h5>\n<h4><img decoding=\"async\" loading=\"lazy\" class=\"alignnone wp-image-4021 \" src=\"https:\/\/ceca.mini.icom.museum\/wp-content\/uploads\/sites\/5\/2020\/02\/newsletter-04-logo-650bord-300x220.jpg\" alt=\"\" width=\"270\" height=\"198\" srcset=\"https:\/\/ceca.mini.icom.museum\/wp-content\/uploads\/sites\/5\/2020\/02\/newsletter-04-logo-650bord-300x220.jpg 300w, https:\/\/ceca.mini.icom.museum\/wp-content\/uploads\/sites\/5\/2020\/02\/newsletter-04-logo-650bord.jpg 654w\" sizes=\"(max-width: 270px) 100vw, 270px\" \/><\/h4>\n<hr \/>\n<h5><strong>\u25ba CECA Bulletin de liaison &gt;\u00a0 <a href=\"https:\/\/ceca.mini.icom.museum\/wp-content\/uploads\/sites\/5\/2020\/02\/CECA_BulletinDeLiaison-1_2020.pdf\" target=\"_blank\" rel=\"noopener\">n\u00b01 F\u00e9v 2020<\/a><\/strong><\/h5>\n<p>Voici donc le premier bulletin de liaison dont le but est de vous informer des nouvelles du r\u00e9seau des membres du CECA, des \u00e9v\u00e8nements pass\u00e9s ou en cours et de nos perspectives.<\/p>\n<p>Je voudrais saluer d\u2019abord la tr\u00e8s grande qualit\u00e9 des membres du Bureau qui a \u00e9t\u00e9 d\u00e9sign\u00e9 en Septembre dernier, lors de la conf\u00e9rence g\u00e9n\u00e9rale de Kyoto. Nous avons la chance que notre comit\u00e9 international soit pilot\u00e9 par une \u00e9quipe de grande qualit\u00e9 avec laquelle le Pr\u00e9sident que je suis interagit avec rapidit\u00e9 et efficacit\u00e9. Que chacune des femmes inspirantes qui le constituent soit ici chaleureusement remerci\u00e9e. Nous savons combien les fonctions d\u2019\u00e9ducation et d\u2019action culturelle dans un mus\u00e9e ou \u00e0 l\u2019Universit\u00e9 sont prenantes et chronophages. Il est toujours courageux d\u2019y ajouter une responsabilit\u00e9 b\u00e9n\u00e9vole de service \u00e0 la communaut\u00e9.<\/p>\n<p>Marie-Clart\u00e9 O\u2019Neill, Pr\u00e9sidente du CECA<\/p>\n<hr \/>\n<h4><\/h4>\n<\/div>\n<div>\n<p>&nbsp;<\/p>\n<\/div>\n","protected":false},"excerpt":{"rendered":"<p>&nbsp; La lettre CECA Monde &nbsp; \u25ba CECA Bulletin de liaison &#8211; &#8220;Dubai CECA activit\u00e9s&#8221; &gt; n\u00b024 &#8211; Septembre 2025 \u25ba CECA Bulletin de liaison &#8211; &#8220;VOTE ! VOTAR ! VOTEZ !&#8221; &gt; n\u00b023 &#8211; Aout 2025 \u25ba CECA Bulletin de liaison &#8211; &#8220;\u00c9lections du nouveau bureau 2025-2028&#8221; &gt;\u00a0n\u00b022 &#8211; Avril 2025 \u25ba CECA Bulletin [&hellip;]<\/p>\n","protected":false},"author":1,"featured_media":0,"parent":8042,"menu_order":1,"comment_status":"closed","ping_status":"closed","template":"","meta":{"footnotes":""},"yst_prominent_words":[3321,3318],"acf":[],"_links":{"self":[{"href":"https:\/\/ceca.mini.icom.museum\/fr\/wp-json\/wp\/v2\/pages\/826"}],"collection":[{"href":"https:\/\/ceca.mini.icom.museum\/fr\/wp-json\/wp\/v2\/pages"}],"about":[{"href":"https:\/\/ceca.mini.icom.museum\/fr\/wp-json\/wp\/v2\/types\/page"}],"author":[{"embeddable":true,"href":"https:\/\/ceca.mini.icom.museum\/fr\/wp-json\/wp\/v2\/users\/1"}],"replies":[{"embeddable":true,"href":"https:\/\/ceca.mini.icom.museum\/fr\/wp-json\/wp\/v2\/comments?post=826"}],"version-history":[{"count":33,"href":"https:\/\/ceca.mini.icom.museum\/fr\/wp-json\/wp\/v2\/pages\/826\/revisions"}],"predecessor-version":[{"id":13584,"href":"https:\/\/ceca.mini.icom.museum\/fr\/wp-json\/wp\/v2\/pages\/826\/revisions\/13584"}],"up":[{"embeddable":true,"href":"https:\/\/ceca.mini.icom.museum\/fr\/wp-json\/wp\/v2\/pages\/8042"}],"wp:attachment":[{"href":"https:\/\/ceca.mini.icom.museum\/fr\/wp-json\/wp\/v2\/media?parent=826"}],"wp:term":[{"taxonomy":"yst_prominent_words","embeddable":true,"href":"https:\/\/ceca.mini.icom.museum\/fr\/wp-json\/wp\/v2\/yst_prominent_words?post=826"}],"curies":[{"name":"wp","href":"https:\/\/api.w.org\/{rel}","templated":true}]}}