{"id":865,"date":"2018-12-18T15:21:43","date_gmt":"2018-12-18T15:21:43","guid":{"rendered":"http:\/\/ceca.icom.cust.oxymium.net\/prix-bp\/guide-de-lutilisateur\/"},"modified":"2020-03-21T21:52:08","modified_gmt":"2020-03-21T21:52:08","slug":"guide-de-lutilisateur","status":"publish","type":"page","link":"https:\/\/ceca.mini.icom.museum\/fr\/prix-bp\/guide-de-lutilisateur\/","title":{"rendered":"L&#8217;outil Bonnes Pratiques"},"content":{"rendered":"<p><!--TYPO3SEARCH_begin--> <!-- CONTENT ELEMENT, uid:14268\/textpic [begin] --><strong>L&#8217;outil des bonnes pratiques<\/strong> est un outil d&#8217;analyse d&#8217;un projet d&#8217;action \u00e9ducative ou culturelle.<\/p>\n<div>\n<p><!-- Header: [begin] --><\/p>\n<p>Cet outil a \u00e9t\u00e9 d\u00e9velopp\u00e9 en r\u00e9ponse \u00e0 la demande des membres du CECA de partager un outil de pilotage pour les rapprocher d&#8217;un &#8221; projet exemplaire &#8220;. L&#8217;outil a \u00e9t\u00e9 \u00e9labor\u00e9 par Marie-Clart\u00e9 O&#8217;Neill et Colette Dufresne-Tass\u00e9 puis discut\u00e9 successivement aux niveaux europ\u00e9en et mondial lors des conf\u00e9rences annuelles ou aux ateliers r\u00e9gionaux sur ce th\u00e8me.<\/p>\n<p><strong>Les objectifs de cet outil sont triples :<\/strong><\/p>\n<ul>\n<li>Guider et structurer de mani\u00e8re critique le travail des membres et des sympathisants du CECA dans la conception, l&#8217;analyse ou l&#8217;\u00e9valuation de leurs projets \u00e9ducatifs et culturels.<\/li>\n<li>Encourager les institutions et les professionnels \u00e0 monter des projets de mani\u00e8re comparable, soit individuellement, soit \u00e0 travers des groupes nationaux ou internationaux.<\/li>\n<li>Encourager le renouvellement et l&#8217;approfondissement des pr\u00e9sentations du programme aux conf\u00e9rences annuelles.<\/li>\n<\/ul>\n<p>Vous \u00eates invit\u00e9s \u00e0 partager votre expertise et votre exp\u00e9rience en utilisant l&#8217;outil des meilleures pratiques. Cet outil est disponible en <a href=\"http:\/\/ceca.mini.icom.museum\/wp-content\/uploads\/sites\/5\/2020\/01\/FRANCAIS_2019_BP_tool_2016.pdf\" target=\"_blank\" rel=\"noopener\">fran\u00e7ais<\/a>, et ci-dessous dans ces langues :<\/p>\n<p class=\"bodytext\"><b class=\"edito\">Traductions du document dans d&#8217;autres langues :<br \/>\n<\/b><\/p>\n<p class=\"bodytext\"><span class=\"edito\"><a href=\"http:\/\/ceca.mini.icom.museum\/wp-content\/uploads\/sites\/5\/2020\/01\/GERMAN_BP_tool.pdf\" target=\"_blank\" rel=\"noopener\">Allemand<\/a>\u00a0\/ <a href=\"http:\/\/ceca.mini.icom.museum\/wp-content\/uploads\/sites\/5\/2020\/01\/ENGLISH_2019_BP_tool_2016.pdf\" target=\"_blank\" rel=\"noopener\">Anglais<\/a> \/ <a href=\"http:\/\/ceca.mini.icom.museum\/wp-content\/uploads\/sites\/5\/2020\/01\/ESPAGNOL_2019_BP_tool_2016.pdf\" target=\"_blank\" rel=\"noopener\">Espagnol<\/a> \/ <a href=\"http:\/\/ceca.mini.icom.museum\/wp-content\/uploads\/sites\/5\/2020\/01\/FRANCAIS_2019_BP_tool_2016.pdf\" target=\"_blank\" rel=\"noopener\">Fran\u00e7ais<\/a> \/ <a href=\"http:\/\/ceca.mini.icom.museum\/wp-content\/uploads\/sites\/5\/2020\/03\/2015_Armenian_Best_practice_arm_translation.pdf\" target=\"_blank\" rel=\"noopener\">\u0540\u0561\u0575\u0565\u0580\u0565\u0576<\/a> \/<a href=\"http:\/\/ceca.mini.icom.museum\/wp-content\/uploads\/sites\/5\/2020\/01\/PORTUGES_BP_tool.pdf\" target=\"_blank\" rel=\"noopener\">Portugais<\/a> \/ <a href=\"http:\/\/ceca.mini.icom.museum\/wp-content\/uploads\/sites\/5\/2020\/01\/RUSSIAN_BP_tool.pdf\" target=\"_blank\" rel=\"noopener\">\u0420\u0443\u0441\u0441\u043a\u0438\u0439<\/a> \/\u00a0 <a href=\"http:\/\/ceca.mini.icom.museum\/wp-content\/uploads\/sites\/5\/2020\/01\/CHINESE_BP_tool.pdf\" target=\"_blank\" rel=\"noopener\">\u4e2d\u6587<\/a> \/<\/span><\/p>\n<p><!-- END: Content of extension \"hpo_relatedlink\", plugin \"tx_hporelatedlink_pi1\" --><\/p>\n<\/div>\n<p><!-- CONTENT ELEMENT, uid:14268\/textpic [end] --> <!--TYPO3SEARCH_end--><\/p>\n","protected":false},"excerpt":{"rendered":"<p>L&#8217;outil des bonnes pratiques est un outil d&#8217;analyse d&#8217;un projet d&#8217;action \u00e9ducative ou culturelle. Cet outil a \u00e9t\u00e9 d\u00e9velopp\u00e9 en r\u00e9ponse \u00e0 la demande des membres du CECA de partager un outil de pilotage pour les rapprocher d&#8217;un &#8221; projet exemplaire &#8220;. L&#8217;outil a \u00e9t\u00e9 \u00e9labor\u00e9 par Marie-Clart\u00e9 O&#8217;Neill et Colette Dufresne-Tass\u00e9 puis discut\u00e9 successivement [&hellip;]<\/p>\n","protected":false},"author":1,"featured_media":0,"parent":142,"menu_order":1,"comment_status":"closed","ping_status":"closed","template":"","meta":{"footnotes":""},"yst_prominent_words":[1505,1838,1504,1497,1501,1500,1470,277,1037,614,707,389,487,1835,286,308,1503,1498,711,1080,1502,1499],"acf":[],"_links":{"self":[{"href":"https:\/\/ceca.mini.icom.museum\/fr\/wp-json\/wp\/v2\/pages\/865"}],"collection":[{"href":"https:\/\/ceca.mini.icom.museum\/fr\/wp-json\/wp\/v2\/pages"}],"about":[{"href":"https:\/\/ceca.mini.icom.museum\/fr\/wp-json\/wp\/v2\/types\/page"}],"author":[{"embeddable":true,"href":"https:\/\/ceca.mini.icom.museum\/fr\/wp-json\/wp\/v2\/users\/1"}],"replies":[{"embeddable":true,"href":"https:\/\/ceca.mini.icom.museum\/fr\/wp-json\/wp\/v2\/comments?post=865"}],"version-history":[{"count":7,"href":"https:\/\/ceca.mini.icom.museum\/fr\/wp-json\/wp\/v2\/pages\/865\/revisions"}],"predecessor-version":[{"id":4537,"href":"https:\/\/ceca.mini.icom.museum\/fr\/wp-json\/wp\/v2\/pages\/865\/revisions\/4537"}],"up":[{"embeddable":true,"href":"https:\/\/ceca.mini.icom.museum\/fr\/wp-json\/wp\/v2\/pages\/142"}],"wp:attachment":[{"href":"https:\/\/ceca.mini.icom.museum\/fr\/wp-json\/wp\/v2\/media?parent=865"}],"wp:term":[{"taxonomy":"yst_prominent_words","embeddable":true,"href":"https:\/\/ceca.mini.icom.museum\/fr\/wp-json\/wp\/v2\/yst_prominent_words?post=865"}],"curies":[{"name":"wp","href":"https:\/\/api.w.org\/{rel}","templated":true}]}}