{"id":985,"date":"2018-12-18T15:22:04","date_gmt":"2018-12-18T15:22:04","guid":{"rendered":"http:\/\/ceca.icom.cust.oxymium.net\/prix-bp\/prix\/"},"modified":"2026-02-22T18:41:51","modified_gmt":"2026-02-22T18:41:51","slug":"prix","status":"publish","type":"page","link":"https:\/\/ceca.mini.icom.museum\/fr\/prix-bp\/prix\/","title":{"rendered":"Prix Best Practice"},"content":{"rendered":"<h2>Pr\u00e9sentation g\u00e9n\u00e9rale<\/h2>\n<p>Ce prix a \u00e9t\u00e9 initialement organis\u00e9 pour les raisons suivantes :<\/p>\n<ul>\n<li>\u00c9tablir un langage commun entre les membres du CECA dans le monde entier, afin de faciliter le partage de leurs exp\u00e9riences.<\/li>\n<li>Promouvoir la comparaison des programmes organis\u00e9s \u00e0 travers le monde, afin que les membres du CECA puissent int\u00e9grer plus facilement des id\u00e9es ext\u00e9rieures dans leur propre travail.<\/li>\n<li>Diffuser les programmes pr\u00e9sent\u00e9s par les membres du CECA au sein de la communaut\u00e9 mus\u00e9ale, de mani\u00e8re \u00e0 inspirer l\u2019ensemble des professionnels du secteur.<\/li>\n<\/ul>\n<p>En 2026, le meilleur projet ou programme recevra ce prix sur la base des crit\u00e8res pr\u00e9sent\u00e9s ci-dessous.<br \/>\nLe laur\u00e9at se verra offrir la possibilit\u00e9 de participer \u00e0 la Conf\u00e9rence annuelle du CECA 2026 \u00e0 Jakarta (novembre 2026).<br \/>\nLes frais d\u2019inscription ainsi qu\u2019une contribution de 500 euros pour l\u2019h\u00e9bergement seront pris en charge par le CECA<br \/>\n(les frais de transport ne sont pas couverts).<\/p>\n<h2>Crit\u00e8res d\u2019\u00e9valuation<\/h2>\n<p><strong>Conception et planification du programme (maximum 60 points)<\/strong><\/p>\n<ul>\n<li>Objectifs (maximum 10)<\/li>\n<li>Crit\u00e8res de pertinence (maximum 20)<\/li>\n<li>Ressources (maximum 5)<\/li>\n<li>Collaborations (maximum 5)<\/li>\n<li>Mat\u00e9riels (maximum 10)<\/li>\n<li>M\u00e9thodes de m\u00e9diation (maximum 10)<\/li>\n<\/ul>\n<p><strong>Mise en \u0153uvre du programme (maximum 20 points)<\/strong><\/p>\n<ul>\n<li>Pr\u00e9paration (maximum 10)<\/li>\n<li>Mise en \u0153uvre (maximum 10)<\/li>\n<\/ul>\n<p><strong>\u00c9tudes, \u00e9valuation et rem\u00e9diation du programme (maximum 20 points)<\/strong><\/p>\n<ul>\n<li>\u00c9tudes d\u2019accompagnement (maximum 5)<\/li>\n<li>\u00c9tudes d\u2019\u00e9valuation des r\u00e9sultats (maximum 10)<\/li>\n<li>Perspectives de rem\u00e9diation (maximum 5)<\/li>\n<\/ul>\n<h2>Guide de participation au prix<\/h2>\n<p>Le prix est destin\u00e9 exclusivement aux membres du CECA (les membres du Conseil d\u2019administration sont exclus).<br \/>\nAfin de confirmer leur adh\u00e9sion au CECA, \u00e0 titre individuel ou par l\u2019interm\u00e9diaire de leur institution,<br \/>\nchaque candidat doit joindre \u00e0 sa candidature :<\/p>\n<ul>\n<li>Une photocopie num\u00e9rique de la carte ICOM avec la vignette 2026<\/li>\n<li>Le re\u00e7u num\u00e9ris\u00e9 du paiement effectu\u00e9<\/li>\n<\/ul>\n<p>Pour participer, les membres doivent remplir un formulaire de candidature conform\u00e9ment aux proc\u00e9dures \u00e9tablies.<br \/>\nLe formulaire doit \u00eatre compl\u00e9t\u00e9 \u00e9lectroniquement et envoy\u00e9 exclusivement \u00e0<br \/>\n<strong>Tejshvi Jain<\/strong>, responsable du Best Practice Award, \u00e0<br \/>\n<strong>cecabpawards(at)gmail.com<\/strong> au plus tard le <strong>4 mai 2026<\/strong>.<\/p>\n<p>Les candidatures envoy\u00e9es hors d\u00e9lai ou ne respectant pas les crit\u00e8res ci-dessus ne seront pas accept\u00e9es.<\/p>\n<p>Un jury international \u00e9valuera les projets soumis.<br \/>\nTous les projets feront l\u2019objet d\u2019une double \u00e9valuation.<\/p>\n<p>Le tableau suivant pr\u00e9sente l\u2019ensemble du calendrier.<\/p>\n<p>Merci de l\u2019attention port\u00e9e \u00e0 ce message et bonne chance !<\/p>\n<p><strong>\u25ba <a href=\"https:\/\/ceca.mini.icom.museum\/wp-content\/uploads\/sites\/5\/2026\/02\/FRA-_Guidelines_BP-2026-.pdf\">Modalit\u00e9 du Prix Best Practice 2026 \u2013 PDF<\/a><\/strong><br \/>\n<strong>\u25ba <a href=\"https:\/\/ceca.mini.icom.museum\/wp-content\/uploads\/sites\/5\/2026\/02\/FRA-Formulaire-candidatures-2026.pdf\">Formulaire de candidatures 2026 \u2013 PDF<\/a><\/strong><br \/>\n<strong>\u25ba <a href=\"https:\/\/ceca.mini.icom.museum\/wp-content\/uploads\/sites\/5\/2026\/02\/FRA-Formulaire-candidatures-2026.docx\">Formulaire de candidature 2026 \u2013 Word<\/a><\/strong><\/p>\n","protected":false},"excerpt":{"rendered":"<p>Pr\u00e9sentation g\u00e9n\u00e9rale Ce prix a \u00e9t\u00e9 initialement organis\u00e9 pour les raisons suivantes : \u00c9tablir un langage commun entre les membres du CECA dans le monde entier, afin de faciliter le partage de leurs exp\u00e9riences. Promouvoir la comparaison des programmes organis\u00e9s \u00e0 travers le monde, afin que les membres du CECA puissent int\u00e9grer plus facilement des [&hellip;]<\/p>\n","protected":false},"author":1,"featured_media":0,"parent":142,"menu_order":2,"comment_status":"closed","ping_status":"closed","template":"","meta":{"footnotes":""},"yst_prominent_words":[487,1513,1515,1119,1553,493],"acf":[],"_links":{"self":[{"href":"https:\/\/ceca.mini.icom.museum\/fr\/wp-json\/wp\/v2\/pages\/985"}],"collection":[{"href":"https:\/\/ceca.mini.icom.museum\/fr\/wp-json\/wp\/v2\/pages"}],"about":[{"href":"https:\/\/ceca.mini.icom.museum\/fr\/wp-json\/wp\/v2\/types\/page"}],"author":[{"embeddable":true,"href":"https:\/\/ceca.mini.icom.museum\/fr\/wp-json\/wp\/v2\/users\/1"}],"replies":[{"embeddable":true,"href":"https:\/\/ceca.mini.icom.museum\/fr\/wp-json\/wp\/v2\/comments?post=985"}],"version-history":[{"count":57,"href":"https:\/\/ceca.mini.icom.museum\/fr\/wp-json\/wp\/v2\/pages\/985\/revisions"}],"predecessor-version":[{"id":14532,"href":"https:\/\/ceca.mini.icom.museum\/fr\/wp-json\/wp\/v2\/pages\/985\/revisions\/14532"}],"up":[{"embeddable":true,"href":"https:\/\/ceca.mini.icom.museum\/fr\/wp-json\/wp\/v2\/pages\/142"}],"wp:attachment":[{"href":"https:\/\/ceca.mini.icom.museum\/fr\/wp-json\/wp\/v2\/media?parent=985"}],"wp:term":[{"taxonomy":"yst_prominent_words","embeddable":true,"href":"https:\/\/ceca.mini.icom.museum\/fr\/wp-json\/wp\/v2\/yst_prominent_words?post=985"}],"curies":[{"name":"wp","href":"https:\/\/api.w.org\/{rel}","templated":true}]}}