{"id":991,"date":"2018-12-18T15:22:10","date_gmt":"2018-12-18T15:22:10","guid":{"rendered":"http:\/\/ceca.icom.cust.oxymium.net\/prix-recherche\/facon-de-proceder\/"},"modified":"2020-12-13T17:03:07","modified_gmt":"2020-12-13T17:03:07","slug":"facon-de-proceder","status":"publish","type":"page","link":"https:\/\/ceca.mini.icom.museum\/fr\/prix-recherche\/facon-de-proceder\/","title":{"rendered":"Le CECA et la Recherche"},"content":{"rendered":"<div>\n<p><!--TYPO3SEARCH_begin--> <!-- CONTENT ELEMENT, uid:16969\/textpic [begin] --><\/p>\n<div>\n<p><!-- Image block: [begin] --><\/p>\n<div>\n<p><!-- Text: [begin] --><\/p>\n<p><strong>Le CECA attache une importance particuli\u00e8re \u00e0 la recherche en \u00e9ducation et en action culturelle.<\/strong> Il tente de\u00a0la favoriser par\u00a0:<\/p>\n<ul>\n<li>Le soutien d\u2019un r\u00e9seau international de chercheurs qui comporte maintenant plus de 100 membres. Pour y acc\u00e9der, il suffit d&#8217;en exprimer le d\u00e9sir ;<\/li>\n<li>La distribution d\u2019un prix, le Prix Colette Dufresne-Tass\u00e9 pour la recherche en \u00e9ducation et en action culturelle ;<\/li>\n<li>La pr\u00e9sentation orale de rapports (r\u00e9sultats) de recherche lors de la Conf\u00e9rence internationale annuelle ;<\/li>\n<li>La publication \u00e9lectronique de rapports de recherche pr\u00e9sent\u00e9s oralement, s&#8217;ils sont revus et d\u00e9taill\u00e9s de fa\u00e7on \u00e0 satisfaire aux exigences d\u2019un article scientifique ;<\/li>\n<li>L&#8217;offre d&#8217;ateliers d&#8217;aide \u00e0 la conception ou \u00e0 l&#8217;am\u00e9lioration d&#8217;un projet.<\/li>\n<\/ul>\n<\/div>\n<p><!-- END: Content of extension \"hpo_relatedlink\", plugin \"tx_hporelatedlink_pi1\" --><\/p>\n<\/div>\n<p><!-- CONTENT ELEMENT, uid:16969\/textpic [end] --> <!--TYPO3SEARCH_end--><\/p>\n<\/div>\n","protected":false},"excerpt":{"rendered":"<p>Le CECA attache une importance particuli\u00e8re \u00e0 la recherche en \u00e9ducation et en action culturelle. Il tente de\u00a0la favoriser par\u00a0: Le soutien d\u2019un r\u00e9seau international de chercheurs qui comporte maintenant plus de 100 membres. Pour y acc\u00e9der, il suffit d&#8217;en exprimer le d\u00e9sir ; La distribution d\u2019un prix, le Prix Colette Dufresne-Tass\u00e9 pour la recherche [&hellip;]<\/p>\n","protected":false},"author":1,"featured_media":0,"parent":145,"menu_order":1,"comment_status":"closed","ping_status":"closed","template":"","meta":{"footnotes":""},"yst_prominent_words":[622,277,1738,1607,1601,1595,1609,1598,1606,1600,1594,1608,1602,1730,629,1604,1596,1592,1597,1605,1599,1593,1830],"acf":[],"_links":{"self":[{"href":"https:\/\/ceca.mini.icom.museum\/fr\/wp-json\/wp\/v2\/pages\/991"}],"collection":[{"href":"https:\/\/ceca.mini.icom.museum\/fr\/wp-json\/wp\/v2\/pages"}],"about":[{"href":"https:\/\/ceca.mini.icom.museum\/fr\/wp-json\/wp\/v2\/types\/page"}],"author":[{"embeddable":true,"href":"https:\/\/ceca.mini.icom.museum\/fr\/wp-json\/wp\/v2\/users\/1"}],"replies":[{"embeddable":true,"href":"https:\/\/ceca.mini.icom.museum\/fr\/wp-json\/wp\/v2\/comments?post=991"}],"version-history":[{"count":6,"href":"https:\/\/ceca.mini.icom.museum\/fr\/wp-json\/wp\/v2\/pages\/991\/revisions"}],"predecessor-version":[{"id":5991,"href":"https:\/\/ceca.mini.icom.museum\/fr\/wp-json\/wp\/v2\/pages\/991\/revisions\/5991"}],"up":[{"embeddable":true,"href":"https:\/\/ceca.mini.icom.museum\/fr\/wp-json\/wp\/v2\/pages\/145"}],"wp:attachment":[{"href":"https:\/\/ceca.mini.icom.museum\/fr\/wp-json\/wp\/v2\/media?parent=991"}],"wp:term":[{"taxonomy":"yst_prominent_words","embeddable":true,"href":"https:\/\/ceca.mini.icom.museum\/fr\/wp-json\/wp\/v2\/yst_prominent_words?post=991"}],"curies":[{"name":"wp","href":"https:\/\/api.w.org\/{rel}","templated":true}]}}